{"id":1445,"date":"2017-04-10T10:44:31","date_gmt":"2017-04-10T10:44:31","guid":{"rendered":"http:\/\/saunatrip.ee\/veeb\/koer\/?page_id=1445"},"modified":"2023-06-16T05:44:04","modified_gmt":"2023-06-16T05:44:04","slug":"ostutingimused","status":"publish","type":"page","link":"https:\/\/nina-ottosson.ee\/et\/ostutingimused\/","title":{"rendered":"Ostutingimused"},"content":{"rendered":"<p><strong><u>Ostutingimused<\/u><\/strong><\/p>\n<p><strong>M\u00e4nguasja ostmine<\/strong><\/p>\n<p>T\u00e4name, et olete otsustanud osta Nina Ottossoni arendavaid m\u00e4nguasju ning muid tooteid meie e-poest.<br \/>\nTellimine on v\u00e4ga lihtne, valige endale sobiv toode ja kogus ning lisage Ostukorvi.<br \/>\nT\u00e4itke Ostukorvis kohustuslikud v\u00e4ljad ja vajutage nuppu Mine maksma. Valige endale sobiv maksmisviis ning k\u00e4ttetoimetamise kanal.<\/p>\n<p><strong>Isikuandmete kasutamine<\/strong><br \/>\nIsikuandmetest k\u00fcsime ainult vajalikke andmeid tellitud paki kohaletoimetamiseks: Nimi, telefoninumber, meiliaadress, kulleriga saatmisel ka postiaadress.\u00a0Veebipood edastab isikuandmeid veoteenust pakkuvale ettev\u00f5tetele selleks, et kohale toimetada kaupa. Veebipood ei \u00a0kasuta meiliaadressi ostjale uudiskirjade ning pakkumiste saatmiseks e-maili aadressile.<\/p>\n<p><strong>Tasumine<\/strong><\/p>\n<p>Tellimuse kinnitamisel saate valida:<\/p>\n<ol>\n<li>Kas tasute tavalise panga\u00fclekandega, saate arve enda meiliaadressile ning tasute tavap\u00e4rase panga\u00fclekandega.<\/li>\n<li>Tasumine l\u00e4bi Maksekeskuse pangalingi. Teie poolt internetis tehtavate tehingute turvalisuse tagamine on meile oluline. K\u00f5ik meie e-poes teostatavad pangalinkide maksed teostatakse l\u00e4bi meie partneri Maksekeskus, mis pakub kiiret ja usaldusv\u00e4\u00e4rset makselahendust. Maksekeskuse turvalisuse tagavad turvasertifikaadid ning riist- ja tarkvaralahendused.<span style=\"color: #000000;\"><span style=\"font-family: Arial, sans-serif;\"><span style=\"font-size: medium;\">\u00a0<\/span><\/span><\/span><\/li>\n<li>Kui tulete ise kaubale j\u00e4rgi meie lattu, saate tasuda ka kohapeal kas kaardiga v\u00f5i sularahas.<\/li>\n<\/ol>\n<p>K\u00f5ik hinnad ja arveldamine toimub eurodes.<\/p>\n<p><strong>Kauba tarneaeg ja v\u00f5imalused<\/strong><\/p>\n<p>Ostetud kauba postitame Teile \u00fcldjuhul samal p\u00e4eval peale makse laekumist. Maksimum postituse aeg 3 t\u00f6\u00f6p\u00e4eva.<br \/>\nJuhul kui tellitud kaup puudub meie laos, siis teavitame Teid tarneajast v\u00f5i soovitame asendustoodet.<\/p>\n<p>V\u00f5imalus tulla tootele ise j\u00e4rgi eelneval kokkuleppel Kadaka tee 2, Tallinn<\/p>\n<p><strong>Kauba tagastamine<\/strong><\/p>\n<p>Kui Teieni j\u00f5udnud kaup on praak ja soovite seda meile tagastada, siis teavitage sellest mitte hiljem kui 14 p\u00e4eva p\u00e4rast kauba k\u00e4tte saamisest. Saatke tagastamissoov e-maili peale koos toote ning tagastamisp\u00f5hjuse kirjeldusega.<br \/>\nTagastada saab vaid kaupa, mida ei ole kasutatud!<\/p>\n<p>Tehingust taganemisel tagastame kliendile tema poolt tasutud summad, sh toote kliendile toimetamise tasu, kandes tagastatava summa Kliendi pangakontole viivitamata, kuid mitte hiljem kui 14 p\u00e4eva m\u00f6\u00f6dumisel arvates taganemisavalduse saamisest ja tagastatud toote j\u00f5udmisest ettev\u00f5tjani.<br \/>\nKauba tagastamise kulud tasub Tellija.<br \/>\nMeeldivat ja turvalist ostlemist,<\/p>\n<p>T\u00e4htede Poole O\u00dc<\/p>\n<p>Vaata ka juhiseid kuidas sorteerida pakendeid. M\u00e4ngu \u00fcmber olev papist pakendil on kirjas m\u00e4ngu juhised ning saate s\u00e4ilitada nii m\u00e4ngu hoiustamiseks kui info \u00fcle vaatamiseks. Aga kui soovite pakendi \u00e4ra anda v\u00f5i pakend sisaldab kilet vaata l\u00e4hemalt sorteerimisjuhendeid ja pakendikonteinerite asukohta kuhuviia.ee lehelt<\/p>\n<h3><a href=\"https:\/\/nina-ottosson.ee\/wp-content\/uploads\/2023\/06\/TVO_Kauplustele-info_A4_20233mm_bleed.pdf\">Pakendiinfo<\/a><\/h3>\n<p><\/p>","protected":false},"excerpt":{"rendered":"<p> [&hellip;]<\/p>\n","protected":false},"author":2,"featured_media":0,"parent":0,"menu_order":0,"comment_status":"closed","ping_status":"closed","template":"","meta":{"footnotes":""},"class_list":["post-1445","page","type-page","status-publish","hentry"],"_links":{"self":[{"href":"https:\/\/nina-ottosson.ee\/et\/wp-json\/wp\/v2\/pages\/1445","targetHints":{"allow":["GET"]}}],"collection":[{"href":"https:\/\/nina-ottosson.ee\/et\/wp-json\/wp\/v2\/pages"}],"about":[{"href":"https:\/\/nina-ottosson.ee\/et\/wp-json\/wp\/v2\/types\/page"}],"author":[{"embeddable":true,"href":"https:\/\/nina-ottosson.ee\/et\/wp-json\/wp\/v2\/users\/2"}],"replies":[{"embeddable":true,"href":"https:\/\/nina-ottosson.ee\/et\/wp-json\/wp\/v2\/comments?post=1445"}],"version-history":[{"count":22,"href":"https:\/\/nina-ottosson.ee\/et\/wp-json\/wp\/v2\/pages\/1445\/revisions"}],"predecessor-version":[{"id":3724,"href":"https:\/\/nina-ottosson.ee\/et\/wp-json\/wp\/v2\/pages\/1445\/revisions\/3724"}],"wp:attachment":[{"href":"https:\/\/nina-ottosson.ee\/et\/wp-json\/wp\/v2\/media?parent=1445"}],"curies":[{"name":"wp","href":"https:\/\/api.w.org\/{rel}","templated":true}]}}