{"id":2620,"date":"2019-08-22T07:10:20","date_gmt":"2019-08-22T07:10:20","guid":{"rendered":"https:\/\/nina-ottosson.ee\/?page_id=2620"},"modified":"2019-08-22T08:53:10","modified_gmt":"2019-08-22T08:53:10","slug":"privaatsuspoliitika","status":"publish","type":"page","link":"https:\/\/nina-ottosson.ee\/et\/privaatsuspoliitika\/","title":{"rendered":"Privaatsuspoliitika"},"content":{"rendered":"<p><b>ISIKUANDMETE T\u00d6\u00d6TLEMINE<\/b><\/p>\n<p>Veebipoe nina-ottosson.ee isikuandmete vastutav t\u00f6\u00f6tleja on T\u00e4htede Poole O\u00dc (registrikood 12687829) asukohaga Kadaka tee 2, Tallinn, telefon 5292012, e-kiri info@nina-ottosson.ee<\/p>\n<p><b>Milliseid isikuandmeid t\u00f6\u00f6deldakse<\/b><\/p>\n<p>\u2212 nimi, telefoninumber ja e-posti aadress;<\/p>\n<p>\u2212 kauba kohaletoimetamise aadress vajadusel;<\/p>\n<p>\u2212 pangakonto number;<\/p>\n<p>\u2212 kaupade ja teenuste maksumus ja maksetega seotud andmed (ostuajalugu);<\/p>\n<p><b>Mis eesm\u00e4rgil isikuandmeid t\u00f6\u00f6deldakse <\/b><\/p>\n<p>Isikuandmeid kasutatakse kliendi tellimuste haldamiseks ja kauba kohaletoimetamiseks.<\/p>\n<p>Ostuajaloo andmeid (ostu kuup\u00e4ev, kaup, kogus) kasutatakse ostetud kaupade ja<\/p>\n<p>teenuste \u00fclevaate koostamiseks ning anal\u00fc\u00fcsimiseks.<\/p>\n<p>Pangakonto numbrit kasutatakse kliendile maksete tagastamiseks.<\/p>\n<p>Isikuandmeid nagu e-post, telefoni nr, kliendi nimi, t\u00f6\u00f6deldakse selleks, et lahendada kaupade ja<\/p>\n<p>teenuste osutamise seonduvaid k\u00fcsimusi (klienditugi).<\/p>\n<p><b>\u00d5iguslik alus<\/b><\/p>\n<p>Isikuandmete t\u00f6\u00f6tlemine toimub kliendiga s\u00f5lmitud lepingu t\u00e4itmise eesm\u00e4rgil.<\/p>\n<p>Isikuandmete t\u00f6\u00f6tlemine toimub juriidilise kohustuse t\u00e4itmiseks (nt raamatupidamine ja<\/p>\n<p>tarbijavaidluste lahendamine).<\/p>\n<p><b>Vastuv\u00f5tjad, kellele isikuandmed edastatakse<\/b><\/p>\n<p>T\u00e4htede Poole O\u00dc on isikuandmete vastutav t\u00f6\u00f6tleja.<\/p>\n<p>Nimi, telefoninumber ja e-posti aadress edastatakse kliendi poolt valitud <strong>transporditeenuse<\/strong><\/p>\n<p>pakkujale. Kui tegemist on kulleriga kohale toimetatava kaubaga, siis edastatakse lisaks<\/p>\n<p>kontaktandmetele ka kliendi aadress.\u00a0<strong>Maksete teostamiseks<\/strong> vajalikud isikuandmed edastatakse<\/p>\n<p>volitatud t\u00f6\u00f6tleja Maksekeskus AS-le.<\/p>\n<p><b>Turvalisus ja andmetele ligip\u00e4\u00e4s<\/b><\/p>\n<p>Juurdep\u00e4\u00e4s isikuandmetele on veebipoe t\u00f6\u00f6tajatel, kes saavad isikuandmetega tutvuda selleks, et<\/p>\n<p>lahendada veebipoe kasutamisega seonduvaid tehnilisi k\u00fcsimusi ning osutada klienditoe teenust.<\/p>\n<p>Veebipood rakendab asjakohaseid f\u00fc\u00fcsilisi, organisatsioonilisi ja infotehnilisi turvameetmeid, et<\/p>\n<p>kaitsta isikuandmeid juhusliku v\u00f5i ebaseadusliku h\u00e4vitamise, kaotsimineku, muutmise v\u00f5i loata<\/p>\n<p>juurdep\u00e4\u00e4su ja avalikustamise eest.<\/p>\n<p>Isikuandmete edastamine veebipoe volitatud t\u00f6\u00f6tlejatele (nt transporditeenuse pakkuja ja<\/p>\n<p>andmemajutus) toimub veebipoe ja volitatud t\u00f6\u00f6tlejatega s\u00f5lmitud lepingute alusel. Volitatud<\/p>\n<p>t\u00f6\u00f6tlejaid on kohustatud tagama isikuandmete t\u00f6\u00f6tlemisel asjakohased kaitsemeetmed.<\/p>\n<p><b>Isikuandmete s\u00e4ilitamine<\/b><\/p>\n<p>K\u00f5ik ostud sooritatakse kasutajakontota ning kasutajaprofiili ning kliendikontot veebipoes kasutusel ei ole. S\u00e4ilitatakse ainult sellised andmed mida on vaja s\u00e4ilitada raamatupidamise jaoks (seitse aastat).<\/p>\n<p>Maksetega ja tarbijavaidlustega seotud vaidluste korral s\u00e4ilitatakse isikuandmed kuni n\u00f5ude<\/p>\n<p>t\u00e4itmiseni v\u00f5i aegumist\u00e4htaja l\u00f5puni.<\/p>\n<p><b>Kustutamine<\/b><\/p>\n<p>Isikuandmete kustutamiseks tuleb v\u00f5tta \u00fchendust klienditoega e-posti teel. Kustutamistaotlusele<\/p>\n<p>vastatakse mitte hiljem kui kolme n\u00e4dala jooksul ning t\u00e4psustakse andmete kustutamise perioodi.<\/p>\n<p><b>Otseturustusteated <\/b><\/p>\n<p>e-poe klientidele otseturundusteateid ei saadeta ning andmeid ei t\u00f6\u00f6delda profileerimise eesm\u00e4rgil ning selleks andmeid ei koguta.<\/p>\n<p><b>Vaidluste lahendamine<\/b><\/p>\n<p>Isikuandmete t\u00f6\u00f6tlemisega seotud vaidluste lahendamine toimub klienditoe vahendusel<\/p>\n<p>(<a href=\"mailto:info@nina-ottosson.ee\">info@nina-ottosson.ee<\/a>, tel 5292012). J\u00e4relevalveasutus on Eesti Andmekaitse Inspektsioon (info@aki.ee).<\/p>","protected":false},"excerpt":{"rendered":"<p> [&hellip;]<\/p>\n","protected":false},"author":2,"featured_media":0,"parent":0,"menu_order":0,"comment_status":"closed","ping_status":"closed","template":"","meta":{"footnotes":""},"class_list":["post-2620","page","type-page","status-publish","hentry"],"_links":{"self":[{"href":"https:\/\/nina-ottosson.ee\/et\/wp-json\/wp\/v2\/pages\/2620","targetHints":{"allow":["GET"]}}],"collection":[{"href":"https:\/\/nina-ottosson.ee\/et\/wp-json\/wp\/v2\/pages"}],"about":[{"href":"https:\/\/nina-ottosson.ee\/et\/wp-json\/wp\/v2\/types\/page"}],"author":[{"embeddable":true,"href":"https:\/\/nina-ottosson.ee\/et\/wp-json\/wp\/v2\/users\/2"}],"replies":[{"embeddable":true,"href":"https:\/\/nina-ottosson.ee\/et\/wp-json\/wp\/v2\/comments?post=2620"}],"version-history":[{"count":3,"href":"https:\/\/nina-ottosson.ee\/et\/wp-json\/wp\/v2\/pages\/2620\/revisions"}],"predecessor-version":[{"id":2639,"href":"https:\/\/nina-ottosson.ee\/et\/wp-json\/wp\/v2\/pages\/2620\/revisions\/2639"}],"wp:attachment":[{"href":"https:\/\/nina-ottosson.ee\/et\/wp-json\/wp\/v2\/media?parent=2620"}],"curies":[{"name":"wp","href":"https:\/\/api.w.org\/{rel}","templated":true}]}}