{"id":29,"date":"2017-03-08T20:41:42","date_gmt":"2017-03-08T20:41:42","guid":{"rendered":"http:\/\/saunatrip.ee\/veeb\/koer\/?page_id=29"},"modified":"2025-02-10T09:29:34","modified_gmt":"2025-02-10T09:29:34","slug":"avaleht","status":"publish","type":"page","link":"https:\/\/nina-ottosson.ee\/et\/","title":{"rendered":"Avaleht"},"content":{"rendered":"<p>[vc_row][vc_column][vc_custom_heading text=&#8221;Millega me tegeleme?&#8221; font_container=&#8221;tag:h2|text_align:left|color:%2366d617&#8243; google_fonts=&#8221;font_family:Hind%3A300%2Cregular%2C500%2C600%2C700|font_style:500%20bold%20regular%3A500%3Anormal&#8221;][vc_separator color=&#8221;custom&#8221; border_width=&#8221;2&#8243; accent_color=&#8221;#66d617&#8243;][\/vc_column][\/vc_row][vc_row][vc_column width=&#8221;1\/2&#8243;][vc_column_text css_animation=&#8221;fadeIn&#8221;]<span style=\"font-family: Arial, sans-serif;\"><span style=\"font-size: medium;\">Meie eesm\u00e4rk on tutvustada ja pakkuda lemmikloomade arendavaid m\u00e4nguasju Eestis. Nina Ottosson&#8217;i tooted j\u00f5udsid Eestisse 2009 aastal l\u00e4bi isikliku vajaduse, et treenida energilist Jack Russel terjerit. Koost\u00f6\u00f6s Nina Ottossoniga said m\u00e4ngud k\u00e4ttesaadavamaks k\u00f5igile Eesti koerte omanikele ja treeneritele. Nina Ottosson on lemmikloomade arendavate m\u00e4ngude idee autor ning valmistas esimesed m\u00e4ngud ka suuremale ringile aastal 1993. T\u00e4naseks on arendavate m\u00e4nguasjade idee ning praktika v\u00e4ga populaarne ning laialt kasutatav.\u00a0<\/span><\/span>[\/vc_column_text][\/vc_column][vc_column width=&#8221;1\/2&#8243;][vc_single_image image=&#8221;2197&#8243; img_size=&#8221;large&#8221; css_animation=&#8221;bounceInRight&#8221;][\/vc_column][\/vc_row][vc_row][vc_column width=&#8221;1\/2&#8243;][vc_single_image image=&#8221;2873&#8243; img_size=&#8221;large&#8221; css_animation=&#8221;bounceInLeft&#8221;][\/vc_column][vc_column width=&#8221;1\/2&#8243;][vc_column_text css_animation=&#8221;fadeIn&#8221;]<\/p>\n<p class=\"western\"><strong class=\"western\"><span style=\"color: #000000;\"><span style=\"font-family: Arial, sans-serif;\"><span style=\"font-size: medium;\">Nina Ottossoni filosoofia on, et koeral on neli jalga ja \u00fcks pea ja k\u00f5ik need vajavad tegevust erineval moel &#8211; nii vaimset kui f\u00fc\u00fcsilist.<\/span><\/span><\/span><\/strong><\/p>\n<p class=\"western\"><span style=\"font-family: Arial, sans-serif;\"><span style=\"font-size: medium;\">1. Nina Ottosson\u00b4i m\u00e4ngud treenivad nii looma vaimu kui keha.<\/span><\/span><\/p>\n<p class=\"western\"><span style=\"font-family: Arial, sans-serif;\"><span style=\"font-size: medium;\">2. Aitab v\u00e4ltida ja v\u00e4hendada k\u00e4itumisprobleeme!<\/span><\/span><\/p>\n<p class=\"western\"><span style=\"font-family: Arial, sans-serif;\"><span style=\"font-size: medium;\">3. Aitab v\u00e4ltida ja v\u00e4hendada kaaluprobleeme<\/span><\/span><\/p>\n<p class=\"western\"><span style=\"font-family: Arial, sans-serif;\"><span style=\"font-size: medium;\">4. M\u00e4nguprotsess tugevdab omaniku ja looma omavahelist sidet.<\/span><\/span><\/p>\n<p class=\"western\"><span style=\"color: #000000;\"><span style=\"font-family: Arial, sans-serif;\"><span style=\"font-size: medium;\">5. V\u00e4ldib igavust<\/span><\/span><\/span><\/p>\n<p class=\"western\"><span style=\"font-family: Arial, sans-serif;\"><span style=\"font-size: medium;\">M\u00e4ngu m\u00f5te on j\u00f5uda peidetud maiusteni lahendades erineva raskusega \u00fclesanded kasutades nii m\u00f5tlemist kui liikumist. M\u00e4ngud sobivad erineva suurusega ja vanusega lemmikloomadele. Ei ole vahet kas Sul on kodus \u2018Forrest Gump\u2019 v\u00f5i \u2018Albert Einstein\u2019, sobiliku m\u00e4ngu leiab k\u00f5igile! M\u00e4ngud on jaotatud nelja raskusastmesse. Esimene tase sobib algajatele ja kutsikatele. Teine tase sobib igas vanuses ja suuruses lemmikloomale ning ka algajatele kellele j\u00e4\u00e4b v\u00f5imalusi m\u00e4ngu keerukamaks teha \u00f5ppimise k\u00e4igus. Kolmanda taseme m\u00e4ngud on juba edasij\u00f5udnutele, kes on tuttavad otsimism\u00e4ngudega. Ja eksperditase on meisterk\u00e4ppadele. M\u00e4ngige koos ning nautige \u00f5ppimise- ja m\u00e4nguprotsessi.<\/span><\/span><\/p>\n<p>[\/vc_column_text][\/vc_column][\/vc_row][vc_row][vc_column width=&#8221;1\/2&#8243;][vc_column_text css_animation=&#8221;none&#8221;]<\/p>\n<p class=\"western\" align=\"left\"><span style=\"color: #333333;\"><span style=\"font-family: Arial, sans-serif;\"><span style=\"font-size: medium;\">Nina Ottosson on tuntud \u00fcle terve maailma ning on paljude koeratreenerite hinnangul parimate m\u00e4ngude v\u00e4ljam\u00f5tleja ja tootja. M\u00e4ngude arendamisel on v\u00e4ga p\u00f5hjalikult m\u00f5eldud loomade vajadustele ning samas ka materjalide ohutusele.<\/span><\/span><\/span><\/p>\n<p>[\/vc_column_text][\/vc_column][vc_column width=&#8221;1\/2&#8243;][vc_single_image image=&#8221;3820&#8243; img_size=&#8221;large&#8221; css_animation=&#8221;bounceInRight&#8221;][\/vc_column][\/vc_row][vc_row][vc_column css_animation=&#8221;bounceInLeft&#8221; width=&#8221;1\/2&#8243;][vc_single_image image=&#8221;774&#8243; img_size=&#8221;large&#8221; css_animation=&#8221;bounceInRight&#8221;][\/vc_column][vc_column width=&#8221;1\/2&#8243;][vc_column_text css_animation=&#8221;none&#8221;]<\/p>\n<p class=\"western\" lang=\"en-GB\"><span style=\"font-family: Arial, sans-serif;\"><span style=\"font-size: medium;\">Meie valikus on lisaks nutikatele m\u00e4ngudele ka kaunid ja taaskasutatud materjalist kaelarihmad ja rihmad DutchDog toodangust. Rihmade disain on Hollandi kuulsate kunstnike motiividel. Kunstis\u00f5pradel on palju \u00e4ratundmisr\u00f5\u00f5mu.\u00a0<\/span><\/span><\/p>\n<p>[\/vc_column_text][\/vc_column][\/vc_row]<\/p>","protected":false},"excerpt":{"rendered":"<p> [&hellip;]<\/p>\n","protected":false},"author":2,"featured_media":0,"parent":0,"menu_order":0,"comment_status":"closed","ping_status":"closed","template":"","meta":{"footnotes":""},"class_list":["post-29","page","type-page","status-publish","hentry"],"_links":{"self":[{"href":"https:\/\/nina-ottosson.ee\/et\/wp-json\/wp\/v2\/pages\/29","targetHints":{"allow":["GET"]}}],"collection":[{"href":"https:\/\/nina-ottosson.ee\/et\/wp-json\/wp\/v2\/pages"}],"about":[{"href":"https:\/\/nina-ottosson.ee\/et\/wp-json\/wp\/v2\/types\/page"}],"author":[{"embeddable":true,"href":"https:\/\/nina-ottosson.ee\/et\/wp-json\/wp\/v2\/users\/2"}],"replies":[{"embeddable":true,"href":"https:\/\/nina-ottosson.ee\/et\/wp-json\/wp\/v2\/comments?post=29"}],"version-history":[{"count":44,"href":"https:\/\/nina-ottosson.ee\/et\/wp-json\/wp\/v2\/pages\/29\/revisions"}],"predecessor-version":[{"id":3981,"href":"https:\/\/nina-ottosson.ee\/et\/wp-json\/wp\/v2\/pages\/29\/revisions\/3981"}],"wp:attachment":[{"href":"https:\/\/nina-ottosson.ee\/et\/wp-json\/wp\/v2\/media?parent=29"}],"curies":[{"name":"wp","href":"https:\/\/api.w.org\/{rel}","templated":true}]}}