{"id":1764,"date":"2017-04-21T15:52:59","date_gmt":"2017-04-21T15:52:59","guid":{"rendered":"http:\/\/saunatrip.ee\/veeb\/koer\/?post_type=product&#038;p=1764"},"modified":"2019-02-18T19:54:09","modified_gmt":"2019-02-18T19:54:09","slug":"doggyride-noveloriginal-rain-cover-2","status":"publish","type":"product","link":"https:\/\/nina-ottosson.ee\/et\/tooted\/dutchdog\/doggyride-noveloriginal-rain-cover-2\/","title":{"rendered":"DoggyRide Mini Rain Cover"},"content":{"rendered":"<p>Vihmakatte saab kergelt ja kiirelt t\u00f5mmata treilerile peale. Sisaldab \u00f5hutaskuid \u00f5hu pidevaks pealevooluks.<\/p>","protected":false},"excerpt":{"rendered":"<p> [&hellip;]<\/p>\n","protected":false},"featured_media":1765,"comment_status":"open","ping_status":"closed","template":"","meta":[],"product_brand":[],"product_cat":[34],"product_tag":[],"class_list":{"0":"post-1764","1":"product","2":"type-product","3":"status-publish","4":"has-post-thumbnail","6":"product_cat-dutchdog","8":"first","9":"instock","10":"sale","11":"taxable","12":"shipping-taxable","13":"purchasable","14":"product-type-simple"},"_links":{"self":[{"href":"https:\/\/nina-ottosson.ee\/et\/wp-json\/wp\/v2\/product\/1764","targetHints":{"allow":["GET"]}}],"collection":[{"href":"https:\/\/nina-ottosson.ee\/et\/wp-json\/wp\/v2\/product"}],"about":[{"href":"https:\/\/nina-ottosson.ee\/et\/wp-json\/wp\/v2\/types\/product"}],"replies":[{"embeddable":true,"href":"https:\/\/nina-ottosson.ee\/et\/wp-json\/wp\/v2\/comments?post=1764"}],"wp:featuredmedia":[{"embeddable":true,"href":"https:\/\/nina-ottosson.ee\/et\/wp-json\/wp\/v2\/media\/1765"}],"wp:attachment":[{"href":"https:\/\/nina-ottosson.ee\/et\/wp-json\/wp\/v2\/media?parent=1764"}],"wp:term":[{"taxonomy":"product_brand","embeddable":true,"href":"https:\/\/nina-ottosson.ee\/et\/wp-json\/wp\/v2\/product_brand?post=1764"},{"taxonomy":"product_cat","embeddable":true,"href":"https:\/\/nina-ottosson.ee\/et\/wp-json\/wp\/v2\/product_cat?post=1764"},{"taxonomy":"product_tag","embeddable":true,"href":"https:\/\/nina-ottosson.ee\/et\/wp-json\/wp\/v2\/product_tag?post=1764"}],"curies":[{"name":"wp","href":"https:\/\/api.w.org\/{rel}","templated":true}]}}