{"id":2183,"date":"2017-11-23T19:51:46","date_gmt":"2017-11-23T19:51:46","guid":{"rendered":"https:\/\/nina-ottosson.ee\/?post_type=product&#038;p=2183"},"modified":"2026-03-31T12:06:31","modified_gmt":"2026-03-31T12:06:31","slug":"dogbrick-plastik-uus","status":"publish","type":"product","link":"https:\/\/nina-ottosson.ee\/et\/tooted\/ninaottosson\/tase2mangud\/dogbrick-plastik-uus\/","title":{"rendered":"DogBrick"},"content":{"rendered":"<p>3 erinevat v\u00f5imalust maiuse peitmiseks ja leidmiseks. Kergesti avanevad kaanega peidupaigad ning nihutatavad plaadid mille avanemist saab eemaldatavate klotsidega takistada ja m\u00e4ngu raskemaks teha. N\u00e4ita koerale kuidas m\u00e4ng k\u00e4ib ja julgusta maiuseid leidma. J\u00e4ta alguses osa kaasi lahti, et koera huvi \u00e4ratada.<\/p>\n<p><b>2. taseme m\u00e4ng<\/b> \u2013 j\u00e4rgmine samm esimese taseme m\u00e4ngudele. Annab koerale rohkem huvitavaid v\u00f5imalusi \u00fclesande lahendamiseks ning sulle uusi v\u00f5imalusi koera \u00f5petamiseks ja treenimiseks.<\/p>\n<p>&nbsp;<\/p>\n<p><b>Nipp<\/b><\/p>\n<p>sega natuke koerakonservi v\u00f5i toortoitu v\u00e4hese veega, kalla segu aukudesse v\u00f5i aseta v\u00e4ike maitsev maius aukudesse, lisa veidi vett ja pane m\u00e4ng s\u00fcgavk\u00fclma ning lase k\u00fclmuda. Sobib h\u00e4sti energilistele koertele palavatel p\u00e4evadel m\u00e4ngimiseks.<\/p>\n<p><b>M\u00e4ngige koos. <\/b>Nina Ottossoni arendavad m\u00e4nguasjad keskenduvad koera ajutegevuse stimuleerimisele ja m\u00f5ttetegevuse arendamisele. M\u00e4ngige koos ja \u00e4ra luba koeral m\u00e4ngu n\u00e4rida v\u00f5i hammustada. \u00d5peta koera kuidas m\u00e4ngida, m\u00e4ngige ja veetke koos l\u00f5busalt aega. Peale m\u00e4ngu l\u00f5ppu pange m\u00e4ng \u00e4ra.<\/p>\n<p><b>Harjutused kehale ja vaimule<\/b>. Nina Ottossoni koerte m\u00f5tlemism\u00e4ngud arendavad koerte \u00fclesannete lahendamise oskust ning v\u00f5imaldavad vaimset tegevust l\u00e4bi l\u00f5busa m\u00e4ngu.<\/p>\n<p><b>Kerge puhastada. <\/b>Hoia m\u00e4ngud puhtana kasutades sooja jooksvat vett ja lahjat pesuainet. Loputa korralikult.<\/p>\n<p><b>Nina Ottossoni m\u00e4ngud<\/b><\/p>\n<p><b>&#8211; <\/b>hoiavad koera tegevuses ja ei lase igavust tunda<\/p>\n<p>&#8211; aitavad v\u00e4hendada destruktiivset k\u00e4itumist andes koerale m\u00f5ttetegevust<\/p>\n<p>&#8211; aitavad tugevdada omavahelist sidet koeraga<\/p>\n<p>&#8211; sobilik k\u00f5igile koertele s\u00f5ltumata vanusest ja suurusest<\/p>\n<p>Suurus: 31,5 x 21 cm<\/p>\n<p>Kaal 0,714 kg<\/p>","protected":false},"excerpt":{"rendered":"<p>Libista ja l\u00fckka ja t\u00f5sta<\/p>\n<p>https:\/\/youtu.be\/rjaYgk7E3_w<\/p>\n<p>https:\/\/youtu.be\/BaV7Uv6Mdyg<\/p>\n","protected":false},"featured_media":2152,"comment_status":"open","ping_status":"closed","template":"","meta":[],"product_brand":[],"product_cat":[33,45],"product_tag":[],"class_list":{"0":"post-2183","1":"product","2":"type-product","3":"status-publish","4":"has-post-thumbnail","6":"product_cat-ninaottosson","7":"product_cat-tase2mangud","9":"first","10":"instock","11":"taxable","12":"shipping-taxable","13":"purchasable","14":"product-type-simple"},"_links":{"self":[{"href":"https:\/\/nina-ottosson.ee\/et\/wp-json\/wp\/v2\/product\/2183","targetHints":{"allow":["GET"]}}],"collection":[{"href":"https:\/\/nina-ottosson.ee\/et\/wp-json\/wp\/v2\/product"}],"about":[{"href":"https:\/\/nina-ottosson.ee\/et\/wp-json\/wp\/v2\/types\/product"}],"replies":[{"embeddable":true,"href":"https:\/\/nina-ottosson.ee\/et\/wp-json\/wp\/v2\/comments?post=2183"}],"wp:featuredmedia":[{"embeddable":true,"href":"https:\/\/nina-ottosson.ee\/et\/wp-json\/wp\/v2\/media\/2152"}],"wp:attachment":[{"href":"https:\/\/nina-ottosson.ee\/et\/wp-json\/wp\/v2\/media?parent=2183"}],"wp:term":[{"taxonomy":"product_brand","embeddable":true,"href":"https:\/\/nina-ottosson.ee\/et\/wp-json\/wp\/v2\/product_brand?post=2183"},{"taxonomy":"product_cat","embeddable":true,"href":"https:\/\/nina-ottosson.ee\/et\/wp-json\/wp\/v2\/product_cat?post=2183"},{"taxonomy":"product_tag","embeddable":true,"href":"https:\/\/nina-ottosson.ee\/et\/wp-json\/wp\/v2\/product_tag?post=2183"}],"curies":[{"name":"wp","href":"https:\/\/api.w.org\/{rel}","templated":true}]}}