{"id":2184,"date":"2017-11-23T20:08:21","date_gmt":"2017-11-23T20:08:21","guid":{"rendered":"https:\/\/nina-ottosson.ee\/?post_type=product&#038;p=2184"},"modified":"2022-09-28T13:14:15","modified_gmt":"2022-09-28T13:14:15","slug":"dog-tornado-plastik-uus","status":"publish","type":"product","link":"https:\/\/nina-ottosson.ee\/et\/tooted\/ninaottosson\/tase2mangud\/dog-tornado-plastik-uus\/","title":{"rendered":"Dog Tornado"},"content":{"rendered":"<p>M\u00e4ngul on neli keerlevat kihti. Kolmel kihil on \u00f5\u00f5nsused, kuhu saab peita maiuseid. Koer\/kass peab \u00f5ppima, kuidas p\u00f6\u00f6rata erinevaid kihte nina v\u00f5i k\u00e4paga eri suundades,\u00a0et saada maiuseid.<\/p>\n<p><strong>Raskusastme t\u00f5stmine<\/strong><\/p>\n<p>Asetades valge plastmassist klotsi m\u00f5nesse \u00f5\u00f5nsusse kasvatate m\u00e4ngu raskusastet (kaasas kolm klotsi).\u00a0Klotsi august v\u00f5ib l\u00e4bi siduda n\u00f6\u00f6ri, et lihtsustada klotsi eemaldamist. Juhul kui su\u00a0koera k\u00e4pp on vigastatud, v\u00f5id m\u00e4ngu asetada taburetile, et ta kasutaks ainult oma\u00a0nina.<\/p>\n<p><strong>M\u00f5te<\/strong><\/p>\n<p>M\u00e4ngu m\u00f5te on pakkuda sinule ja su koerale\/kassile meeldivat ja rahuldust pakkuvat\u00a0koos veedetud aega. Parandad suhteid oma koeraga. Sina n\u00e4itad\/\u00f5petad ja sinu koer\/kass vaatab, kuulab ja \u00f5pib. Kiida teda, kui ta teeb asju \u00f5igesti. Teil on koos l\u00f5bus!<\/p>\n<p><b>2. taseme m\u00e4ng<\/b> \u2013 j\u00e4rgmine samm esimese taseme m\u00e4ngudele. Annab koerale rohkem huvitavaid v\u00f5imalusi \u00fclesande lahendamiseks ning sulle uusi v\u00f5imalusi koera \u00f5petamiseks ja treenimiseks.<\/p>\n<p>&nbsp;<\/p>\n<p><b>Nipp<\/b><\/p>\n<p>sega natuke koerakonservi v\u00f5i toortoitu v\u00e4hese veega, kalla segu aukudesse v\u00f5i aseta v\u00e4ike maitsev maius aukudesse, lisa veidi vett ja pane m\u00e4ng s\u00fcgavk\u00fclma ning lase k\u00fclmuda. Sobib h\u00e4sti energilistele koertele palavatel p\u00e4evadel m\u00e4ngimiseks.<\/p>\n<p><b>M\u00e4ngige koos. <\/b>Nina Ottossoni arendavad m\u00e4nguasjad keskenduvad koera ajutegevuse stimuleerimisele ja m\u00f5ttetegevuse arendamisele. M\u00e4ngige koos ja \u00e4ra luba koeral m\u00e4ngu n\u00e4rida v\u00f5i hammustada. \u00d5peta koera kuidas m\u00e4ngida, m\u00e4ngige ja veetke koos l\u00f5busalt aega. Peale m\u00e4ngu l\u00f5ppu pange m\u00e4ng \u00e4ra.<\/p>\n<p><b>Harjutused kehale ja vaimule<\/b>. Nina Ottossoni koerte m\u00f5tlemism\u00e4ngud arendavad koerte \u00fclesannete lahendamise oskust ning v\u00f5imaldavad vaimset tegevust l\u00e4bi l\u00f5busa m\u00e4ngu.<\/p>\n<p><b>Kerge puhastada. <\/b>Hoia m\u00e4ngud puhtana kasutades sooja jooksvat vett ja lahjat pesuainet. Loputa korralikult.<\/p>\n<p><b>Nina Ottossoni m\u00e4ngud<\/b><\/p>\n<p><b>&#8211; <\/b>hoiavad koera tegevuses ja ei lase igavust tunda<\/p>\n<p>&#8211; aitavad v\u00e4hendada destruktiivset k\u00e4itumist andes koerale m\u00f5ttetegevust<\/p>\n<p>&#8211; aitavad tugevdada omavahelist sidet koeraga<\/p>\n<p>&#8211; sobilik k\u00f5igile koertele s\u00f5ltumata vanusest ja suurusest<\/p>\n<p>Suurus: 23,5 x 18cm, k\u00f5rgus 7 cm<\/p>\n<p>Kaal 0,718 kg<\/p>\n<p>&nbsp;<\/p>","protected":false},"excerpt":{"rendered":"<p>Toit ja maiused on peidetud nelja p\u00f6\u00f6rleva kihi vahele. Paljude lemmik!<\/p>\n<p>https:\/\/youtu.be\/J83Mi2uAS64<\/p>\n","protected":false},"featured_media":2163,"comment_status":"open","ping_status":"closed","template":"","meta":[],"product_brand":[],"product_cat":[33,45],"product_tag":[],"class_list":{"0":"post-2184","1":"product","2":"type-product","3":"status-publish","4":"has-post-thumbnail","6":"product_cat-ninaottosson","7":"product_cat-tase2mangud","9":"first","10":"instock","11":"taxable","12":"shipping-taxable","13":"purchasable","14":"product-type-simple"},"_links":{"self":[{"href":"https:\/\/nina-ottosson.ee\/et\/wp-json\/wp\/v2\/product\/2184","targetHints":{"allow":["GET"]}}],"collection":[{"href":"https:\/\/nina-ottosson.ee\/et\/wp-json\/wp\/v2\/product"}],"about":[{"href":"https:\/\/nina-ottosson.ee\/et\/wp-json\/wp\/v2\/types\/product"}],"replies":[{"embeddable":true,"href":"https:\/\/nina-ottosson.ee\/et\/wp-json\/wp\/v2\/comments?post=2184"}],"wp:featuredmedia":[{"embeddable":true,"href":"https:\/\/nina-ottosson.ee\/et\/wp-json\/wp\/v2\/media\/2163"}],"wp:attachment":[{"href":"https:\/\/nina-ottosson.ee\/et\/wp-json\/wp\/v2\/media?parent=2184"}],"wp:term":[{"taxonomy":"product_brand","embeddable":true,"href":"https:\/\/nina-ottosson.ee\/et\/wp-json\/wp\/v2\/product_brand?post=2184"},{"taxonomy":"product_cat","embeddable":true,"href":"https:\/\/nina-ottosson.ee\/et\/wp-json\/wp\/v2\/product_cat?post=2184"},{"taxonomy":"product_tag","embeddable":true,"href":"https:\/\/nina-ottosson.ee\/et\/wp-json\/wp\/v2\/product_tag?post=2184"}],"curies":[{"name":"wp","href":"https:\/\/api.w.org\/{rel}","templated":true}]}}