{"id":2187,"date":"2017-11-23T20:30:58","date_gmt":"2017-11-23T20:30:58","guid":{"rendered":"https:\/\/nina-ottosson.ee\/?post_type=product&#038;p=2187"},"modified":"2022-09-28T13:26:43","modified_gmt":"2022-09-28T13:26:43","slug":"dogtwister-uus","status":"publish","type":"product","link":"https:\/\/nina-ottosson.ee\/et\/tooted\/ninaottosson\/tase3mangud\/dogtwister-uus\/","title":{"rendered":"DogTwister"},"content":{"rendered":"<p>DogTwister annab koerale v\u00e4ljakutseid ja hoiab koera tegevuses seni kui avavad lukke, et j\u00f5uda maitsvate maiusteni igas sahtlis. L\u00f5bus m\u00e4ng s\u00f5ltumata koera vanusest, suurusest v\u00f5i t\u00f5ust.<\/p>\n<p><strong>Meisterk\u00e4ppadele:\u00a0<\/strong>sobilik koertele kellele meeldivad keerukamad m\u00f5tlemism\u00e4ngud. 3. taseme m\u00e4ng.<\/p>\n<p><strong>Kuidas m\u00e4ngida &#8211; T<\/strong>\u00f5mba k\u00e4epidemed v\u00e4lja, t\u00e4ida plaatide all olevad sahtlid\u00a0maiustega, aseta klotsid kohtadele. Alusta lihtsamast ning esialgu m\u00e4ngige avatud lukkudega. Edaspidi\u00a0l\u00fckka valged k\u00e4epidemed sisse, mis lukustavad k\u00f5ik plaadid. \u00d5peta koerale k\u00e4epidemete avamist ning suuna ta seej\u00e4rel avanenud plaadi juurde.<\/p>\n<p><b>Nipp<\/b><\/p>\n<p>sega natuke koerakonservi v\u00f5i toortoitu v\u00e4hese veega, kalla segu aukudesse v\u00f5i aseta v\u00e4ike maitsev maius aukudesse, lisa veidi vett ja pane m\u00e4ng s\u00fcgavk\u00fclma ning lase k\u00fclmuda. Sobib h\u00e4sti energilistele koertele palavatel p\u00e4evadel m\u00e4ngimiseks.<\/p>\n<p><b>M\u00e4ngige koos. <\/b>Nina Ottossoni arendavad m\u00e4nguasjad keskenduvad koera ajutegevuse stimuleerimisele ja m\u00f5ttetegevuse arendamisele. M\u00e4ngige koos ja \u00e4ra luba koeral m\u00e4ngu n\u00e4rida v\u00f5i hammustada. \u00d5peta koera kuidas m\u00e4ngida, m\u00e4ngige ja veetke koos l\u00f5busalt aega. Peale m\u00e4ngu l\u00f5ppu pange m\u00e4ng \u00e4ra.<\/p>\n<p><b>Harjutused kehale ja vaimule<\/b>. Nina Ottossoni koerte m\u00f5tlemism\u00e4ngud arendavad koerte \u00fclesannete lahendamise oskust ning v\u00f5imaldavad vaimset tegevust l\u00e4bi l\u00f5busa m\u00e4ngu.<\/p>\n<p><b>Kerge puhastada. <\/b>Hoia m\u00e4ngud puhtana kasutades sooja jooksvat vett ja lahjat pesuainet. Loputa korralikult.<\/p>\n<p><b>Nina Ottossoni m\u00e4ngud<\/b><\/p>\n<p><b>&#8211; <\/b>hoiavad koera tegevuses ja ei lase igavust tunda<\/p>\n<p>&#8211; aitavad v\u00e4hendada destruktiivset k\u00e4itumist andes koerale m\u00f5ttetegevust<\/p>\n<p>&#8211; aitavad tugevdada omavahelist sidet koeraga<\/p>\n<p>&#8211; sobilik k\u00f5igile koertele s\u00f5ltumata vanusest ja suurusest<\/p>\n<p>Diameeter 26 cm, k\u00f5rgus 4,5 cm<\/p>\n<p>Kaal 0,754 kg<\/p>\n<p>&nbsp;<\/p>","protected":false},"excerpt":{"rendered":"<p>Proovilepanev ja l\u00f5bus m\u00e4ng. Libista sahtleid ning \u00f5pi lukke avama<\/p>\n<p>https:\/\/youtu.be\/W04CXKx9lF4<\/p>\n","protected":false},"featured_media":2165,"comment_status":"open","ping_status":"closed","template":"","meta":[],"product_brand":[],"product_cat":[33,46],"product_tag":[],"class_list":{"0":"post-2187","1":"product","2":"type-product","3":"status-publish","4":"has-post-thumbnail","6":"product_cat-ninaottosson","7":"product_cat-tase3mangud","9":"first","10":"instock","11":"taxable","12":"shipping-taxable","13":"purchasable","14":"product-type-simple"},"_links":{"self":[{"href":"https:\/\/nina-ottosson.ee\/et\/wp-json\/wp\/v2\/product\/2187","targetHints":{"allow":["GET"]}}],"collection":[{"href":"https:\/\/nina-ottosson.ee\/et\/wp-json\/wp\/v2\/product"}],"about":[{"href":"https:\/\/nina-ottosson.ee\/et\/wp-json\/wp\/v2\/types\/product"}],"replies":[{"embeddable":true,"href":"https:\/\/nina-ottosson.ee\/et\/wp-json\/wp\/v2\/comments?post=2187"}],"wp:featuredmedia":[{"embeddable":true,"href":"https:\/\/nina-ottosson.ee\/et\/wp-json\/wp\/v2\/media\/2165"}],"wp:attachment":[{"href":"https:\/\/nina-ottosson.ee\/et\/wp-json\/wp\/v2\/media?parent=2187"}],"wp:term":[{"taxonomy":"product_brand","embeddable":true,"href":"https:\/\/nina-ottosson.ee\/et\/wp-json\/wp\/v2\/product_brand?post=2187"},{"taxonomy":"product_cat","embeddable":true,"href":"https:\/\/nina-ottosson.ee\/et\/wp-json\/wp\/v2\/product_cat?post=2187"},{"taxonomy":"product_tag","embeddable":true,"href":"https:\/\/nina-ottosson.ee\/et\/wp-json\/wp\/v2\/product_tag?post=2187"}],"curies":[{"name":"wp","href":"https:\/\/api.w.org\/{rel}","templated":true}]}}