{"id":2188,"date":"2017-11-23T20:49:15","date_gmt":"2017-11-23T20:49:15","guid":{"rendered":"https:\/\/nina-ottosson.ee\/?post_type=product&#038;p=2188"},"modified":"2022-09-28T13:25:03","modified_gmt":"2022-09-28T13:25:03","slug":"dogcasino","status":"publish","type":"product","link":"https:\/\/nina-ottosson.ee\/et\/tooted\/ninaottosson\/tase3mangud\/dogcasino\/","title":{"rendered":"DogCasino mereroheline"},"content":{"rendered":"<p>Koer peab otsima maiust t\u00f5mmates sahtleid erinevates suundades. Igas sahtlis on \u00f5\u00f5nsus, kuhu maiuse saab peita. M\u00e4ngu raskusastet saab t\u00f5sta lukustades sahtlid kasutades kondikujulisi nuppe m\u00e4ngu peal. Uuel versioonil ei ole lukud eemaldatavad vaid neid tuleb p\u00f6\u00f6rata sahtlite avamiseks.<\/p>\n<p><strong>Meisterk\u00e4ppadele:\u00a0<\/strong>Kolmanda taseme m\u00e4ng aitab koera \u00f5petada ja treenida l\u00e4bi j\u00e4rjestikuse l\u00e4bim\u00f5eldud tegevuse. Samas alustades lihtsamast lahendusest on sobilik igas vanuses, t\u00f5ust ja suuruses koertele.<\/p>\n<p><strong>Kasutamine<\/strong><\/p>\n<p>Keera kondid sahtleid avavasse positsiooni ja pane maiused lahtit\u00f5mmatavatesse sahtlitesse. Lase koeral j\u00e4lgida, kuidas sa sahtleid t\u00e4idad. Alguses j\u00e4ta lukud lahti ja sahtlid veidikene avatult, et koer tunneks maiuse l\u00f5hna ja n\u00e4eks maiust. P\u00fc\u00fca koera suunata, et ta t\u00f5mbaks nina v\u00f5i k\u00e4paga sahtli lahti. Kui koer on hakanud aru saama, kuidas sahtlid t\u00f6\u00f6tavad v\u00f5id m\u00e4ngu keerulisemaks muuta l\u00fckates sahtlid t\u00e4iesti kinni.<\/p>\n<p><strong>Raskusastme t\u00f5stmine<\/strong><\/p>\n<p>J\u00e4rgmise taseme saavutamiseks lukusta osad sahtlid kondikujulise nupuga. Koer peab \u00f5ppima, kuidas p\u00f6\u00f6rata nuppe, et saaks sahtleid avada. Kui koer on m\u00f5istnud, kuidas kondikujulised lukustid t\u00f6\u00f6tavad, v\u00f5id lukustada juba k\u00f5ik sahtlid.<\/p>\n<p><b>Nipp<\/b><\/p>\n<p>sega natuke koerakonservi v\u00f5i toortoitu v\u00e4hese veega, kalla segu aukudesse v\u00f5i aseta v\u00e4ike maitsev maius aukudesse, lisa veidi vett ja pane m\u00e4ng s\u00fcgavk\u00fclma ning lase k\u00fclmuda. Sobib h\u00e4sti energilistele koertele palavatel p\u00e4evadel m\u00e4ngimiseks.<\/p>\n<p><b>M\u00e4ngige koos. <\/b>Nina Ottossoni arendavad m\u00e4nguasjad keskenduvad koera ajutegevuse stimuleerimisele ja m\u00f5ttetegevuse arendamisele. M\u00e4ngige koos ja \u00e4ra luba koeral m\u00e4ngu n\u00e4rida v\u00f5i hammustada. \u00d5peta koera kuidas m\u00e4ngida, m\u00e4ngige ja veetke koos l\u00f5busalt aega. Peale m\u00e4ngu l\u00f5ppu pange m\u00e4ng \u00e4ra.<\/p>\n<p><b>Harjutused kehale ja vaimule<\/b>. Nina Ottossoni koerte m\u00f5tlemism\u00e4ngud arendavad koerte \u00fclesannete lahendamise oskust ning v\u00f5imaldavad vaimset tegevust l\u00e4bi l\u00f5busa m\u00e4ngu.<\/p>\n<p><b>Kerge puhastada. <\/b>Hoia m\u00e4ngud puhtana kasutades sooja jooksvat vett ja lahjat pesuainet. Loputa korralikult.<\/p>\n<p><b>Nina Ottossoni m\u00e4ngud<\/b><\/p>\n<p><b>&#8211; <\/b>hoiavad koera tegevuses ja ei lase igavust tunda<\/p>\n<p>&#8211; aitavad v\u00e4hendada destruktiivset k\u00e4itumist andes koerale m\u00f5ttetegevust<\/p>\n<p>&#8211; aitavad tugevdada omavahelist sidet koeraga<\/p>\n<p>&#8211; sobilik k\u00f5igile koertele s\u00f5ltumata vanusest ja suurusest<\/p>\n<p>Suurus: 31,5 x 26 cm, k\u00f5rgus 1,77cm<\/p>\n<p>Kaal 0,92 kg<\/p>","protected":false},"excerpt":{"rendered":"<p>Maiused on peidetud erinevates suundades sahtlitesse. M\u00e4ngu peal olevad kondid on sahtli lukud.<\/p>\n<p>https:\/\/youtu.be\/JxpMh1W3BUE<\/p>\n","protected":false},"featured_media":2155,"comment_status":"open","ping_status":"closed","template":"","meta":[],"product_brand":[],"product_cat":[33,46],"product_tag":[],"class_list":{"0":"post-2188","1":"product","2":"type-product","3":"status-publish","4":"has-post-thumbnail","6":"product_cat-ninaottosson","7":"product_cat-tase3mangud","9":"first","10":"instock","11":"taxable","12":"shipping-taxable","13":"purchasable","14":"product-type-simple"},"_links":{"self":[{"href":"https:\/\/nina-ottosson.ee\/et\/wp-json\/wp\/v2\/product\/2188","targetHints":{"allow":["GET"]}}],"collection":[{"href":"https:\/\/nina-ottosson.ee\/et\/wp-json\/wp\/v2\/product"}],"about":[{"href":"https:\/\/nina-ottosson.ee\/et\/wp-json\/wp\/v2\/types\/product"}],"replies":[{"embeddable":true,"href":"https:\/\/nina-ottosson.ee\/et\/wp-json\/wp\/v2\/comments?post=2188"}],"wp:featuredmedia":[{"embeddable":true,"href":"https:\/\/nina-ottosson.ee\/et\/wp-json\/wp\/v2\/media\/2155"}],"wp:attachment":[{"href":"https:\/\/nina-ottosson.ee\/et\/wp-json\/wp\/v2\/media?parent=2188"}],"wp:term":[{"taxonomy":"product_brand","embeddable":true,"href":"https:\/\/nina-ottosson.ee\/et\/wp-json\/wp\/v2\/product_brand?post=2188"},{"taxonomy":"product_cat","embeddable":true,"href":"https:\/\/nina-ottosson.ee\/et\/wp-json\/wp\/v2\/product_cat?post=2188"},{"taxonomy":"product_tag","embeddable":true,"href":"https:\/\/nina-ottosson.ee\/et\/wp-json\/wp\/v2\/product_tag?post=2188"}],"curies":[{"name":"wp","href":"https:\/\/api.w.org\/{rel}","templated":true}]}}