{"id":2189,"date":"2017-11-23T21:02:49","date_gmt":"2017-11-23T21:02:49","guid":{"rendered":"https:\/\/nina-ottosson.ee\/?post_type=product&#038;p=2189"},"modified":"2023-12-14T11:20:12","modified_gmt":"2023-12-14T11:20:12","slug":"dogworker-uus","status":"publish","type":"product","link":"https:\/\/nina-ottosson.ee\/et\/tooted\/ninaottosson\/tase3mangud\/dogworker-uus\/","title":{"rendered":"DogWorker"},"content":{"rendered":"<p><\/p>\n<h4>Nina Ottossoni Dog Worker on iga koeraomaniku unistus koera treenimisel.<\/h4>\n<p><b>Raskusaste: kergest&#8230; keskmisele&#8230; kuni v\u00e4ga keeruliseni&#8230;<\/b><\/p>\n<p><b>\u00a0<\/b><b>Kerge: <\/b>Peida maiused k\u00f5ikidesse t\u00fchimikesse keerleva ketta all ja lase koeral maiust otsida.<\/p>\n<p><b>Keskmine: <\/b>pane maiused k\u00f5ikide klotside alla mida saab nihutada serva poole. Koer peab libistama klotsid ava kohale (maius kukub alla) ja tagasi l\u00fckkama, et maiust k\u00e4tte saada. J\u00e4ta esialgu l\u00fckatav plaat lahti.<\/p>\n<p><b>Raske: <\/b>Peida maiused k\u00f5ikide libistatavate klotside sisse, keerleva ketta t\u00fchimike alla ning l\u00fckatavate plaatide alla . Koer peab ketast keerama \u00f5igesse positsiooni ning eemaldama l\u00fckatavad plaadid nii, et saada k\u00e4tte klotsides olevad maiused.<b>\u00a0<\/b><\/p>\n<p>V\u00f5imalus on ka alguses keerlev plaat \u00fcldse \u00e4ra v\u00f5tta. L\u00fckka m\u00e4ngu alumisel k\u00fcljel plaadi plastikust servad kokku ning t\u00f5mba pealtpoolt plaat ettevaatlikult v\u00e4lja. Plaati tagasi pannes l\u00fckka plaat lihtsalt avasse vaikselt tagasi, kuni kinnitub.<\/p>\n<p><b>N\u00f5uanded<\/b><\/p>\n<p>Kui koer p\u00fc\u00fcab hammustada v\u00f5i n\u00e4rida m\u00e4ngu, pane k\u00e4si m\u00e4ngule ja l\u00f5peta m\u00e4ng. Kui koer rahuneb maha, \u00fctle \u201eotsi\u201c ja lase tal uuesti proovida. Kui koer tahab korduvalt m\u00e4ngu hammustada v\u00f5i n\u00e4rida, proovi teda \u00f5petada t\u00f6\u00f6tama oma k\u00e4ppadega. V\u00f5i vastupidi &#8211; kui k\u00e4ppadega l\u00e4heb hoogu, siis \u00f5petada t\u00f6\u00f6tama oma ninaga, n\u00e4iteks pannes m\u00e4ngu koerale sobiva k\u00f5rgusega alusele.<\/p>\n<p><b>M\u00f5te<\/b><\/p>\n<p>M\u00e4ngu m\u00f5te on pakkuda sinule ja su koerale meeldivat ja rahuldust pakkuvat koos veedetud aega. Parandad suhteid oma koeraga\/lemmikuga. Sina n\u00e4itad\/\u00f5petad ja sinu koer vaatab, kuulab ja \u00f5pib. Kiida teda, kui ta teeb asju \u00f5igesti. Teil on koos l\u00f5bus!<\/p>\n<p>Su koer naudib sinuga veedetud aega ning ootab p\u00f5nevusega v\u00f5imalust uuesti m\u00e4ngida.<\/p>\n<p><b>\u00a0<\/b><b>Oluline<\/b> on mitte lasta koeral m\u00e4nguasja n\u00e4rida ega hammustada. Lase koeral m\u00e4nguasjaga m\u00e4ngida ainult sinu j\u00e4relevalve all. \u00c4ra lase koeral m\u00e4ngida lelu osadega ega lase neid n\u00e4rida. Pane m\u00e4nguasi p\u00e4rast m\u00e4ngu l\u00f5ppu \u00e4ra.<\/p>\n<p>M\u00e4nguasi on disainitud ainult koertele, kassidele ja teistele lemmikloomadele, see ei ole m\u00e4nguasi lastele.<\/p>\n<p><b>Sobib igasuguses vanuses ja suuruses koertele<\/b><\/p>\n<p>Raskusaste <b><u>3<\/u><\/b><\/p>\n<p>&nbsp;<\/p>","protected":false},"excerpt":{"rendered":"<p>M\u00e4ng v\u00e4ga aktiivsele ja nutikale koerale<\/p>\n<p>https:\/\/www.youtube.com\/watch?v=KHOtyc2Z_fU<\/p>\n","protected":false},"featured_media":2764,"comment_status":"open","ping_status":"closed","template":"","meta":[],"product_brand":[],"product_cat":[33,46],"product_tag":[],"class_list":{"0":"post-2189","1":"product","2":"type-product","3":"status-publish","4":"has-post-thumbnail","6":"product_cat-ninaottosson","7":"product_cat-tase3mangud","9":"first","10":"instock","11":"taxable","12":"shipping-taxable","13":"purchasable","14":"product-type-variable"},"_links":{"self":[{"href":"https:\/\/nina-ottosson.ee\/et\/wp-json\/wp\/v2\/product\/2189","targetHints":{"allow":["GET"]}}],"collection":[{"href":"https:\/\/nina-ottosson.ee\/et\/wp-json\/wp\/v2\/product"}],"about":[{"href":"https:\/\/nina-ottosson.ee\/et\/wp-json\/wp\/v2\/types\/product"}],"replies":[{"embeddable":true,"href":"https:\/\/nina-ottosson.ee\/et\/wp-json\/wp\/v2\/comments?post=2189"}],"wp:featuredmedia":[{"embeddable":true,"href":"https:\/\/nina-ottosson.ee\/et\/wp-json\/wp\/v2\/media\/2764"}],"wp:attachment":[{"href":"https:\/\/nina-ottosson.ee\/et\/wp-json\/wp\/v2\/media?parent=2189"}],"wp:term":[{"taxonomy":"product_brand","embeddable":true,"href":"https:\/\/nina-ottosson.ee\/et\/wp-json\/wp\/v2\/product_brand?post=2189"},{"taxonomy":"product_cat","embeddable":true,"href":"https:\/\/nina-ottosson.ee\/et\/wp-json\/wp\/v2\/product_cat?post=2189"},{"taxonomy":"product_tag","embeddable":true,"href":"https:\/\/nina-ottosson.ee\/et\/wp-json\/wp\/v2\/product_tag?post=2189"}],"curies":[{"name":"wp","href":"https:\/\/api.w.org\/{rel}","templated":true}]}}