{"id":2511,"date":"2019-03-18T19:01:41","date_gmt":"2019-03-18T19:01:41","guid":{"rendered":"https:\/\/nina-ottosson.ee\/?post_type=product&#038;p=2511"},"modified":"2022-09-23T11:32:27","modified_gmt":"2022-09-23T11:32:27","slug":"dogsmart","status":"publish","type":"product","link":"https:\/\/nina-ottosson.ee\/et\/tooted\/ninaottosson\/algajad\/dogsmart\/","title":{"rendered":"DogSmart"},"content":{"rendered":"<p>Nina Ottossoni Dog Smart on algtaseme m\u00e4ng arendamaks peidetud maiuste ja probleemilahendamise oskusi.<\/p>\n<p>Peida maiused klotside alla ja n\u00e4ita kuidas maiuseni j\u00f5uab. L\u00e4bi klotside saab panna ka n\u00f6\u00f6rid, kui koer (lemmikloom) eelistab t\u00f5sta klotse paelast. Pane klotsid \u00fchte- ja teistpidi. Eemaldamise raskus on erinev.<\/p>\n<p><b>N\u00f5uanded<\/b><\/p>\n<p>Kui koer p\u00fc\u00fcab hammustada v\u00f5i n\u00e4rida m\u00e4ngu, pane k\u00e4si m\u00e4ngule ja l\u00f5peta m\u00e4ng. Kui koer rahuneb maha, \u00fctle \u201eotsi\u201c ja lase tal uuesti proovida. Kui koer tahab korduvalt m\u00e4ngu hammustada v\u00f5i n\u00e4rida, proovi teda \u00f5petada t\u00f6\u00f6tama oma k\u00e4ppadega. V\u00f5i vastupidi &#8211; kui k\u00e4ppadega l\u00e4heb hoogu, siis \u00f5petada t\u00f6\u00f6tama oma ninaga, n\u00e4iteks pannes m\u00e4ngu koerale sobiva k\u00f5rgusega alusele.<\/p>\n<p><b>M\u00f5te<\/b><\/p>\n<p>M\u00e4ngu m\u00f5te on pakkuda sinule ja su koerale meeldivat ja rahuldust pakkuvat koos veedetud aega. Parandad suhteid oma koeraga\/lemmikuga. Sina n\u00e4itad\/\u00f5petad ja sinu koer vaatab, kuulab ja \u00f5pib. Kiida teda, kui ta teeb asju \u00f5igesti. Teil on koos l\u00f5bus!<\/p>\n<p>Su koer naudib sinuga veedetud aega ning ootab p\u00f5nevusega v\u00f5imalust uuesti m\u00e4ngida.<\/p>\n<p><b>\u00a0<\/b><b>Oluline<\/b> on mitte lasta koeral m\u00e4nguasja n\u00e4rida ega hammustada. Lase koeral m\u00e4nguasjaga m\u00e4ngida ainult sinu j\u00e4relevalve all. \u00c4ra lase koeral m\u00e4ngida lelu osadega ega lase neid n\u00e4rida. Pane m\u00e4nguasi p\u00e4rast m\u00e4ngu l\u00f5ppu \u00e4ra.<\/p>\n<p>M\u00e4nguasi on disainitud ainult koertele, kassidele ja teistele lemmikloomadele, see ei ole m\u00e4nguasi lastele.<\/p>\n<p><b>Sobib igasuguses vanuses ja suuruses koertele, kassidele, k\u00fc\u00fclikutele&#8230;<\/b><\/p>\n<p>Raskusaste 1<\/p>\n<p>&nbsp;<\/p>","protected":false},"excerpt":{"rendered":"<p>https:\/\/www.youtube.com\/watch?v=zl5Y18uFMEw<\/p>\n","protected":false},"featured_media":2162,"comment_status":"open","ping_status":"closed","template":"","meta":[],"product_brand":[],"product_cat":[33,44],"product_tag":[],"class_list":{"0":"post-2511","1":"product","2":"type-product","3":"status-publish","4":"has-post-thumbnail","6":"product_cat-ninaottosson","7":"product_cat-algajad","9":"first","10":"instock","11":"taxable","12":"shipping-taxable","13":"purchasable","14":"product-type-simple"},"_links":{"self":[{"href":"https:\/\/nina-ottosson.ee\/et\/wp-json\/wp\/v2\/product\/2511","targetHints":{"allow":["GET"]}}],"collection":[{"href":"https:\/\/nina-ottosson.ee\/et\/wp-json\/wp\/v2\/product"}],"about":[{"href":"https:\/\/nina-ottosson.ee\/et\/wp-json\/wp\/v2\/types\/product"}],"replies":[{"embeddable":true,"href":"https:\/\/nina-ottosson.ee\/et\/wp-json\/wp\/v2\/comments?post=2511"}],"wp:featuredmedia":[{"embeddable":true,"href":"https:\/\/nina-ottosson.ee\/et\/wp-json\/wp\/v2\/media\/2162"}],"wp:attachment":[{"href":"https:\/\/nina-ottosson.ee\/et\/wp-json\/wp\/v2\/media?parent=2511"}],"wp:term":[{"taxonomy":"product_brand","embeddable":true,"href":"https:\/\/nina-ottosson.ee\/et\/wp-json\/wp\/v2\/product_brand?post=2511"},{"taxonomy":"product_cat","embeddable":true,"href":"https:\/\/nina-ottosson.ee\/et\/wp-json\/wp\/v2\/product_cat?post=2511"},{"taxonomy":"product_tag","embeddable":true,"href":"https:\/\/nina-ottosson.ee\/et\/wp-json\/wp\/v2\/product_tag?post=2511"}],"curies":[{"name":"wp","href":"https:\/\/api.w.org\/{rel}","templated":true}]}}