{"id":2740,"date":"2020-01-10T11:44:50","date_gmt":"2020-01-10T11:44:50","guid":{"rendered":"https:\/\/nina-ottosson.ee\/?post_type=product&#038;p=2740"},"modified":"2023-11-20T10:56:29","modified_gmt":"2023-11-20T10:56:29","slug":"tagavara-klotsid-mangudele","status":"publish","type":"product","link":"https:\/\/nina-ottosson.ee\/et\/tooted\/ninaottosson\/tagavara-klotsid-mangudele\/","title":{"rendered":"Tagavara klotsid m\u00e4ngudele. T\u00fckihind 20 senti."},"content":{"rendered":"<p>Kui m\u00e4ng on saanud h\u00e4sti rakendust ja klotsid on juba kulunud, saad asendada vajaminevad osad <span style=\"text-decoration: underline;\">vanematel<\/span> Nina Ottossoni m\u00e4ngudel<\/p>\n<ul>\n<li>Mix-Max plastikklotsid sinine v\u00f5i punane &#8211; v\u00e4iksema avaga klotsid (telli asenduseks suurema avaga klotsile v\u00f5i kadunud\/kahjustunud klotsile)<\/li>\n<li>Puidust klots L &#8211; sobilik puidust DogBrick v\u00f5i Dog Fighter m\u00e4ngule<\/li>\n<li>Puidust klots S &#8211; sobilik puidust DogSmart, Worker m\u00e4ngule<\/li>\n<li>Puidust klots L &#8211; sobilik puidust DogFighter, Dog Brick m\u00e4ngudele<\/li>\n<li>Kondiklots L &#8211; sobilik eelmise seeria plastikm\u00e4ngudele DogSmart, DogTornado, DogFinder,DogBrick<\/li>\n<li>Kondiklots L &#8211; sobilik eelmise seeria plastikm\u00e4ngudele DogCasino, DogTwister,<\/li>\n<\/ul>\n<p><\/p>","protected":false},"excerpt":{"rendered":"<p><img loading=\"lazy\" decoding=\"async\" class=\"alignnone wp-image-724\" src=\"https:\/\/nina-ottosson.ee\/wp-content\/uploads\/2017\/03\/MixMax-A-Easy-plast-cat.jpg\" alt=\"\" width=\"97\" height=\"93\" srcset=\"https:\/\/nina-ottosson.ee\/wp-content\/uploads\/2017\/03\/MixMax-A-Easy-plast-cat.jpg 2206w, https:\/\/nina-ottosson.ee\/wp-content\/uploads\/2017\/03\/MixMax-A-Easy-plast-cat-500x479.jpg 500w, https:\/\/nina-ottosson.ee\/wp-content\/uploads\/2017\/03\/MixMax-A-Easy-plast-cat-768x735.jpg 768w, https:\/\/nina-ottosson.ee\/wp-content\/uploads\/2017\/03\/MixMax-A-Easy-plast-cat-420x402.jpg 420w, https:\/\/nina-ottosson.ee\/wp-content\/uploads\/2017\/03\/MixMax-A-Easy-plast-cat-860x823.jpg 860w\" sizes=\"auto, (max-width: 97px) 100vw, 97px\" \/>\u00a0\u00a0<img loading=\"lazy\" decoding=\"async\" class=\"alignnone wp-image-2750\" src=\"https:\/\/nina-ottosson.ee\/wp-content\/uploads\/2020\/01\/Smart-big-blocks-scaled.jpg\" alt=\"\" width=\"75\" height=\"58\" srcset=\"https:\/\/nina-ottosson.ee\/wp-content\/uploads\/2020\/01\/Smart-big-blocks-scaled.jpg 2560w, https:\/\/nina-ottosson.ee\/wp-content\/uploads\/2020\/01\/Smart-big-blocks-768x594.jpg 768w, https:\/\/nina-ottosson.ee\/wp-content\/uploads\/2020\/01\/Smart-big-blocks-1536x1188.jpg 1536w, https:\/\/nina-ottosson.ee\/wp-content\/uploads\/2020\/01\/Smart-big-blocks-2048x1584.jpg 2048w, https:\/\/nina-ottosson.ee\/wp-content\/uploads\/2020\/01\/Smart-big-blocks-420x325.jpg 420w, https:\/\/nina-ottosson.ee\/wp-content\/uploads\/2020\/01\/Smart-big-blocks-860x665.jpg 860w, https:\/\/nina-ottosson.ee\/wp-content\/uploads\/2020\/01\/Smart-big-blocks-500x387.jpg 500w\" sizes=\"auto, (max-width: 75px) 100vw, 75px\" \/> <img loading=\"lazy\" decoding=\"async\" class=\"alignnone wp-image-2749\" src=\"https:\/\/nina-ottosson.ee\/wp-content\/uploads\/2020\/01\/Kloss-plas-tvit.jpg\" alt=\"\" width=\"81\" height=\"69\" srcset=\"https:\/\/nina-ottosson.ee\/wp-content\/uploads\/2020\/01\/Kloss-plas-tvit.jpg 609w, https:\/\/nina-ottosson.ee\/wp-content\/uploads\/2020\/01\/Kloss-plas-tvit-420x355.jpg 420w, https:\/\/nina-ottosson.ee\/wp-content\/uploads\/2020\/01\/Kloss-plas-tvit-500x423.jpg 500w\" sizes=\"auto, (max-width: 81px) 100vw, 81px\" \/><\/p>\n<p><img loading=\"lazy\" decoding=\"async\" class=\"alignnone wp-image-556\" src=\"https:\/\/nina-ottosson.ee\/wp-content\/uploads\/2017\/03\/ee47bbf0a26df2b0f37791f8db4e30b1.jpg\" alt=\"\" width=\"115\" height=\"123\" srcset=\"https:\/\/nina-ottosson.ee\/wp-content\/uploads\/2017\/03\/ee47bbf0a26df2b0f37791f8db4e30b1.jpg 1895w, https:\/\/nina-ottosson.ee\/wp-content\/uploads\/2017\/03\/ee47bbf0a26df2b0f37791f8db4e30b1-500x532.jpg 500w, https:\/\/nina-ottosson.ee\/wp-content\/uploads\/2017\/03\/ee47bbf0a26df2b0f37791f8db4e30b1-768x817.jpg 768w, https:\/\/nina-ottosson.ee\/wp-content\/uploads\/2017\/03\/ee47bbf0a26df2b0f37791f8db4e30b1-420x447.jpg 420w, https:\/\/nina-ottosson.ee\/wp-content\/uploads\/2017\/03\/ee47bbf0a26df2b0f37791f8db4e30b1-860x915.jpg 860w\" sizes=\"auto, (max-width: 115px) 100vw, 115px\" \/><\/p>\n","protected":false},"featured_media":2750,"comment_status":"open","ping_status":"closed","template":"","meta":[],"product_brand":[],"product_cat":[33],"product_tag":[],"class_list":{"0":"post-2740","1":"product","2":"type-product","3":"status-publish","4":"has-post-thumbnail","6":"product_cat-ninaottosson","8":"first","9":"instock","10":"taxable","11":"shipping-taxable","12":"purchasable","13":"product-type-variable"},"_links":{"self":[{"href":"https:\/\/nina-ottosson.ee\/et\/wp-json\/wp\/v2\/product\/2740","targetHints":{"allow":["GET"]}}],"collection":[{"href":"https:\/\/nina-ottosson.ee\/et\/wp-json\/wp\/v2\/product"}],"about":[{"href":"https:\/\/nina-ottosson.ee\/et\/wp-json\/wp\/v2\/types\/product"}],"replies":[{"embeddable":true,"href":"https:\/\/nina-ottosson.ee\/et\/wp-json\/wp\/v2\/comments?post=2740"}],"wp:featuredmedia":[{"embeddable":true,"href":"https:\/\/nina-ottosson.ee\/et\/wp-json\/wp\/v2\/media\/2750"}],"wp:attachment":[{"href":"https:\/\/nina-ottosson.ee\/et\/wp-json\/wp\/v2\/media?parent=2740"}],"wp:term":[{"taxonomy":"product_brand","embeddable":true,"href":"https:\/\/nina-ottosson.ee\/et\/wp-json\/wp\/v2\/product_brand?post=2740"},{"taxonomy":"product_cat","embeddable":true,"href":"https:\/\/nina-ottosson.ee\/et\/wp-json\/wp\/v2\/product_cat?post=2740"},{"taxonomy":"product_tag","embeddable":true,"href":"https:\/\/nina-ottosson.ee\/et\/wp-json\/wp\/v2\/product_tag?post=2740"}],"curies":[{"name":"wp","href":"https:\/\/api.w.org\/{rel}","templated":true}]}}