{"id":2874,"date":"2020-11-03T13:49:52","date_gmt":"2020-11-03T13:49:52","guid":{"rendered":"https:\/\/nina-ottosson.ee\/?post_type=product&#038;p=2874"},"modified":"2023-12-14T11:18:02","modified_gmt":"2023-12-14T11:18:02","slug":"swat-play-quiet-mat","status":"publish","type":"product","link":"https:\/\/nina-ottosson.ee\/et\/tooted\/kassidele\/swat-play-quiet-mat\/","title":{"rendered":"Kassipoegadele &#8211; Swat &#038; Play Quiet Mat"},"content":{"rendered":"<p>Kassipoeg hoiab teid \u00fcleval \u00f6isel ajal oma m\u00e4ngimisega? Lahendus on olemas<\/p>\n<p>Petstages Swat&amp;Play vaikne tekstiilist matt annab kassile tegevust \u00f6isel ajal. Matt aktiveerub puudutuse peale, juhuslikult vilkuvad tuled matis hoiavad kassi tegevuses. Tuled kustuvad automaatselt kui kass on l\u00f5petanud m\u00e4ngimise. Ja k\u00f5ik see tulede tagaajamine toimub vaikuses. Kass on \u00f5nnelik ja teil on hea uni.<\/p>\n<p>Hooldusjuhis: puhasta vajadusel niiske lapiga ja lase kuivada laialilaotatult<\/p>\n<p>Hoiatus: M\u00e4ngu sees on patarei. Ei sobi kassidele kes n\u00e4rivad m\u00e4ngu. Patarei vahetamisel vii patarei kogumispunkti ning \u00e4ra j\u00e4ta kassile ega lastele k\u00e4ttesaadavaks.<\/p>\n<p>M\u00f5\u00f5dud 24 x 42 cm<\/p>","protected":false},"excerpt":{"rendered":"<p>Vaikne vilkuvate tuledega m\u00e4nguasi aktiivsele kassipojale \u00f6iseks tegevuseks.<\/p>\n","protected":false},"featured_media":2876,"comment_status":"open","ping_status":"closed","template":"","meta":[],"product_brand":[],"product_cat":[47],"product_tag":[],"class_list":{"0":"post-2874","1":"product","2":"type-product","3":"status-publish","4":"has-post-thumbnail","6":"product_cat-kassidele","8":"first","9":"instock","10":"taxable","11":"shipping-taxable","12":"purchasable","13":"product-type-simple"},"_links":{"self":[{"href":"https:\/\/nina-ottosson.ee\/et\/wp-json\/wp\/v2\/product\/2874","targetHints":{"allow":["GET"]}}],"collection":[{"href":"https:\/\/nina-ottosson.ee\/et\/wp-json\/wp\/v2\/product"}],"about":[{"href":"https:\/\/nina-ottosson.ee\/et\/wp-json\/wp\/v2\/types\/product"}],"replies":[{"embeddable":true,"href":"https:\/\/nina-ottosson.ee\/et\/wp-json\/wp\/v2\/comments?post=2874"}],"wp:featuredmedia":[{"embeddable":true,"href":"https:\/\/nina-ottosson.ee\/et\/wp-json\/wp\/v2\/media\/2876"}],"wp:attachment":[{"href":"https:\/\/nina-ottosson.ee\/et\/wp-json\/wp\/v2\/media?parent=2874"}],"wp:term":[{"taxonomy":"product_brand","embeddable":true,"href":"https:\/\/nina-ottosson.ee\/et\/wp-json\/wp\/v2\/product_brand?post=2874"},{"taxonomy":"product_cat","embeddable":true,"href":"https:\/\/nina-ottosson.ee\/et\/wp-json\/wp\/v2\/product_cat?post=2874"},{"taxonomy":"product_tag","embeddable":true,"href":"https:\/\/nina-ottosson.ee\/et\/wp-json\/wp\/v2\/product_tag?post=2874"}],"curies":[{"name":"wp","href":"https:\/\/api.w.org\/{rel}","templated":true}]}}