{"id":2900,"date":"2020-11-03T14:15:16","date_gmt":"2020-11-03T14:15:16","guid":{"rendered":"https:\/\/nina-ottosson.ee\/?post_type=product&#038;p=2900"},"modified":"2022-09-28T13:18:37","modified_gmt":"2022-09-28T13:18:37","slug":"melon-madness-puzzle-play","status":"publish","type":"product","link":"https:\/\/nina-ottosson.ee\/et\/tooted\/ninaottosson\/tase2mangud\/melon-madness-puzzle-play\/","title":{"rendered":"MELON MADNESS PUZZLE &#038; PLAY"},"content":{"rendered":"<p>Suurep\u00e4rane m\u00e4ng uudishimulikele kassidele!<\/p>\n<p>Kass jahib klotse ja l\u00fckkab m\u00e4ngu kahel k\u00fcljel eemale &#8220;seemneid&#8221;. K\u00fcljed on kalde all mis teeb maiuse k\u00e4ttesaamise v\u00e4ljakutsuvamaks. Maiused on peidetud nii klotside sisse kui &#8220;seemne&#8221; alla. Kohanda ise raskusastet. Tee algajatel lihtsamaks ning nutikamatel keerulisemaks. Klotsi sees oleva maiuse saab k\u00e4tte kui kass l\u00fckkab klotsi ava kohale ning maius kukub sinna sisse.<\/p>\n<p>M\u00e4ng on keskmise raskusastmega<\/p>\n<p>Kasuta toidukausina. Samal ajal kui kass saab s\u00fc\u00fca, rakendab ta ka enda jahiinstinkte. Sobib nii kuiv- kui m\u00e4rgtoidu jaoks. V\u00f5id m\u00e4ngu koos toiduga panna erinevatesse kohtadesse iga p\u00e4ev, diivani v\u00f5i ukse taha, et arendada kassi jahiinstinkti. Kassid m\u00e4ngivad tavaliselt siis kui nad seda ise tahavad.<\/p>\n<p>M\u00e4ng on toidun\u00f5uks sobivast materjalist ning tal ei ole lahtisi osi. Tehtud komposiitmaterjalist mis on segu puidust ja plastikust. Materjal on tugev, vastupidav ja lihtne puhastada.<\/p>\n<p>Puhastamiseks sobib k\u00e4sipesu sooja veega kerge n\u00f5udepesuvahendiga, loputa ja kuivata. Ja t\u00e4ida j\u00e4lle!<\/p>\n<p>Nina Ottossoni m\u00e4ngud aitavad v\u00e4hendada igavusest p\u00f5hjustatud ebasoovitavat k\u00e4itumist ning treenib kassi ka vaimselt.<\/p>\n<p>\u00c4rge laske kassil m\u00e4ngu n\u00e4rida. M\u00e4ng on m\u00f5eldud ainult kassidele.<\/p>\n<p><strong>M\u00e4ng on sobilik ka koertele ja teistele lemmikloomadele<\/strong><\/p>\n<p class=\"h2 tws-article-description--heading ng-binding\">Suurus: 26,6 x 7 x 26,5 cm<\/p>\n<p><\/p>","protected":false},"excerpt":{"rendered":"<p>L\u00f5bus m\u00e4ng uudishimulikele kassidele!<\/p>\n<p>https:\/\/www.youtube.com\/watch?v=2P8m9bB7oAg&amp;feature=youtu.be<\/p>\n","protected":false},"featured_media":2888,"comment_status":"open","ping_status":"closed","template":"","meta":[],"product_brand":[],"product_cat":[47,33,45],"product_tag":[],"class_list":{"0":"post-2900","1":"product","2":"type-product","3":"status-publish","4":"has-post-thumbnail","6":"product_cat-kassidele","7":"product_cat-ninaottosson","8":"product_cat-tase2mangud","10":"first","11":"instock","12":"taxable","13":"shipping-taxable","14":"purchasable","15":"product-type-simple"},"_links":{"self":[{"href":"https:\/\/nina-ottosson.ee\/et\/wp-json\/wp\/v2\/product\/2900","targetHints":{"allow":["GET"]}}],"collection":[{"href":"https:\/\/nina-ottosson.ee\/et\/wp-json\/wp\/v2\/product"}],"about":[{"href":"https:\/\/nina-ottosson.ee\/et\/wp-json\/wp\/v2\/types\/product"}],"replies":[{"embeddable":true,"href":"https:\/\/nina-ottosson.ee\/et\/wp-json\/wp\/v2\/comments?post=2900"}],"wp:featuredmedia":[{"embeddable":true,"href":"https:\/\/nina-ottosson.ee\/et\/wp-json\/wp\/v2\/media\/2888"}],"wp:attachment":[{"href":"https:\/\/nina-ottosson.ee\/et\/wp-json\/wp\/v2\/media?parent=2900"}],"wp:term":[{"taxonomy":"product_brand","embeddable":true,"href":"https:\/\/nina-ottosson.ee\/et\/wp-json\/wp\/v2\/product_brand?post=2900"},{"taxonomy":"product_cat","embeddable":true,"href":"https:\/\/nina-ottosson.ee\/et\/wp-json\/wp\/v2\/product_cat?post=2900"},{"taxonomy":"product_tag","embeddable":true,"href":"https:\/\/nina-ottosson.ee\/et\/wp-json\/wp\/v2\/product_tag?post=2900"}],"curies":[{"name":"wp","href":"https:\/\/api.w.org\/{rel}","templated":true}]}}