{"id":2908,"date":"2020-11-04T10:47:47","date_gmt":"2020-11-04T10:47:47","guid":{"rendered":"https:\/\/nina-ottosson.ee\/?post_type=product&#038;p=2908"},"modified":"2023-12-14T11:16:21","modified_gmt":"2023-12-14T11:16:21","slug":"hide-seek-wobble-pond","status":"publish","type":"product","link":"https:\/\/nina-ottosson.ee\/et\/tooted\/kassidele\/hide-seek-wobble-pond\/","title":{"rendered":"Hide &#038; Seek Wobble Pond"},"content":{"rendered":"<p>Wobble Pond on sobilik nii kraapimiseks kui jahtimiseks.<\/p>\n<p>M\u00e4ngul on koonusekujuline kraapimiseks sobivast papist p\u00f5hi mis hoiab m\u00e4nguasja k\u00f5ikuvana ja tekitab kassis huvi.<\/p>\n<p>M\u00e4ngul on pealpool kolm ava mille kaudu kass saab p\u00fc\u00fcda naisten\u00f5gesega t\u00e4idetud kala ja k\u00f5risevat palli.<\/p>\n<p>M\u00f5\u00f5dud: k\u00f5rgus 12cm, laius 23cm<\/p>\n<p>&nbsp;<\/p>\n<p>Tootja: Petstages<\/p>","protected":false},"excerpt":{"rendered":"<p>P\u00f5nev m\u00e4ng ja kratsimisalus \u00fches komplektis! Kassidele meeldib.<\/p>\n","protected":false},"featured_media":2875,"comment_status":"open","ping_status":"closed","template":"","meta":[],"product_brand":[],"product_cat":[47],"product_tag":[],"class_list":{"0":"post-2908","1":"product","2":"type-product","3":"status-publish","4":"has-post-thumbnail","6":"product_cat-kassidele","8":"first","9":"instock","10":"taxable","11":"shipping-taxable","12":"purchasable","13":"product-type-simple"},"_links":{"self":[{"href":"https:\/\/nina-ottosson.ee\/et\/wp-json\/wp\/v2\/product\/2908","targetHints":{"allow":["GET"]}}],"collection":[{"href":"https:\/\/nina-ottosson.ee\/et\/wp-json\/wp\/v2\/product"}],"about":[{"href":"https:\/\/nina-ottosson.ee\/et\/wp-json\/wp\/v2\/types\/product"}],"replies":[{"embeddable":true,"href":"https:\/\/nina-ottosson.ee\/et\/wp-json\/wp\/v2\/comments?post=2908"}],"wp:featuredmedia":[{"embeddable":true,"href":"https:\/\/nina-ottosson.ee\/et\/wp-json\/wp\/v2\/media\/2875"}],"wp:attachment":[{"href":"https:\/\/nina-ottosson.ee\/et\/wp-json\/wp\/v2\/media?parent=2908"}],"wp:term":[{"taxonomy":"product_brand","embeddable":true,"href":"https:\/\/nina-ottosson.ee\/et\/wp-json\/wp\/v2\/product_brand?post=2908"},{"taxonomy":"product_cat","embeddable":true,"href":"https:\/\/nina-ottosson.ee\/et\/wp-json\/wp\/v2\/product_cat?post=2908"},{"taxonomy":"product_tag","embeddable":true,"href":"https:\/\/nina-ottosson.ee\/et\/wp-json\/wp\/v2\/product_tag?post=2908"}],"curies":[{"name":"wp","href":"https:\/\/api.w.org\/{rel}","templated":true}]}}