{"id":3077,"date":"2021-05-24T08:06:50","date_gmt":"2021-05-24T08:06:50","guid":{"rendered":"https:\/\/nina-ottosson.ee\/?post_type=product&#038;p=3077"},"modified":"2023-05-16T08:06:14","modified_gmt":"2023-05-16T08:06:14","slug":"granby-ripstop-paastevest","status":"publish","type":"product","link":"https:\/\/nina-ottosson.ee\/et\/tooted\/muud-tooted\/granby-ripstop-paastevest\/","title":{"rendered":"Granby Ripstop koerte p\u00e4\u00e4stevest"},"content":{"rendered":"<p>Outward Hound&#8217;s Granby Splash Dog Life Jacket on h\u00e4sti toimiv koerte ujumisvahend paadis\u00f5idul, veespordis ja muudel veekogudega seotud tegevustel koeraga. P\u00e4\u00e4stevest on disainitud eesm\u00e4rgiga lasta teie koeral turvaliselt nautida veer\u00f5\u00f5me. Vesti \u00fclemises osas asuvad sangad v\u00f5imaldavad vajadusel koera kergesti veest v\u00e4lja t\u00f5sta.<\/p>\n<p>Kuna koerad on erinevas suuruses ja erineva kehakujuga, siis \u00f5ige p\u00e4\u00e4stevesti suuruse valimiseks m\u00f5\u00f5da koera rindkere \u00fcmberm\u00f5\u00f5t k\u00f5ige laiemast kohast.\u00a0 V\u00f5ta kindlasti arvesse ka teisi omadusi mis v\u00f5ivad vesti sobivust m\u00f5jutada, n\u00e4iteks laiad \u00f5lad, pikk torso jne. Kui m\u00f5\u00f5t j\u00e4\u00e4b kahe m\u00f5\u00f5du vahele, vali suurem.<\/p>\n<p><strong>XS: 28-39 cm, 2.3 &#8211; 6.8 kg<\/strong><\/p>\n<p><strong> S: 40-51 cm, 6.8 &#8211; 13.6 kg<\/strong><\/p>\n<p><strong> M: 52-69 cm, 13.6 &#8211; 25 kg<\/strong><\/p>\n<p><strong>L: 70-81 cm, 25 &#8211; 38.5 kg<\/strong><\/p>\n<p><strong> XL: 82-112 cm, 38.5 &#8211; 45.4 kg<\/strong><\/p>\n<div class=\"column main\">\n<div class=\"product-info-main\">\n<div class=\"product attribute overview\">\n<div class=\"value\">\n<ul>\n<li>SULISTA TURVALISELT: p\u00e4\u00e4stevest on disainitud erksate v\u00e4rvidega ja helkurribadega, et koer oleks ujumise ajal n\u00e4htav. Vesti eesosas olev ujuv tugi aitab koeral pead vee peal hoida s\u00f5ltumata sellest kas nad on algajad v\u00f5i kogenud ujujad.<\/li>\n<li>SOBIB NII ALGAJATELE KUI EDASIJ\u00d5UDNUTELE: vest on materjalist mis annab vees maksimum ujuvuse ja ei piira liikumist kuival maal. K\u00fclje peal olevad turvalised kinnitusklambrid on kohandatavad. K\u00f5hupealne neopreenist osa toetab rinda ja k\u00f5htu.<\/li>\n<li>TURVAK\u00c4EPIDE: k\u00e4epide on lihtsalt haaratav. XS ja S suurustel on \u00fcks k\u00e4epide, teistel suurustel on kaks k\u00e4epidet.<\/li>\n<li>SUURUS P\u00d5HINEB RINNA\u00dcMBERM\u00d5\u00d5DUL: Koerte kehakuju ja suurused on v\u00e4ga erinevad. Sobiliku leiavad k\u00f5ik. Suurused on vahemikus XS kuni XL. M\u00f5\u00f5tmise aluseks on rinna\u00fcmberm\u00f5\u00f5t k\u00f5ige laiemast kohast.<\/li>\n<li>KASUTA TURVALISELT : \u00dckski lemmiklooma tarvik ei ole purunematu. \u00c4ra j\u00e4ta vesti j\u00e4relvalveta koerte juurde. Kahjustatud vest eemalda kasutusest..<\/li>\n<\/ul>\n<p>TURVALISUS JA HOOLDUS: Koerte p\u00e4\u00e4stevest on ujumise abivahend ja m\u00f5eldud kasutamiseks rahulikule koerale rahulikes vetes. Kasuta k\u00e4epidet koera t\u00f5stmiseks ainult h\u00e4daolukorras. \u00c4ra j\u00e4ta koera t\u00e4helepanuta vesti kasutamise ajal. Toode on m\u00f5eldud ainult koertele.<\/p>\n<p>TOOTJA: Outward Hound Nina Ottosson AB<\/p>\n<\/div>\n<\/div>\n<\/div>\n<\/div>\n<p><\/p>","protected":false},"excerpt":{"rendered":"<p>Vastupidavast materjalist t\u00f5stmissangadega koerte p\u00e4\u00e4stevest. Hoiab koera turvaliselt veepinnal.<\/p>\n<p>https:\/\/youtu.be\/DgC4LNURke8<\/p>\n","protected":false},"featured_media":3084,"comment_status":"open","ping_status":"closed","template":"","meta":[],"product_brand":[],"product_cat":[35,33,39],"product_tag":[],"class_list":{"0":"post-3077","1":"product","2":"type-product","3":"status-publish","4":"has-post-thumbnail","6":"product_cat-muud-tooted","7":"product_cat-ninaottosson","8":"product_cat-sooduspakkumised","10":"first","11":"instock","12":"sale","13":"taxable","14":"shipping-taxable","15":"purchasable","16":"product-type-variable"},"_links":{"self":[{"href":"https:\/\/nina-ottosson.ee\/et\/wp-json\/wp\/v2\/product\/3077","targetHints":{"allow":["GET"]}}],"collection":[{"href":"https:\/\/nina-ottosson.ee\/et\/wp-json\/wp\/v2\/product"}],"about":[{"href":"https:\/\/nina-ottosson.ee\/et\/wp-json\/wp\/v2\/types\/product"}],"replies":[{"embeddable":true,"href":"https:\/\/nina-ottosson.ee\/et\/wp-json\/wp\/v2\/comments?post=3077"}],"wp:featuredmedia":[{"embeddable":true,"href":"https:\/\/nina-ottosson.ee\/et\/wp-json\/wp\/v2\/media\/3084"}],"wp:attachment":[{"href":"https:\/\/nina-ottosson.ee\/et\/wp-json\/wp\/v2\/media?parent=3077"}],"wp:term":[{"taxonomy":"product_brand","embeddable":true,"href":"https:\/\/nina-ottosson.ee\/et\/wp-json\/wp\/v2\/product_brand?post=3077"},{"taxonomy":"product_cat","embeddable":true,"href":"https:\/\/nina-ottosson.ee\/et\/wp-json\/wp\/v2\/product_cat?post=3077"},{"taxonomy":"product_tag","embeddable":true,"href":"https:\/\/nina-ottosson.ee\/et\/wp-json\/wp\/v2\/product_tag?post=3077"}],"curies":[{"name":"wp","href":"https:\/\/api.w.org\/{rel}","templated":true}]}}