{"id":3089,"date":"2021-05-25T07:00:01","date_gmt":"2021-05-25T07:00:01","guid":{"rendered":"https:\/\/nina-ottosson.ee\/?post_type=product&#038;p=3089"},"modified":"2024-01-04T12:50:12","modified_gmt":"2024-01-04T12:50:12","slug":"nurrupadi-kassipoegadele","status":"publish","type":"product","link":"https:\/\/nina-ottosson.ee\/et\/tooted\/kassidele\/nurrupadi-kassipoegadele\/","title":{"rendered":"Nurrupadi kassipoegadele"},"content":{"rendered":"<p>Nurrupadi on sobilik k\u00f5igile kassidele kes tunnevad \u00e4revust v\u00f5i kes tahavad palju kaisutada. Padi on pehme, mugav ja nurrub nii tuttavalt. Nurrumise saab k\u00e4ivitada vajutades pead, nurrumine kestab 2 minutit. Kui padi vajab pesemist, eemalda nurrumasin ja patja ennast v\u00f5ib pesta pesumasinas. Lase kuivada enne nurrumasina tagasi panemist.<\/p>\n<ul>\n<li>V\u00c4HENDAB \u00c4REVUST: pehmest materjalist kassi m\u00e4nguasi on suurep\u00e4rane v\u00f5imalus rahustada kassipoega.<\/li>\n<li>PUUDUTA AKTIVEERIMISEKS: nurrupadja eesm\u00e4rk on pakkuda kassile tuttavat ja rahustavat kassi nurrumist. Nurrumine kestab 2 minutit iga kord kui patja peast pigistatakse v\u00f5i kaisutatakse.<\/li>\n<li>KAISUTAMA KUTSUV KANGAS: pehme kangas ja erksad v\u00e4rvid teevad nurrupadjast lemmik kaisuka uneajaks.<\/li>\n<li>EEMALDAVAT NURRUMASIN PESU AJAKS: hoia oma kassipoja lemmik kaisukas puhtana lihtsalt eemaldades pesu ajaks nurrumasina. Kaisukat v\u00f5ib pesta pesumasinas. Lase kuivada enne nurrumasina tagasi paigaldamist.<\/li>\n<li>M\u00c4NGI TURVALISELT: \u00dckski m\u00e4nguasi ei ole purunematu. \u00c4ra j\u00e4ta m\u00e4nguasju j\u00e4relvalveta teistele lemmikloomadele. Eemalda kahjustunud m\u00e4nguasi kasutusest.<\/li>\n<\/ul>\n<p>Tootja: Petstages<\/p>","protected":false},"excerpt":{"rendered":"<p>Rahustab \u00e4revil kassipoega<\/p>\n<p>https:\/\/youtu.be\/lho2Sh3J3qM<\/p>\n","protected":false},"featured_media":3090,"comment_status":"open","ping_status":"closed","template":"","meta":[],"product_brand":[],"product_cat":[47,33],"product_tag":[],"class_list":{"0":"post-3089","1":"product","2":"type-product","3":"status-publish","4":"has-post-thumbnail","6":"product_cat-kassidele","7":"product_cat-ninaottosson","9":"first","10":"instock","11":"taxable","12":"shipping-taxable","13":"purchasable","14":"product-type-simple"},"_links":{"self":[{"href":"https:\/\/nina-ottosson.ee\/et\/wp-json\/wp\/v2\/product\/3089","targetHints":{"allow":["GET"]}}],"collection":[{"href":"https:\/\/nina-ottosson.ee\/et\/wp-json\/wp\/v2\/product"}],"about":[{"href":"https:\/\/nina-ottosson.ee\/et\/wp-json\/wp\/v2\/types\/product"}],"replies":[{"embeddable":true,"href":"https:\/\/nina-ottosson.ee\/et\/wp-json\/wp\/v2\/comments?post=3089"}],"wp:featuredmedia":[{"embeddable":true,"href":"https:\/\/nina-ottosson.ee\/et\/wp-json\/wp\/v2\/media\/3090"}],"wp:attachment":[{"href":"https:\/\/nina-ottosson.ee\/et\/wp-json\/wp\/v2\/media?parent=3089"}],"wp:term":[{"taxonomy":"product_brand","embeddable":true,"href":"https:\/\/nina-ottosson.ee\/et\/wp-json\/wp\/v2\/product_brand?post=3089"},{"taxonomy":"product_cat","embeddable":true,"href":"https:\/\/nina-ottosson.ee\/et\/wp-json\/wp\/v2\/product_cat?post=3089"},{"taxonomy":"product_tag","embeddable":true,"href":"https:\/\/nina-ottosson.ee\/et\/wp-json\/wp\/v2\/product_tag?post=3089"}],"curies":[{"name":"wp","href":"https:\/\/api.w.org\/{rel}","templated":true}]}}