{"id":3097,"date":"2021-05-27T10:59:20","date_gmt":"2021-05-27T10:59:20","guid":{"rendered":"https:\/\/nina-ottosson.ee\/?post_type=product&#038;p=3097"},"modified":"2023-12-14T11:14:12","modified_gmt":"2023-12-14T11:14:12","slug":"rainy-day-puzzle-play","status":"publish","type":"product","link":"https:\/\/nina-ottosson.ee\/et\/tooted\/ninaottosson\/tase3mangud\/rainy-day-puzzle-play\/","title":{"rendered":"RAINY DAY PUZZLE &#038; PLAY"},"content":{"rendered":"<p>Nina Ottosson&#8217;i Rainy Day Puzzle &amp; Play \u2013 Mj\u00e4u!<\/p>\n<p>Raskusaste 3<\/p>\n<p>Sinu nutikale kassile meeldib v\u00e4ga selle m\u00e4ngu v\u00e4ljakutse!\u00a0Kass jahib klotse, keerutab ratast ja l\u00fckkab eemale siniseid vihmapiisku. 14 v\u00f5imalust maiuste peitmiseks. Maiused on peidetud nii klotside sisse kui vihmapiiskade alla. Kohanda ise raskusastet. Tee algajatele lihtsamaks ning nutikamatel keerulisemaks. Klotsi sees oleva maiuse saab k\u00e4tte kui kass l\u00fckkab klotsi ava kohale ning maius kukub sinna sisse.<\/p>\n<p><strong>Kasuta toidukausina.<\/strong> Selle asemel, et lihtsalt s\u00fc\u00fca, rakendab ta ka enda jahiinstinkte. Sobib nii kuiv- kui m\u00e4rgtoidu jaoks. V\u00f5id m\u00e4ngu koos toiduga panna erinevatesse kohtadesse iga p\u00e4ev, diivani v\u00f5i ukse taha, et arendada kassi jahiinstinkti. Kassid m\u00e4ngivad tavaliselt siis kui nad seda ise tahavad. M\u00e4ng on toidun\u00f5uks sobivast materjalist ning tal ei ole lahtisi osi. Tehtud komposiitmaterjalist mis on segu puidust ja plastikust. Materjal on tugev, vastupidav ja lihtne puhastada.<\/p>\n<p>Puhastamiseks sobib k\u00e4sipesu sooja veega kerge n\u00f5udepesuvahendiga, loputa ja kuivata. Ja t\u00e4ida j\u00e4lle!<\/p>\n<p>Nina Ottossoni m\u00e4ngud aitavad v\u00e4hendada igavusest p\u00f5hjustatud ebasoovitavat k\u00e4itumist ning treenib kassi ka vaimselt.<\/p>\n<p>\u00c4rge laske kassil m\u00e4ngu n\u00e4rida. M\u00e4ng on m\u00f5eldud lemmikloomadele ja ei ole sobilik lastele.<\/p>\n<p><strong>M\u00e4ng on sobilik ka koertele ja teistele lemmikloomadele<\/strong><\/p>\n<ul>\n<li>m\u00e4ng on hea igavusepeletaja<\/li>\n<li>ait\u00e4b v\u00e4hendada ebasovivat k\u00e4itumist ja hoiab kassi tegevuses<\/li>\n<li>aitab tugevdada teie omavahelist sidet<\/li>\n<\/ul>\n<p class=\"h2 tws-article-description--heading ng-binding\">Suurus: 39,5 x 3 x 23,5 cm<\/p>\n<p class=\"h2 tws-article-description--heading ng-binding\">\n<p><\/p>","protected":false},"excerpt":{"rendered":"<p>Sinu nutikale kassile meeldib Nina Ottossoni m\u00e4ngu Rainy Day Puzzle &amp; Play v\u00e4ljakutse! Kass jahib klotse, keerutab ketast ja l\u00fckkab vihmapiisku eemale, et saada k\u00e4tte parimad palad 14st peidikust. Kohanda ise raskust, et algajal oleks lihtsam ja edasij\u00f5udnumal raskem. M\u00e4ng alaku!<\/p>\n<p>https:\/\/youtu.be\/YtRR0_fxW70<\/p>\n","protected":false},"featured_media":3100,"comment_status":"open","ping_status":"closed","template":"","meta":[],"product_brand":[],"product_cat":[47,33,46],"product_tag":[],"class_list":{"0":"post-3097","1":"product","2":"type-product","3":"status-publish","4":"has-post-thumbnail","6":"product_cat-kassidele","7":"product_cat-ninaottosson","8":"product_cat-tase3mangud","10":"first","11":"instock","12":"taxable","13":"shipping-taxable","14":"purchasable","15":"product-type-simple"},"_links":{"self":[{"href":"https:\/\/nina-ottosson.ee\/et\/wp-json\/wp\/v2\/product\/3097","targetHints":{"allow":["GET"]}}],"collection":[{"href":"https:\/\/nina-ottosson.ee\/et\/wp-json\/wp\/v2\/product"}],"about":[{"href":"https:\/\/nina-ottosson.ee\/et\/wp-json\/wp\/v2\/types\/product"}],"replies":[{"embeddable":true,"href":"https:\/\/nina-ottosson.ee\/et\/wp-json\/wp\/v2\/comments?post=3097"}],"wp:featuredmedia":[{"embeddable":true,"href":"https:\/\/nina-ottosson.ee\/et\/wp-json\/wp\/v2\/media\/3100"}],"wp:attachment":[{"href":"https:\/\/nina-ottosson.ee\/et\/wp-json\/wp\/v2\/media?parent=3097"}],"wp:term":[{"taxonomy":"product_brand","embeddable":true,"href":"https:\/\/nina-ottosson.ee\/et\/wp-json\/wp\/v2\/product_brand?post=3097"},{"taxonomy":"product_cat","embeddable":true,"href":"https:\/\/nina-ottosson.ee\/et\/wp-json\/wp\/v2\/product_cat?post=3097"},{"taxonomy":"product_tag","embeddable":true,"href":"https:\/\/nina-ottosson.ee\/et\/wp-json\/wp\/v2\/product_tag?post=3097"}],"curies":[{"name":"wp","href":"https:\/\/api.w.org\/{rel}","templated":true}]}}