{"id":3105,"date":"2021-06-01T07:27:59","date_gmt":"2021-06-01T07:27:59","guid":{"rendered":"https:\/\/nina-ottosson.ee\/?post_type=product&#038;p=3105"},"modified":"2023-12-14T11:13:35","modified_gmt":"2023-12-14T11:13:35","slug":"fun-feeder","status":"publish","type":"product","link":"https:\/\/nina-ottosson.ee\/et\/tooted\/ninaottosson\/maiusepallid\/fun-feeder\/","title":{"rendered":"Fun Feeder &#8211; aeglase s\u00f6\u00f6mise kauss"},"content":{"rendered":"<p>Isegi kui koer ei pea toidu p\u00e4rast v\u00f5itlema, s\u00e4ilivad elluj\u00e4\u00e4misinstinktid isegi k\u00f5ige paremini treenitud koeral. Seep\u00e4rast on Outward Hound loonud Fun Feeder Slo Bowl l\u00f5busa ja aeglase s\u00f6\u00f6mise kausid. Need kausid aeglustavad s\u00f6\u00f6misaega kuni 10x pikemaks. Kutsikatel aitab see kaasa paremale seedimisele ning kohandab aeglasema ja tervislikuma s\u00f6\u00f6mistempoga.<\/p>\n<ul>\n<li>AEGLUSTAB S\u00d6\u00d6MISTEMPOT KUNI 10 KORDA<\/li>\n<li>AITAB KAASA PAREMALE TOIDU SEEDIMISELE: Tavaliselt kaasnevad kiire s\u00f6\u00f6misega k\u00f5hugaasid, oksendamine ja rasvumine. Fun Feeder kausid hoiavad koera tegevuses ja aitavad omakorda v\u00e4hendada \u00fcles\u00f6\u00f6mist.<\/li>\n<li>LIBISEMISVASTANE P\u00d5HI JA TOIDUN\u00d5UDEKS SOBIV PLASTIK: kausid on tehtud libisemisvastased, et kauss p\u00fcsiks paigal ja toit kausis s\u00f6\u00f6mise ajal. BPA, PVC ja ftalaadivaba.<\/li>\n<li>ERINEVAS SUURUSES KAUSID: vali vastavalt koera suurusele. Kausid sobivad nii kuiv-, m\u00e4rg- kui toortoidu jaoks.<\/li>\n<li>LIHTNE PUHASTADA: kausid on pestavad n\u00f5udepesumasinas.<\/li>\n<\/ul>\n<p><\/p>","protected":false},"excerpt":{"rendered":"<p>https:\/\/youtu.be\/jksP9MMYQO8<\/p>\n","protected":false},"featured_media":3110,"comment_status":"open","ping_status":"closed","template":"","meta":[],"product_brand":[],"product_cat":[43,35,33,44],"product_tag":[],"class_list":{"0":"post-3105","1":"product","2":"type-product","3":"status-publish","4":"has-post-thumbnail","6":"product_cat-maiusepallid","7":"product_cat-muud-tooted","8":"product_cat-ninaottosson","9":"product_cat-algajad","11":"first","12":"instock","13":"taxable","14":"shipping-taxable","15":"purchasable","16":"product-type-variable"},"_links":{"self":[{"href":"https:\/\/nina-ottosson.ee\/et\/wp-json\/wp\/v2\/product\/3105","targetHints":{"allow":["GET"]}}],"collection":[{"href":"https:\/\/nina-ottosson.ee\/et\/wp-json\/wp\/v2\/product"}],"about":[{"href":"https:\/\/nina-ottosson.ee\/et\/wp-json\/wp\/v2\/types\/product"}],"replies":[{"embeddable":true,"href":"https:\/\/nina-ottosson.ee\/et\/wp-json\/wp\/v2\/comments?post=3105"}],"wp:featuredmedia":[{"embeddable":true,"href":"https:\/\/nina-ottosson.ee\/et\/wp-json\/wp\/v2\/media\/3110"}],"wp:attachment":[{"href":"https:\/\/nina-ottosson.ee\/et\/wp-json\/wp\/v2\/media?parent=3105"}],"wp:term":[{"taxonomy":"product_brand","embeddable":true,"href":"https:\/\/nina-ottosson.ee\/et\/wp-json\/wp\/v2\/product_brand?post=3105"},{"taxonomy":"product_cat","embeddable":true,"href":"https:\/\/nina-ottosson.ee\/et\/wp-json\/wp\/v2\/product_cat?post=3105"},{"taxonomy":"product_tag","embeddable":true,"href":"https:\/\/nina-ottosson.ee\/et\/wp-json\/wp\/v2\/product_tag?post=3105"}],"curies":[{"name":"wp","href":"https:\/\/api.w.org\/{rel}","templated":true}]}}