{"id":3118,"date":"2021-06-08T07:14:28","date_gmt":"2021-06-08T07:14:28","guid":{"rendered":"https:\/\/nina-ottosson.ee\/?post_type=product&#038;p=3118"},"modified":"2023-12-14T11:12:48","modified_gmt":"2023-12-14T11:12:48","slug":"tower-of-tracks","status":"publish","type":"product","link":"https:\/\/nina-ottosson.ee\/et\/tooted\/kassidele\/tower-of-tracks\/","title":{"rendered":"Tower of Tracks"},"content":{"rendered":"<p>Petstage Tower of Tracks paneb kindlasti teie kassipoja erksav\u00e4rvilisi, rajal rallivaid palle jahtima, taga ajama ja p\u00fc\u00fcdma. M\u00e4ngul on kolm \u00fcksteise peal asuvat rada. P\u00f5hja all on mittelibisev kiht ja m\u00e4ngul on tugev konstruktsioon. Seet\u00f5ttu sobib ka peredesse kus on mitu kassi.<\/p>\n<ul>\n<li>KASS KESKENDUB M\u00c4NGULE: kolmekihiline rada ja erksad liikuvad pallid p\u00fc\u00fcavad kassi t\u00e4helepanu ja jahiinstinkti.<\/li>\n<li>SOBIB NII \u00dcHE KUI MITME KASSIGA PEREDELE: Olenemata sellest kas sul on \u00fcks v\u00f5i mitu kassi, Tower of Tracks hoiab su v\u00e4ikesed karvased s\u00f5brad tegevuses oma v\u00e4rviliste ja p\u00f6\u00f6rlevate pallidega.<\/li>\n<li>UNIKAALNE TURVAKAAR: V\u00e4ike turvaline tala \u00fclemises osas, keskmise avause katmiseks, hoiab uudishimulikud kassid eemal sinna pugemisest ja kinni j\u00e4\u00e4misest keskendunud m\u00e4ngu ajal.<\/li>\n<li>TUGEV KONSTRUKTSIOON JA MITTELIBISEV P\u00d5HI<\/li>\n<li>M\u00c4NGI TURVALISELT: \u00dckski m\u00e4nguasi pole purunematu. \u00c4ra j\u00e4ta loomi j\u00e4relvalveta m\u00e4ngu ajal. Kahjustunud m\u00e4ng eemalda kasutusest.<\/li>\n<\/ul>\n<p>M\u00f5\u00f5dud: k\u00f5rgus 14cm, alumine laius 25 cm, \u00fclemine laius 16cm<\/p>\n<p>Tootja: Petstages<\/p>","protected":false},"excerpt":{"rendered":"<p>https:\/\/youtu.be\/NRdcmeuGKQQ<\/p>\n","protected":false},"featured_media":3120,"comment_status":"open","ping_status":"closed","template":"","meta":[],"product_brand":[],"product_cat":[47,33],"product_tag":[],"class_list":{"0":"post-3118","1":"product","2":"type-product","3":"status-publish","4":"has-post-thumbnail","6":"product_cat-kassidele","7":"product_cat-ninaottosson","9":"first","10":"instock","11":"taxable","12":"shipping-taxable","13":"purchasable","14":"product-type-simple"},"_links":{"self":[{"href":"https:\/\/nina-ottosson.ee\/et\/wp-json\/wp\/v2\/product\/3118","targetHints":{"allow":["GET"]}}],"collection":[{"href":"https:\/\/nina-ottosson.ee\/et\/wp-json\/wp\/v2\/product"}],"about":[{"href":"https:\/\/nina-ottosson.ee\/et\/wp-json\/wp\/v2\/types\/product"}],"replies":[{"embeddable":true,"href":"https:\/\/nina-ottosson.ee\/et\/wp-json\/wp\/v2\/comments?post=3118"}],"wp:featuredmedia":[{"embeddable":true,"href":"https:\/\/nina-ottosson.ee\/et\/wp-json\/wp\/v2\/media\/3120"}],"wp:attachment":[{"href":"https:\/\/nina-ottosson.ee\/et\/wp-json\/wp\/v2\/media?parent=3118"}],"wp:term":[{"taxonomy":"product_brand","embeddable":true,"href":"https:\/\/nina-ottosson.ee\/et\/wp-json\/wp\/v2\/product_brand?post=3118"},{"taxonomy":"product_cat","embeddable":true,"href":"https:\/\/nina-ottosson.ee\/et\/wp-json\/wp\/v2\/product_cat?post=3118"},{"taxonomy":"product_tag","embeddable":true,"href":"https:\/\/nina-ottosson.ee\/et\/wp-json\/wp\/v2\/product_tag?post=3118"}],"curies":[{"name":"wp","href":"https:\/\/api.w.org\/{rel}","templated":true}]}}