{"id":3257,"date":"2021-11-16T13:21:25","date_gmt":"2021-11-16T13:21:25","guid":{"rendered":"https:\/\/nina-ottosson.ee\/?post_type=product&#038;p=3257"},"modified":"2023-12-14T11:12:16","modified_gmt":"2023-12-14T11:12:16","slug":"feather-fish-bone","status":"publish","type":"product","link":"https:\/\/nina-ottosson.ee\/et\/tooted\/kassidele\/feather-fish-bone\/","title":{"rendered":"Feather Fish Bone"},"content":{"rendered":"<p>Petstages kassidele m\u00f5eldud m\u00e4nguasi Feather Fish Bone toob v\u00e4lja kassi metsikud instinktid. Aitab v\u00e4ltida igavust ja hoiab kassi aktiivses tegevuses. M\u00e4nguasi on pehme ja kerge ning t\u00e4idetud naisten\u00f5gesega. Sulgedest saba ja kerge kaal teeb m\u00e4nguasja kergesti lennutatavaks ja kassi poolt kantavaks. Sellega on kassil lihtne jahtimise ja tagaajamise m\u00e4nge m\u00e4ngida.<\/p>","protected":false},"excerpt":{"rendered":"<ul>\n<li>Hoiab Su kassi tegevuses<\/li>\n<li>T\u00e4idetud 100% naisten\u00f5gesega<\/li>\n<li>Kerge kaalu t\u00f5ttu lihtne jahtida, taga ajada ja ringi tassida<\/li>\n<li>Vastab kassi instinktidele ja f\u00fc\u00fcsilistele vajadustele<\/li>\n<\/ul>\n<div class=\"row\" data-test-property=\"Item Height (cm)\">\n<div class=\"medium-4 columns\"><span class=\"product-property-name\">Pakendis toote k\u00f5rgus (cm) &#8211; <\/span>1.91<\/div>\n<\/div>\n<div class=\"row\" data-test-property=\"Item Length (cm)\">\n<div class=\"medium-4 columns\"><span class=\"product-property-name\">Pakendis toote pikkus (cm) &#8211; <\/span>26.67, toote enda pikkus koos sulgedega 22cm, kerepikkus 12cm<\/div>\n<\/div>\n<div class=\"row\" data-test-property=\"Item Wt (kg)\">\n<div class=\"medium-4 columns\"><span class=\"product-property-name\">Pakendis toote kaal (kg) &#8211; <\/span>0.02<\/div>\n<\/div>\n<div class=\"row\" data-test-property=\"Brand EU\">\n<div class=\"medium-4 columns\"><span class=\"product-property-name\">Tootja &#8211; <\/span>Petstages<\/div>\n<\/div>\n","protected":false},"featured_media":3259,"comment_status":"open","ping_status":"closed","template":"","meta":[],"product_brand":[],"product_cat":[47,35],"product_tag":[],"class_list":{"0":"post-3257","1":"product","2":"type-product","3":"status-publish","4":"has-post-thumbnail","6":"product_cat-kassidele","7":"product_cat-muud-tooted","9":"first","10":"instock","11":"taxable","12":"shipping-taxable","13":"purchasable","14":"product-type-simple"},"_links":{"self":[{"href":"https:\/\/nina-ottosson.ee\/et\/wp-json\/wp\/v2\/product\/3257","targetHints":{"allow":["GET"]}}],"collection":[{"href":"https:\/\/nina-ottosson.ee\/et\/wp-json\/wp\/v2\/product"}],"about":[{"href":"https:\/\/nina-ottosson.ee\/et\/wp-json\/wp\/v2\/types\/product"}],"replies":[{"embeddable":true,"href":"https:\/\/nina-ottosson.ee\/et\/wp-json\/wp\/v2\/comments?post=3257"}],"wp:featuredmedia":[{"embeddable":true,"href":"https:\/\/nina-ottosson.ee\/et\/wp-json\/wp\/v2\/media\/3259"}],"wp:attachment":[{"href":"https:\/\/nina-ottosson.ee\/et\/wp-json\/wp\/v2\/media?parent=3257"}],"wp:term":[{"taxonomy":"product_brand","embeddable":true,"href":"https:\/\/nina-ottosson.ee\/et\/wp-json\/wp\/v2\/product_brand?post=3257"},{"taxonomy":"product_cat","embeddable":true,"href":"https:\/\/nina-ottosson.ee\/et\/wp-json\/wp\/v2\/product_cat?post=3257"},{"taxonomy":"product_tag","embeddable":true,"href":"https:\/\/nina-ottosson.ee\/et\/wp-json\/wp\/v2\/product_tag?post=3257"}],"curies":[{"name":"wp","href":"https:\/\/api.w.org\/{rel}","templated":true}]}}