{"id":3484,"date":"2022-10-03T07:18:05","date_gmt":"2022-10-03T07:18:05","guid":{"rendered":"https:\/\/nina-ottosson.ee\/?post_type=product&#038;p=3484"},"modified":"2023-12-14T11:10:08","modified_gmt":"2023-12-14T11:10:08","slug":"aktiivsusmatt","status":"publish","type":"product","link":"https:\/\/nina-ottosson.ee\/et\/tooted\/ninaottosson\/tase2mangud\/aktiivsusmatt\/","title":{"rendered":"Aktiivsusmatt"},"content":{"rendered":"<p><\/p>\n<div>Peida ja otsi maiused, kuivtoitu, m\u00e4nguasju v\u00f5i n\u00e4rimiskonte. Hoia oma koera tegevuses 3 f\u00fc\u00fcsilise ja vaimse v\u00e4ljakutsega.<\/div>\n<div><\/div>\n<div>TASE &#8211; 2<\/div>\n<div><\/div>\n<div>Aktiivsusmatti on l\u00f5bus kasutada, lihtne puhastada ja sobib h\u00e4sti nii vaimseks kui f\u00fc\u00fcsiliseks tegevuseks. Aktiivsusmatt on erinevate peitmisv\u00f5imalustega mis teeb\u00a0 m\u00e4ngu v\u00e4ljakutseid esitavaks. Kui koer on maiused v\u00f5i kr\u00f5buskid nuuskimismatist \u00fcles leidnud, t\u00f5sta taset ja peida toit\/maius taskutesse ja pane omakorda peale m\u00e4nguasi. Veelgi suurem v\u00e4ljakutse on kui peidad maiused suletud sahtlisse.<\/div>\n<div>Peale m\u00e4ngu l\u00f5ppu on matti lihtne kokku pakkida hoiustamiseks.<\/div>\n<div><\/div>\n<div>Sobib k\u00f5igile koertele, s\u00f5ltumata vanusest, suurusest v\u00f5i t\u00f5ust.<\/div>\n<div><\/div>\n<ul>\n<li><strong>Hoiab koera tegevuses:<\/strong> Aktiivsusmatil on kolm erinevat v\u00e4ljakutset mis pakub nii f\u00fc\u00fcsilist kui vaimset tegevust.<\/li>\n<\/ul>\n<div>\n<ul class=\"descrip-list\">\n<li><strong>V\u00e4hendab destruktiivset k\u00e4itumist:\u00a0<\/strong>pakkudes koerale m\u00f5ttetegevust aitad tal v\u00f5idelda igavusega mis v\u00f5ib omakorda viia soovimatu k\u00e4itumiseni.<\/li>\n<li><strong>3 erinevat v\u00f5imalust m\u00e4ngida:\u00a0<\/strong>saad suurendada m\u00e4ngu v\u00e4ljakutset peites maiuseid erineva lukustusega taskutesse.<\/li>\n<li><strong>mitte libisev ja veekindel p\u00f5hi:<\/strong> lihtne puhastada.<\/li>\n<li><strong>see ei ole n\u00e4rimism\u00e4nguasi:\u00a0<\/strong>M\u00c4NGIGE KOOS. Nina Ottossoni koera pusled on m\u00f5eldud probleem\u00fclesannete lahendamiseks. M\u00e4ngige koos ja j\u00e4relvalve all. \u00c4ra lase koeral m\u00e4ngu n\u00e4rida. \u00d5peta koerale kuidas m\u00e4ngida ja kiida kui teeb \u00f5igesti ja katkesta m\u00e4ng kui hakkab j\u00f5uliselt m\u00e4ngima, lase rahuneda ning j\u00e4tka m\u00e4ngu. Kui olete l\u00f5petanud pane m\u00e4ng j\u00e4rgmise korrani \u00e4ra.<\/li>\n<\/ul>\n<p>M\u00f5\u00f5dud: 36&#215;55 cm<\/p>\n<\/div>\n<p><\/p>","protected":false},"excerpt":{"rendered":"<p>https:\/\/youtu.be\/PatzgIVG6j4<\/p>\n","protected":false},"featured_media":3492,"comment_status":"open","ping_status":"closed","template":"","meta":[],"product_brand":[],"product_cat":[33,45],"product_tag":[],"class_list":{"0":"post-3484","1":"product","2":"type-product","3":"status-publish","4":"has-post-thumbnail","6":"product_cat-ninaottosson","7":"product_cat-tase2mangud","9":"first","10":"instock","11":"taxable","12":"shipping-taxable","13":"purchasable","14":"product-type-variable"},"_links":{"self":[{"href":"https:\/\/nina-ottosson.ee\/et\/wp-json\/wp\/v2\/product\/3484","targetHints":{"allow":["GET"]}}],"collection":[{"href":"https:\/\/nina-ottosson.ee\/et\/wp-json\/wp\/v2\/product"}],"about":[{"href":"https:\/\/nina-ottosson.ee\/et\/wp-json\/wp\/v2\/types\/product"}],"replies":[{"embeddable":true,"href":"https:\/\/nina-ottosson.ee\/et\/wp-json\/wp\/v2\/comments?post=3484"}],"wp:featuredmedia":[{"embeddable":true,"href":"https:\/\/nina-ottosson.ee\/et\/wp-json\/wp\/v2\/media\/3492"}],"wp:attachment":[{"href":"https:\/\/nina-ottosson.ee\/et\/wp-json\/wp\/v2\/media?parent=3484"}],"wp:term":[{"taxonomy":"product_brand","embeddable":true,"href":"https:\/\/nina-ottosson.ee\/et\/wp-json\/wp\/v2\/product_brand?post=3484"},{"taxonomy":"product_cat","embeddable":true,"href":"https:\/\/nina-ottosson.ee\/et\/wp-json\/wp\/v2\/product_cat?post=3484"},{"taxonomy":"product_tag","embeddable":true,"href":"https:\/\/nina-ottosson.ee\/et\/wp-json\/wp\/v2\/product_tag?post=3484"}],"curies":[{"name":"wp","href":"https:\/\/api.w.org\/{rel}","templated":true}]}}