{"id":3516,"date":"2022-09-22T12:04:12","date_gmt":"2022-09-22T12:04:12","guid":{"rendered":"https:\/\/nina-ottosson.ee\/?post_type=product&#038;p=3516"},"modified":"2023-11-10T07:39:41","modified_gmt":"2023-11-10T07:39:41","slug":"kutsikate-dog-tornado","status":"publish","type":"product","link":"https:\/\/nina-ottosson.ee\/et\/tooted\/ninaottosson\/tase2mangud\/kutsikate-dog-tornado\/","title":{"rendered":"Kutsikate Dog Tornado"},"content":{"rendered":"<p><\/p>\n<div>Kutsika Tornado on mahedates v\u00e4rvitoonides m\u00e4ng Nina Ottossonilt. M\u00e4ng hoiab koera tegevuses ja ei lase tal igavust tunda. Tornado on keskmise taseme m\u00e4ng millel on kolm keerlevat kihti kaheteistk\u00fcmne madalama avaga kuhu peita maiuseid v\u00f5i toitu (sobib ka m\u00e4rgtoit). M\u00e4ng on koerale vaimselt stimuleeriv ja l\u00f5bus. Kutsikas peab keerutama kettaid, et j\u00f5uda maiuseni. Saad t\u00e4iendavalt kasutada kolme kondikujulist klotsi, et t\u00f5sta m\u00e4ngu raskusastet. Klotside k\u00fclge v\u00f5ib panna ka n\u00f6\u00f6ri, et kutsikal oleks lihtsam lukku eemaldada.<\/div>\n<div><\/div>\n<div>M\u00e4ngu k\u00e4igus \u00f5pite \u00fcksteist paremini tundma ning saate kinnistada esmaseid \u00f5pitud k\u00e4sklusi (istu, v\u00f5ta, oota, koht jne).<\/div>\n<div><\/div>\n<div>M\u00e4ng on tehtud BPA, PVC ja ftalaadi vabast materjalist. Puhasta sooja vee ja pesuainega peale m\u00e4ngimist.<\/div>\n<div><\/div>\n<ul class=\"descrip-list\">\n<li><strong>Keskmise raskuastmega m\u00e4ng<\/strong><\/li>\n<li><strong>Igavuse peletaja<\/strong><\/li>\n<li><strong>Lihtne puhastada<\/strong><\/li>\n<li><strong>Toiduainetele sobivast materjalist<\/strong><\/li>\n<li><strong>M\u00e4ngige koos:<\/strong> Nina Ottossoni koera pusled on m\u00f5eldud probleem\u00fclesannete lahendamiseks. M\u00e4ngige koos ja j\u00e4relvalve all. \u00c4ra lase koeral m\u00e4ngu n\u00e4rida. \u00d5peta koerale kuidas m\u00e4ngida ja kiida kui teeb \u00f5igesti ja katkesta m\u00e4ng kui hakkab j\u00f5uliselt m\u00e4ngima, lase rahuneda ning j\u00e4tka m\u00e4ngu. Kui olete l\u00f5petanud pane m\u00e4ng j\u00e4rgmise korrani \u00e4ra.<\/li>\n<\/ul>\n<div>\n<p>M\u00f5\u00f5dud: 8 x 25 x 18cm<\/p>\n<p>M\u00f5\u00f5dud on samad mis kollase ja sinisega DogTornadol<\/p>\n<\/div>\n<p>TASE &#8211; 2<\/p>\n<div>\n<p>&nbsp;<\/p>\n<\/div>\n<p><\/p>","protected":false},"excerpt":{"rendered":"<p>https:\/\/youtu.be\/3kqws03SPWI<\/p>\n","protected":false},"featured_media":3523,"comment_status":"open","ping_status":"closed","template":"","meta":[],"product_brand":[],"product_cat":[33,45],"product_tag":[],"class_list":{"0":"post-3516","1":"product","2":"type-product","3":"status-publish","4":"has-post-thumbnail","6":"product_cat-ninaottosson","7":"product_cat-tase2mangud","9":"first","10":"instock","11":"taxable","12":"shipping-taxable","13":"purchasable","14":"product-type-simple"},"_links":{"self":[{"href":"https:\/\/nina-ottosson.ee\/et\/wp-json\/wp\/v2\/product\/3516","targetHints":{"allow":["GET"]}}],"collection":[{"href":"https:\/\/nina-ottosson.ee\/et\/wp-json\/wp\/v2\/product"}],"about":[{"href":"https:\/\/nina-ottosson.ee\/et\/wp-json\/wp\/v2\/types\/product"}],"replies":[{"embeddable":true,"href":"https:\/\/nina-ottosson.ee\/et\/wp-json\/wp\/v2\/comments?post=3516"}],"wp:featuredmedia":[{"embeddable":true,"href":"https:\/\/nina-ottosson.ee\/et\/wp-json\/wp\/v2\/media\/3523"}],"wp:attachment":[{"href":"https:\/\/nina-ottosson.ee\/et\/wp-json\/wp\/v2\/media?parent=3516"}],"wp:term":[{"taxonomy":"product_brand","embeddable":true,"href":"https:\/\/nina-ottosson.ee\/et\/wp-json\/wp\/v2\/product_brand?post=3516"},{"taxonomy":"product_cat","embeddable":true,"href":"https:\/\/nina-ottosson.ee\/et\/wp-json\/wp\/v2\/product_cat?post=3516"},{"taxonomy":"product_tag","embeddable":true,"href":"https:\/\/nina-ottosson.ee\/et\/wp-json\/wp\/v2\/product_tag?post=3516"}],"curies":[{"name":"wp","href":"https:\/\/api.w.org\/{rel}","templated":true}]}}