{"id":3525,"date":"2022-09-23T11:32:37","date_gmt":"2022-09-23T11:32:37","guid":{"rendered":"https:\/\/nina-ottosson.ee\/?post_type=product&#038;p=3525"},"modified":"2023-11-10T07:38:49","modified_gmt":"2023-11-10T07:38:49","slug":"kutsikate-smart","status":"publish","type":"product","link":"https:\/\/nina-ottosson.ee\/et\/tooted\/ninaottosson\/algajad\/kutsikate-smart\/","title":{"rendered":"Kutsikate Smart"},"content":{"rendered":"<p><\/p>\n<div>Kutsika Smart on mahedas helesinises toonis. Tegu interaktiivse koerapuslega mis sobib h\u00e4sti tutvustamaks koerale probleemilahendamise m\u00e4nge. Smart on esimese taseme m\u00e4ng kus on \u00fcheksa lahtrit kutsika lemmikmaiuste v\u00f5i toidu peitmiseks (sobib ka m\u00e4rgtoit). Kata maiused kondikujuliste klotsidega. Lase koeral nina v\u00f5i k\u00e4paga klotse eemaldada, et j\u00f5uda oma lemmikmaiuseni. Saad m\u00e4ngu raskusastet t\u00f5sta kui paned klotsi k\u00f5rgema osa ettepoole mis teeb klotsi eemaldamise raskemaks. M\u00e4ng hoiab koera tegevuses ja ei lase tal igavust tunda. Klotside k\u00fclge v\u00f5ib panna vajadusel ka n\u00f6\u00f6ri, et kutsikal oleks lihtsam klotsi eemaldada.<\/div>\n<div><\/div>\n<div>M\u00e4ngu k\u00e4igus \u00f5pite \u00fcksteist paremini tundma ning saate kinnistada esmaseid \u00f5pitud k\u00e4sklusi (istu, v\u00f5ta, oota, koht jne).<\/div>\n<div><\/div>\n<div>M\u00e4ng on tehtud BPA, PVC ja ftalaadi vabast materjalist. Puhasta sooja vee ja pesuainega peale m\u00e4ngimist.<\/div>\n<ul class=\"descrip-list\">\n<li><strong>M\u00e4ng algajatele &#8211;\u00a0<\/strong>valmistab koera ette suurema raskusastmega m\u00e4ngudeks. Lihtne \u00fcheastmelise tegevusega m\u00e4ng. Sobilik igale t\u00f5ule ja suurusele<\/li>\n<li><strong>Haarav ja stimuleeriv m\u00e4ng kutsikale &#8211; <\/strong>9 klotsidega kaetud lahtrit. Peida kutsika lemmikmaiused klotside alla. N\u00e4ita kus maiused on, j\u00e4lgi oma koera kuidas ta \u00fclesannet lahendab, ninaga n\u00fcgib v\u00f5i k\u00e4paga t\u00f5mbab. Vaata kuidas koer \u00f5pib m\u00e4ngimise k\u00e4igus. Nii saad aimu millised m\u00e4ngud talle sobivad.<\/li>\n<li><strong>V\u00e4hendab igavust ja destruktiivset k\u00e4itumist &#8211;<\/strong> pakub koerale l\u00f5bu ja m\u00e4ngust saadav preemia v\u00f5ib aidata suunata destruktiivselt k\u00e4itumiselt eemale toetadas samas koera vaimset heaolu.<\/li>\n<li><strong>Toiduainetele sobivast materjalist<\/strong><\/li>\n<li><strong>M\u00e4ngige koos:<\/strong> Nina Ottossoni koera pusled on m\u00f5eldud probleem\u00fclesannete lahendamiseks. M\u00e4ngige koos ja j\u00e4relvalve all. \u00c4ra lase koeral m\u00e4ngu n\u00e4rida. \u00d5peta koerale kuidas m\u00e4ngida ja kiida kui teeb \u00f5igesti ja katkesta m\u00e4ng kui hakkab j\u00f5uliselt m\u00e4ngima, lase rahuneda ning j\u00e4tka m\u00e4ngu. Kui olete l\u00f5petanud pane m\u00e4ng j\u00e4rgmise korrani \u00e4ra.<\/li>\n<\/ul>\n<div>\n<p>M\u00f5\u00f5dud:\u00a04 x 28 x 28cm<\/p>\n<p>M\u00f5\u00f5dud on samad mis punasel DogSmart m\u00e4ngul<\/p>\n<div>\n<p>TASE &#8211; 1<\/p>\n<\/div>\n<\/div>\n<p><\/p>","protected":false},"excerpt":{"rendered":"<p>https:\/\/youtu.be\/3kqws03SPWI<\/p>\n","protected":false},"featured_media":3532,"comment_status":"open","ping_status":"closed","template":"","meta":[],"product_brand":[],"product_cat":[33,44],"product_tag":[],"class_list":{"0":"post-3525","1":"product","2":"type-product","3":"status-publish","4":"has-post-thumbnail","6":"product_cat-ninaottosson","7":"product_cat-algajad","9":"first","10":"instock","11":"taxable","12":"shipping-taxable","13":"purchasable","14":"product-type-simple"},"_links":{"self":[{"href":"https:\/\/nina-ottosson.ee\/et\/wp-json\/wp\/v2\/product\/3525","targetHints":{"allow":["GET"]}}],"collection":[{"href":"https:\/\/nina-ottosson.ee\/et\/wp-json\/wp\/v2\/product"}],"about":[{"href":"https:\/\/nina-ottosson.ee\/et\/wp-json\/wp\/v2\/types\/product"}],"replies":[{"embeddable":true,"href":"https:\/\/nina-ottosson.ee\/et\/wp-json\/wp\/v2\/comments?post=3525"}],"wp:featuredmedia":[{"embeddable":true,"href":"https:\/\/nina-ottosson.ee\/et\/wp-json\/wp\/v2\/media\/3532"}],"wp:attachment":[{"href":"https:\/\/nina-ottosson.ee\/et\/wp-json\/wp\/v2\/media?parent=3525"}],"wp:term":[{"taxonomy":"product_brand","embeddable":true,"href":"https:\/\/nina-ottosson.ee\/et\/wp-json\/wp\/v2\/product_brand?post=3525"},{"taxonomy":"product_cat","embeddable":true,"href":"https:\/\/nina-ottosson.ee\/et\/wp-json\/wp\/v2\/product_cat?post=3525"},{"taxonomy":"product_tag","embeddable":true,"href":"https:\/\/nina-ottosson.ee\/et\/wp-json\/wp\/v2\/product_tag?post=3525"}],"curies":[{"name":"wp","href":"https:\/\/api.w.org\/{rel}","templated":true}]}}