{"id":3534,"date":"2022-09-26T07:31:49","date_gmt":"2022-09-26T07:31:49","guid":{"rendered":"https:\/\/nina-ottosson.ee\/?post_type=product&#038;p=3534"},"modified":"2023-11-10T07:38:12","modified_gmt":"2023-11-10T07:38:12","slug":"kutsikate-hidenslide","status":"publish","type":"product","link":"https:\/\/nina-ottosson.ee\/et\/tooted\/ninaottosson\/tase2mangud\/kutsikate-hidenslide\/","title":{"rendered":"Kutsikate Hide N&#8217; Slide"},"content":{"rendered":"<p><\/p>\n<div>\n<article class=\"productView-description\">\n<div class=\"tabs-contents\">\n<div id=\"tab-description\" class=\"tab-content is-active\">\n<div class=\"parsed-description\">\n<p class=\"descrip-intro\">Nina Ottossoni interaktiivne kutsikate Hide N&#8217; slide on mahedates v\u00e4rvitoonides teise taseme m\u00e4ng. M\u00e4ng on l\u00f5bus moodus oma koera m\u00f5ttetegevuse aktiveerimiseks ja arendada probleemi lahendamise oskusi.\u00a0 Hide N&#8217; Slide m\u00e4ngus on kaks erinevat maiuse peitmise moodust, mis teeb temast hea kombineeritud m\u00e4ngu. Kokku on 14 peitmiskohta &#8211; liikuvate plaatide all ja libisevate klotside sees.\u00a0 V\u00f5id ise varieerida m\u00e4ngu raskusastet &#8211; p\u00e4ris algajale v\u00f5id panna maiused ainult liikuvate plaatide alla ja kui on juba arusaamine kuidas m\u00e4ng k\u00e4ib v\u00f5id t\u00f5sta raskusastet ja pannes maiused liikuva klotsi sisse. Koer peab liigutama klotsi augu kohale, et maius kukuks alla, seej\u00e4rel tuleb klots taas eest \u00e4ra liigutada, et maius k\u00e4tte saada alt.<\/p>\n<\/div>\n<div>M\u00e4ngu k\u00e4igus \u00f5pite \u00fcksteist paremini tundma ning saate kinnistada esmaseid \u00f5pitud k\u00e4sklusi (istu, v\u00f5ta, oota, koht jne).<\/div>\n<div><\/div>\n<div>M\u00e4ng on tehtud BPA, PVC ja ftalaadi vabast materjalist. Puhasta sooja vee ja pesuainega peale m\u00e4ngimist.<\/div>\n<div class=\"parsed-description\">\n<ul class=\"descrip-list\">\n<li><strong>keskmise taseme m\u00e4ng: <\/strong>Kutsikate Hide N&#8217; Slide on l\u00f5bus 2. (keskmise) taseme peida ja otsi m\u00e4ng. Kutsikas \u00f5pib lahendama kombineeritud lahendusega maiuseni j\u00f5udmise v\u00e4ljakutset.<\/li>\n<li><b>hea m\u00f5ttetegevuse arendaja: <\/b>Kutsikate Hide N&#8217; Slide on interaktiivne m\u00e4ng mis n\u00f5uab kaasa m\u00f5tlemist, samas aitab tegeleda igavusest tingitud destruktiivse k\u00e4itumise probleemidega. Kutsikas peab tegema j\u00e4rjestikusi tegevusi, et j\u00f5uda maiuseni.<\/li>\n<li><strong>m\u00e4ngul ei ole lahtisi osi &amp; vastupidav komposiit materjalist disain: <\/strong>m\u00e4ngul mitte libisev p\u00f5hi ja valmistatud unikaalsest plastiku ja puidu segust. M\u00e4ngul ei ole lahtisi detaile. \u00d5peta oma koerale m\u00e4ngu mitte n\u00e4rima kui maiused on k\u00f5ik k\u00e4tte saadud. Peale m\u00e4ngimist pane m\u00e4ng \u00e4ra, et j\u00e4rgmine kord j\u00e4lle j\u00e4tkata.<\/li>\n<li><strong>Toiduainetele sobivast materjalist<\/strong><\/li>\n<li><strong>M\u00e4ngige koos:<\/strong> Nina Ottossoni koera pusled on m\u00f5eldud probleem\u00fclesannete lahendamiseks. M\u00e4ngige koos ja j\u00e4relvalve all. \u00c4ra lase koeral m\u00e4ngu n\u00e4rida. \u00d5peta koerale kuidas m\u00e4ngida ja kiida kui teeb \u00f5igesti ja katkesta m\u00e4ng kui hakkab j\u00f5uliselt m\u00e4ngima, lase rahuneda ning j\u00e4tka m\u00e4ngu. Kui olete l\u00f5petanud pane m\u00e4ng j\u00e4rgmise korrani \u00e4ra.<\/li>\n<\/ul>\n<p>&nbsp;<\/p>\n<p>M\u00f5\u00f5dud: 5 x 29 x 29cm<\/p>\n<p>M\u00f5\u00f5dud on samad mis teistes v\u00e4rvides Hide N&#8217; Slide m\u00e4ngudel<\/p>\n<p>TASE &#8211; 2<\/p>\n<\/div>\n<\/div>\n<\/div>\n<\/article>\n<p>&nbsp;<\/p>\n<\/div>\n<div><\/div>\n<p>&nbsp;<\/p>","protected":false},"excerpt":{"rendered":"<p>https:\/\/youtu.be\/3kqws03SPWI<\/p>\n","protected":false},"featured_media":3539,"comment_status":"open","ping_status":"closed","template":"","meta":[],"product_brand":[],"product_cat":[33,45],"product_tag":[],"class_list":{"0":"post-3534","1":"product","2":"type-product","3":"status-publish","4":"has-post-thumbnail","6":"product_cat-ninaottosson","7":"product_cat-tase2mangud","9":"first","10":"instock","11":"taxable","12":"shipping-taxable","13":"purchasable","14":"product-type-simple"},"_links":{"self":[{"href":"https:\/\/nina-ottosson.ee\/et\/wp-json\/wp\/v2\/product\/3534","targetHints":{"allow":["GET"]}}],"collection":[{"href":"https:\/\/nina-ottosson.ee\/et\/wp-json\/wp\/v2\/product"}],"about":[{"href":"https:\/\/nina-ottosson.ee\/et\/wp-json\/wp\/v2\/types\/product"}],"replies":[{"embeddable":true,"href":"https:\/\/nina-ottosson.ee\/et\/wp-json\/wp\/v2\/comments?post=3534"}],"wp:featuredmedia":[{"embeddable":true,"href":"https:\/\/nina-ottosson.ee\/et\/wp-json\/wp\/v2\/media\/3539"}],"wp:attachment":[{"href":"https:\/\/nina-ottosson.ee\/et\/wp-json\/wp\/v2\/media?parent=3534"}],"wp:term":[{"taxonomy":"product_brand","embeddable":true,"href":"https:\/\/nina-ottosson.ee\/et\/wp-json\/wp\/v2\/product_brand?post=3534"},{"taxonomy":"product_cat","embeddable":true,"href":"https:\/\/nina-ottosson.ee\/et\/wp-json\/wp\/v2\/product_cat?post=3534"},{"taxonomy":"product_tag","embeddable":true,"href":"https:\/\/nina-ottosson.ee\/et\/wp-json\/wp\/v2\/product_tag?post=3534"}],"curies":[{"name":"wp","href":"https:\/\/api.w.org\/{rel}","templated":true}]}}