{"id":3545,"date":"2022-09-27T13:05:38","date_gmt":"2022-09-27T13:05:38","guid":{"rendered":"https:\/\/nina-ottosson.ee\/?post_type=product&#038;p=3545"},"modified":"2023-12-10T16:40:06","modified_gmt":"2023-12-10T16:40:06","slug":"lickin-layers","status":"publish","type":"product","link":"https:\/\/nina-ottosson.ee\/et\/tooted\/ninaottosson\/tase2mangud\/lickin-layers\/","title":{"rendered":"Lickin&#8217; Layers"},"content":{"rendered":"<p><\/p>\n<div>\n<p>Lickin&#8217; Layers on keskmise taseme m\u00e4ng Nina Ottossonilt. Koer peab keerutama kolme kihti kus on omakorda v\u00e4ikesed lahtrid maiuste v\u00f5i toidu jaoks. Koerte m\u00f5tlemism\u00e4ngud aitavad koeral kasutada nende loomulikke instinkte ja n\u00e4itavad k\u00e4itumismustreid. M\u00f5tlemis\u00fclesanded aitavad kaasa ajutegevuse arendamisele. M\u00e4ngul on \u00fcle 100 maiuse\/toidu lahtri, hoides koera tegevuses ja h\u00f5ivatud. M\u00e4ngu v\u00f5ib kasutada ka aeglase s\u00f6\u00f6mise kausina, et pikendada s\u00f6\u00f6giaega ja aeglustada s\u00f6\u00f6mistempot. V\u00f5id kasutada ka m\u00e4rgtoiduga (ka k\u00fclmutatult) v\u00f5i isegi jogurtiga. M\u00e4ng on tehtud toidun\u00f5udele sobivast materjalist, BPA, PVC ja ftalaadi vaba. Puhasta sooja vee ja pesuainega peale m\u00e4ngimist.<\/p>\n<ul class=\"descrip-list\">\n<li><strong>3 p\u00f6\u00f6rlevat kihti<\/strong><\/li>\n<li><strong>aeglustab s\u00f6\u00f6mistempot\u00a0<\/strong><\/li>\n<li><strong>lihtne puhastada ja kokku panna\u00a0<\/strong><\/li>\n<li><b>toiduainetele sobivast materjalist<\/b><\/li>\n<li><strong>M\u00e4ngige koos:<\/strong> Nina Ottossoni koera pusled on m\u00f5eldud probleem\u00fclesannete lahendamiseks. M\u00e4ngige koos ja j\u00e4relvalve all. \u00c4ra lase koeral m\u00e4ngu n\u00e4rida. \u00d5peta koerale kuidas m\u00e4ngida ja kiida kui teeb \u00f5igesti ja katkesta m\u00e4ng kui hakkab j\u00f5uliselt m\u00e4ngima, lase rahuneda ning j\u00e4tka m\u00e4ngu. Kui olete l\u00f5petanud pane m\u00e4ng j\u00e4rgmise korrani \u00e4ra.<\/li>\n<\/ul>\n<\/div>\n<div>M\u00e4ngu k\u00e4igus \u00f5pite \u00fcksteist paremini tundma, tugevdate omavahelist sidet ning saate kinnistada esmaseid \u00f5pitud k\u00e4sklusi (istu, v\u00f5ta, oota, koht jne).<\/div>\n<p>M\u00f5\u00f5dud: 8 x 26 x 26cm<\/p>\n<p>TASE &#8211; 2<\/p>\n<div>\n<p>&nbsp;<\/p>\n<\/div>\n<p><\/p>","protected":false},"excerpt":{"rendered":"<p>https:\/\/youtu.be\/9MDX8NYKEsk<\/p>\n","protected":false},"featured_media":3553,"comment_status":"open","ping_status":"closed","template":"","meta":[],"product_brand":[],"product_cat":[33,45],"product_tag":[],"class_list":{"0":"post-3545","1":"product","2":"type-product","3":"status-publish","4":"has-post-thumbnail","6":"product_cat-ninaottosson","7":"product_cat-tase2mangud","9":"first","10":"instock","11":"taxable","12":"shipping-taxable","13":"purchasable","14":"product-type-simple"},"_links":{"self":[{"href":"https:\/\/nina-ottosson.ee\/et\/wp-json\/wp\/v2\/product\/3545","targetHints":{"allow":["GET"]}}],"collection":[{"href":"https:\/\/nina-ottosson.ee\/et\/wp-json\/wp\/v2\/product"}],"about":[{"href":"https:\/\/nina-ottosson.ee\/et\/wp-json\/wp\/v2\/types\/product"}],"replies":[{"embeddable":true,"href":"https:\/\/nina-ottosson.ee\/et\/wp-json\/wp\/v2\/comments?post=3545"}],"wp:featuredmedia":[{"embeddable":true,"href":"https:\/\/nina-ottosson.ee\/et\/wp-json\/wp\/v2\/media\/3553"}],"wp:attachment":[{"href":"https:\/\/nina-ottosson.ee\/et\/wp-json\/wp\/v2\/media?parent=3545"}],"wp:term":[{"taxonomy":"product_brand","embeddable":true,"href":"https:\/\/nina-ottosson.ee\/et\/wp-json\/wp\/v2\/product_brand?post=3545"},{"taxonomy":"product_cat","embeddable":true,"href":"https:\/\/nina-ottosson.ee\/et\/wp-json\/wp\/v2\/product_cat?post=3545"},{"taxonomy":"product_tag","embeddable":true,"href":"https:\/\/nina-ottosson.ee\/et\/wp-json\/wp\/v2\/product_tag?post=3545"}],"curies":[{"name":"wp","href":"https:\/\/api.w.org\/{rel}","templated":true}]}}