{"id":3560,"date":"2022-09-28T11:12:42","date_gmt":"2022-09-28T11:12:42","guid":{"rendered":"https:\/\/nina-ottosson.ee\/?post_type=product&#038;p=3560"},"modified":"2023-12-14T11:10:50","modified_gmt":"2023-12-14T11:10:50","slug":"aeglase-soomise-taldrik-nosuninadele","status":"publish","type":"product","link":"https:\/\/nina-ottosson.ee\/et\/tooted\/ninaottosson\/maiusepallid\/aeglase-soomise-taldrik-nosuninadele\/","title":{"rendered":"Aeglase s\u00f6\u00f6mise taldrik nosuninadele"},"content":{"rendered":"<p><\/p>\n<div>\n<p>Spetsiaalselt nosuninadele m\u00f5eldud madalamate servadega aeglase s\u00f6\u00f6mise taldrik.<\/p>\n<p>Aeglase s\u00f6\u00f6mise kauss v\u00f5imaldab s\u00fc\u00fca tervislikuma tempoga. Spetsiaalselt l\u00fchikese ninaga koertele disainitud taldrik on veterinaarastide poolt soovitatud ja aitavad s\u00f6\u00f6misaega kuni 5 korda aeglustada, parandades \u00fcldist seedimist.\u00a0 S\u00f6\u00f6giaja pikendamine aitab v\u00e4ltida ka muid levinud \u00f5gimisega seotud probleeme nagu puhitus, toidu v\u00e4ljaoksendamine ja ka rasvumine.\u00a0 Taldrikusse saab panna nii m\u00e4rg- kui kuivtoitu v\u00f5i segamini neid m\u00f5lemaid.\u00a0 Taldrikut on lihtne puhastada.<\/p>\n<\/div>\n<p>M\u00f5\u00f5dud: 3 x 26 x 26cm<\/p>","protected":false},"excerpt":{"rendered":"<p>https:\/\/youtu.be\/j0Cc8u-JmuE<\/p>\n","protected":false},"featured_media":3561,"comment_status":"open","ping_status":"closed","template":"","meta":[],"product_brand":[],"product_cat":[43,33,39,44],"product_tag":[],"class_list":{"0":"post-3560","1":"product","2":"type-product","3":"status-publish","4":"has-post-thumbnail","6":"product_cat-maiusepallid","7":"product_cat-ninaottosson","8":"product_cat-sooduspakkumised","9":"product_cat-algajad","11":"first","12":"instock","13":"sale","14":"taxable","15":"shipping-taxable","16":"purchasable","17":"product-type-simple"},"_links":{"self":[{"href":"https:\/\/nina-ottosson.ee\/et\/wp-json\/wp\/v2\/product\/3560","targetHints":{"allow":["GET"]}}],"collection":[{"href":"https:\/\/nina-ottosson.ee\/et\/wp-json\/wp\/v2\/product"}],"about":[{"href":"https:\/\/nina-ottosson.ee\/et\/wp-json\/wp\/v2\/types\/product"}],"replies":[{"embeddable":true,"href":"https:\/\/nina-ottosson.ee\/et\/wp-json\/wp\/v2\/comments?post=3560"}],"wp:featuredmedia":[{"embeddable":true,"href":"https:\/\/nina-ottosson.ee\/et\/wp-json\/wp\/v2\/media\/3561"}],"wp:attachment":[{"href":"https:\/\/nina-ottosson.ee\/et\/wp-json\/wp\/v2\/media?parent=3560"}],"wp:term":[{"taxonomy":"product_brand","embeddable":true,"href":"https:\/\/nina-ottosson.ee\/et\/wp-json\/wp\/v2\/product_brand?post=3560"},{"taxonomy":"product_cat","embeddable":true,"href":"https:\/\/nina-ottosson.ee\/et\/wp-json\/wp\/v2\/product_cat?post=3560"},{"taxonomy":"product_tag","embeddable":true,"href":"https:\/\/nina-ottosson.ee\/et\/wp-json\/wp\/v2\/product_tag?post=3560"}],"curies":[{"name":"wp","href":"https:\/\/api.w.org\/{rel}","templated":true}]}}