{"id":3808,"date":"2023-11-29T10:12:04","date_gmt":"2023-11-29T10:12:04","guid":{"rendered":"https:\/\/nina-ottosson.ee\/?post_type=product&#038;p=3808"},"modified":"2023-12-14T11:08:40","modified_gmt":"2023-12-14T11:08:40","slug":"topsy-treat-ball","status":"publish","type":"product","link":"https:\/\/nina-ottosson.ee\/et\/tooted\/ninaottosson\/maiusepallid\/topsy-treat-ball\/","title":{"rendered":"DOG RUMBLE PUZZLE &#8211; TOPSY TREAT BALL"},"content":{"rendered":"<p><\/p>\n<div>\n<article class=\"productView-description\">\n<div class=\"tabs-contents\">\n<div id=\"tab-description\" class=\"tab-content is-active\">\n<div class=\"parsed-description\">\n<article class=\"productView-description\">\n<div class=\"tabs-contents\">\n<div id=\"tab-description\" class=\"tab-content is-active\">\n<div class=\"parsed-description\">\n<p class=\"descrip-intro\">Dog Rumble Puzzle on kaks \u00fches maiusepall. Maiusepall on peidetud omakorda palli sisse, mis pikendab m\u00e4ngimise aega, hoiab koera tegevuses ja vaimselt stimuleeritult. Pakub koerale nii vaimset kui f\u00fc\u00fcsilist tegevust ja arendab \u00fclesannete lahedamise oskust. Suurt palli saab kasutada ka tavalise tennisepalliga maiusepalli asemel. See esimese taseme m\u00e4ng sobib k\u00f5ikidele koertele\u00a0 s\u00f5ltumata vanusest, suurusest v\u00f5i t\u00f5ust.<\/p>\n<ul>\n<li>T\u00e4ida sinine maiuseball kr\u00f5buskite v\u00f5i maiustega ja pane suurema palli sisse. Keera oranzi r\u00f5ngast nii, et see blokeerib ava. Kui koer hakkab t\u00f6\u00f6le, et suuremast pallist saada k\u00e4tte maiusepall, hakkavad m\u00e4ngu k\u00e4igus maiused v\u00e4lja kukkuma.<\/li>\n<li><strong>kasuta turvaliselt:\u00a0<\/strong>\u00fckski koera m\u00e4nguasi v\u00f5i tarvik ei ole purunematu. \u00c4ra j\u00e4ta koera j\u00e4relvalveta, \u00f5peta teda m\u00e4ngu kasutama ja \u00e4ra luba n\u00e4rida ja j\u00f5uga lahendada.<\/li>\n<li>Puhastamine &#8211; v\u00e4limine plastikpall on tehtud pehmest materjalist mida on lihtne puhastada, t\u00e4ida sooja veega ja \u00f5rna pesuvahendiga. Raputa, loputa ja kuivata.<\/li>\n<\/ul>\n<\/div>\n<\/div>\n<\/div>\n<\/article>\n<div id=\"yotpoReviewsWidget\" class=\"yotpo yotpo-main-widget\" data-product-id=\"2157\" data-name=\"Puppy Smart Interactive Treat Puzzle Dog Toy, Blue\" data-url=\"https:\/\/outwardhound.comhttps:\/\/outwardhound.com\/puppy-smart.html\" data-image-url=\"https:\/\/cdn11.bigcommerce.com\/s-asivtkjxr8\/images\/stencil\/original\/products\/2157\/7288\/40b59e17e91bec5a6c5915312ddd62bd54d6236c__46162.1630122699.jpg?c=1\" data-price=\"16.49\" data-currency=\"USD\" data-yotpo-element-id=\"1\">\n<div class=\"main-widget yotpo-display-wrapper yotpo-label-border\" data-source=\"default\">\n<div class=\"promoted-products-box\" data-is-dummy=\"false\">\n<div class=\"\">M\u00f5\u00f5dud: 11 x 11 cm<\/div>\n<\/div>\n<\/div>\n<\/div>\n<\/div>\n<div class=\"parsed-description\">\n<p>TASE &#8211; 1<\/p>\n<\/div>\n<\/div>\n<\/div>\n<\/article>\n<p>&nbsp;<\/p>\n<\/div>\n<div><\/div>\n<p>&nbsp;<\/p>","protected":false},"excerpt":{"rendered":"<p>https:\/\/youtu.be\/ag1iCritXD0<\/p>\n","protected":false},"featured_media":3814,"comment_status":"open","ping_status":"closed","template":"","meta":[],"product_brand":[],"product_cat":[43,33,44],"product_tag":[],"class_list":{"0":"post-3808","1":"product","2":"type-product","3":"status-publish","4":"has-post-thumbnail","6":"product_cat-maiusepallid","7":"product_cat-ninaottosson","8":"product_cat-algajad","10":"first","11":"instock","12":"taxable","13":"shipping-taxable","14":"purchasable","15":"product-type-simple"},"_links":{"self":[{"href":"https:\/\/nina-ottosson.ee\/et\/wp-json\/wp\/v2\/product\/3808","targetHints":{"allow":["GET"]}}],"collection":[{"href":"https:\/\/nina-ottosson.ee\/et\/wp-json\/wp\/v2\/product"}],"about":[{"href":"https:\/\/nina-ottosson.ee\/et\/wp-json\/wp\/v2\/types\/product"}],"replies":[{"embeddable":true,"href":"https:\/\/nina-ottosson.ee\/et\/wp-json\/wp\/v2\/comments?post=3808"}],"wp:featuredmedia":[{"embeddable":true,"href":"https:\/\/nina-ottosson.ee\/et\/wp-json\/wp\/v2\/media\/3814"}],"wp:attachment":[{"href":"https:\/\/nina-ottosson.ee\/et\/wp-json\/wp\/v2\/media?parent=3808"}],"wp:term":[{"taxonomy":"product_brand","embeddable":true,"href":"https:\/\/nina-ottosson.ee\/et\/wp-json\/wp\/v2\/product_brand?post=3808"},{"taxonomy":"product_cat","embeddable":true,"href":"https:\/\/nina-ottosson.ee\/et\/wp-json\/wp\/v2\/product_cat?post=3808"},{"taxonomy":"product_tag","embeddable":true,"href":"https:\/\/nina-ottosson.ee\/et\/wp-json\/wp\/v2\/product_tag?post=3808"}],"curies":[{"name":"wp","href":"https:\/\/api.w.org\/{rel}","templated":true}]}}