{"id":3815,"date":"2023-11-30T13:10:53","date_gmt":"2023-11-30T13:10:53","guid":{"rendered":"https:\/\/nina-ottosson.ee\/?post_type=product&#038;p=3815"},"modified":"2023-12-14T11:08:16","modified_gmt":"2023-12-14T11:08:16","slug":"a-maze-ball-3-manguasja-uhes","status":"publish","type":"product","link":"https:\/\/nina-ottosson.ee\/et\/tooted\/ninaottosson\/maiusepallid\/a-maze-ball-3-manguasja-uhes\/","title":{"rendered":"A &#8211; MAZE BALL &#8211; 3 m\u00e4nguasja \u00fches"},"content":{"rendered":"<p><\/p>\n<div>\n<article class=\"productView-description\">\n<div class=\"tabs-contents\">\n<div id=\"tab-description\" class=\"tab-content is-active\">\n<div class=\"parsed-description\">\n<article class=\"productView-description\">\n<div class=\"tabs-contents\">\n<div id=\"tab-description\" class=\"tab-content is-active\">\n<div class=\"parsed-description\">\n<div class=\"parsed-description\">\n<p>3 m\u00e4ngu \u00fches! Outward Hound Nina Ottosson A-Maze Ball m\u00e4ngus on kolm m\u00e4nguasja koos &#8211; maiusepall, tennisepall ja hiiglasuur pall mille sees v\u00e4iksemad pallid on l\u00f5ksus. Koer peab lahendama \u00fclesande kuidas k\u00f5ik k\u00e4tte saada, sealhulgas maiused. M\u00e4ng hoiab koera tegevuses ja vaimselt stimuleeritud. See m\u00e4ng on t\u00f5eline igavuse peletaja.<\/p>\n<\/div>\n<p><strong>KUIDAS KASUTADA:<\/strong><\/p>\n<ul>\n<li>T\u00e4ida sinine maiuseball kr\u00f5buskite v\u00f5i maiustega ja pane suure palli sisse. Pane suurde palli ka tennisepall, mis lukustab maiusepalli. Kui koer vabastab sinise palli ja tennisepalli, tuleb suurt palli ja sinist palli veeretada, et saada k\u00e4tte seal veel olevad maiused. Kui koer hakkab t\u00f6\u00f6le, et suuremast pallist saada k\u00e4tte maiusepall, hakkavad m\u00e4ngu k\u00e4igus ka maiused v\u00e4lja kukkuma.<\/li>\n<\/ul>\n<p>Kasuta \u00fchtlasi toidukausina &#8211; A-Maze pall t\u00f6\u00f6tab h\u00e4sti ka s\u00f6\u00f6gikausina, l\u00f5bus moodus t\u00f6\u00f6tada oma s\u00f6\u00f6gi saamiseks. Suures pallis on 8 kambrit, millest tuleb toit v\u00e4lja veeretada.<\/p>\n<div class=\"parsed-description\">\n<ul class=\"descrip-list\">\n<li><strong>3 m\u00e4ngu \u00fches: <\/strong>maiusepall, tennisepall ja hiiglasuur pall. Annab tegevust ja pikendab m\u00e4nguaega, hoiab koera tegevuses ja vaikselt stimuleeritult. Koer saab auhinnaks nii maiuseid\/ toitu kui palle.<\/li>\n<li><b>igavuse peletaja<\/b><\/li>\n<li><strong>vaimne ja f\u00fc\u00fcsiline v\u00e4ljakutse: <\/strong>See m\u00e4ng on nii m\u00e4nguasi kui pusle, mis n\u00f5uab f\u00fc\u00fcsilist l\u00e4henemist ja ka oma probleemi lahendamise oskuste k\u00e4iku v\u00f5tmist. J\u00f5u kasutamine ei ole \u00f5ige tee, suuna koera.<\/li>\n<li><strong>pane palle juurde: <\/strong>v\u00f5id lisada suurde palli tennisepalle.<\/li>\n<li><strong>kasuta turvaliselt:\u00a0<\/strong>\u00fckski koera m\u00e4nguasi v\u00f5i tarvik ei ole purunematu. \u00c4ra j\u00e4ta koera j\u00e4relvalveta, \u00f5peta teda m\u00e4ngu kasutama ja \u00e4ra luba n\u00e4rida ja j\u00f5uga lahendada.<\/li>\n<li><strong>Puhastamine<\/strong> &#8211; v\u00e4limine plastikpall on tehtud pehmest materjalist mida on lihtne puhastada, t\u00e4ida pall sooja veega ja \u00f5rna pesuvahendiga. Raputa, loputa ja kuivata.<\/li>\n<\/ul>\n<p>M\u00f5\u00f5dud: 21 x 21 cm<\/p>\n<p>TASE &#8211; 2<\/p>\n<\/div>\n<p>&nbsp;<\/p>\n<\/div>\n<\/div>\n<\/div>\n<\/article>\n<\/div>\n<div class=\"parsed-description\">\n<p>&nbsp;<\/p>\n<\/div>\n<\/div>\n<\/div>\n<\/article>\n<p>&nbsp;<\/p>\n<\/div>\n<div><\/div>\n<p>&nbsp;<\/p>","protected":false},"excerpt":{"rendered":"<p>https:\/\/youtu.be\/7iEHvPOSHZQ<\/p>\n","protected":false},"featured_media":3816,"comment_status":"open","ping_status":"closed","template":"","meta":[],"product_brand":[],"product_cat":[43,33,45],"product_tag":[],"class_list":{"0":"post-3815","1":"product","2":"type-product","3":"status-publish","4":"has-post-thumbnail","6":"product_cat-maiusepallid","7":"product_cat-ninaottosson","8":"product_cat-tase2mangud","10":"first","11":"instock","12":"taxable","13":"shipping-taxable","14":"purchasable","15":"product-type-simple"},"_links":{"self":[{"href":"https:\/\/nina-ottosson.ee\/et\/wp-json\/wp\/v2\/product\/3815","targetHints":{"allow":["GET"]}}],"collection":[{"href":"https:\/\/nina-ottosson.ee\/et\/wp-json\/wp\/v2\/product"}],"about":[{"href":"https:\/\/nina-ottosson.ee\/et\/wp-json\/wp\/v2\/types\/product"}],"replies":[{"embeddable":true,"href":"https:\/\/nina-ottosson.ee\/et\/wp-json\/wp\/v2\/comments?post=3815"}],"wp:featuredmedia":[{"embeddable":true,"href":"https:\/\/nina-ottosson.ee\/et\/wp-json\/wp\/v2\/media\/3816"}],"wp:attachment":[{"href":"https:\/\/nina-ottosson.ee\/et\/wp-json\/wp\/v2\/media?parent=3815"}],"wp:term":[{"taxonomy":"product_brand","embeddable":true,"href":"https:\/\/nina-ottosson.ee\/et\/wp-json\/wp\/v2\/product_brand?post=3815"},{"taxonomy":"product_cat","embeddable":true,"href":"https:\/\/nina-ottosson.ee\/et\/wp-json\/wp\/v2\/product_cat?post=3815"},{"taxonomy":"product_tag","embeddable":true,"href":"https:\/\/nina-ottosson.ee\/et\/wp-json\/wp\/v2\/product_tag?post=3815"}],"curies":[{"name":"wp","href":"https:\/\/api.w.org\/{rel}","templated":true}]}}