{"id":3821,"date":"2023-12-01T09:57:35","date_gmt":"2023-12-01T09:57:35","guid":{"rendered":"https:\/\/nina-ottosson.ee\/?post_type=product&#038;p=3821"},"modified":"2023-12-14T11:07:53","modified_gmt":"2023-12-14T11:07:53","slug":"dog-snuffle-n-treat-ball","status":"publish","type":"product","link":"https:\/\/nina-ottosson.ee\/et\/tooted\/ninaottosson\/maiusepallid\/dog-snuffle-n-treat-ball\/","title":{"rendered":"DOG SNUFFLE N` TREAT BALL"},"content":{"rendered":"<p><\/p>\n<div>\n<article class=\"productView-description\">\n<div class=\"tabs-contents\">\n<div id=\"tab-description\" class=\"tab-content is-active\">\n<div class=\"parsed-description\">\n<article class=\"productView-description\">\n<div class=\"tabs-contents\">\n<div id=\"tab-description\" class=\"tab-content is-active\">\n<div class=\"parsed-description\">\n<div class=\"parsed-description\">\n<div class=\"parsed-description\">\n<p class=\"descrip-intro\">Snuffle N&#8217; Treat Ball on p\u00f5nev lisa\u00fclesandega maiusepall. M\u00e4ngul on kaasas 6 pehmet oravat, mida kasutatakse nende aukude t\u00e4itmiseks, kuhu on peidetud maiused v\u00f5i kuivtoit.\u00a0 Saad raskusastet suurendada kui peidad oravad tervenisti aukudesse. Algajatele v\u00f5ib panna oravad poolenisti peitu. M\u00e4ng sobib h\u00e4sti ninat\u00f6\u00f6ks ja otsimism\u00e4ngudeks. Hoiab koera tegevuses.\u00a0 Saadaval ka asendusoravad kui m\u00e4ngu lahendamine on v\u00e4ga intensiivne olnud. M\u00e4ngimine siiski koos ja j\u00e4relvalve all. Kui koer hakkab oravaid l\u00f5hkuma v\u00f5i n\u00e4rima, siis katkesta m\u00e4ng ja lase edasi m\u00e4ngida kui ta on rahunenud. Koer \u00f5pib \u00fcsna kiiresti, et m\u00e4ngu saab m\u00e4ngida siis kui ta t\u00f6\u00f6tab m\u00e4ngu l\u00f5hkumata.<\/p>\n<ul class=\"descrip-list\">\n<li><strong>l\u00f5bus tegevus k\u00f5igile: <\/strong>See maiusepall pakub koerale nii vaimset kui f\u00fc\u00fcsilist tegevust. Sobib h\u00e4sti erinevatele t\u00f5ugutele s\u00f5ltumata vanusest ja suurusest.<\/li>\n<li><strong>m\u00e4nguga on kaasas 6 pehmet m\u00e4nguasja toiduavade sulgemiseks<\/strong><\/li>\n<li><strong>kasuta turvaliselt:\u00a0<\/strong>\u00fckski koera m\u00e4nguasi v\u00f5i tarvik ei ole purunematu. \u00c4ra j\u00e4ta koera j\u00e4relvalveta, \u00f5peta teda m\u00e4ngu kasutama ja \u00e4ra luba n\u00e4rida ja j\u00f5uga lahendada.<\/li>\n<\/ul>\n<p><strong>KUIDAS KASUTADA:<\/strong><\/p>\n<ul>\n<li>T\u00e4ida rohelise maiuseballi avad kr\u00f5buskite v\u00f5i maiustega. Alusta lihtsamalt, pane pehmed m\u00e4nguasjad pooleldi avade sisse. Raskusastme suurendamiseks l\u00fckka nad tervenisti sisse. N\u00e4ita koerale kuidas maiusteni j\u00f5uda ja suuna teda vajadusel. \u00c4ra luba kasutada j\u00f5udu.<\/li>\n<\/ul>\n<p>&nbsp;<\/p>\n<p>M\u00f5\u00f5dud: 17 x 17 cm<\/p>\n<\/div>\n<\/div>\n<div class=\"parsed-description\">\n<p>TASE &#8211; 2<\/p>\n<\/div>\n<p>&nbsp;<\/p>\n<\/div>\n<\/div>\n<\/div>\n<\/article>\n<\/div>\n<div class=\"parsed-description\">\n<p>&nbsp;<\/p>\n<\/div>\n<\/div>\n<\/div>\n<\/article>\n<p>&nbsp;<\/p>\n<\/div>\n<div><\/div>\n<p>&nbsp;<\/p>","protected":false},"excerpt":{"rendered":"<p>https:\/\/youtu.be\/77G6-vLLcug<\/p>\n","protected":false},"featured_media":3822,"comment_status":"open","ping_status":"closed","template":"","meta":[],"product_brand":[],"product_cat":[43,33,45],"product_tag":[],"class_list":{"0":"post-3821","1":"product","2":"type-product","3":"status-publish","4":"has-post-thumbnail","6":"product_cat-maiusepallid","7":"product_cat-ninaottosson","8":"product_cat-tase2mangud","10":"first","11":"instock","12":"taxable","13":"shipping-taxable","14":"purchasable","15":"product-type-simple"},"_links":{"self":[{"href":"https:\/\/nina-ottosson.ee\/et\/wp-json\/wp\/v2\/product\/3821","targetHints":{"allow":["GET"]}}],"collection":[{"href":"https:\/\/nina-ottosson.ee\/et\/wp-json\/wp\/v2\/product"}],"about":[{"href":"https:\/\/nina-ottosson.ee\/et\/wp-json\/wp\/v2\/types\/product"}],"replies":[{"embeddable":true,"href":"https:\/\/nina-ottosson.ee\/et\/wp-json\/wp\/v2\/comments?post=3821"}],"wp:featuredmedia":[{"embeddable":true,"href":"https:\/\/nina-ottosson.ee\/et\/wp-json\/wp\/v2\/media\/3822"}],"wp:attachment":[{"href":"https:\/\/nina-ottosson.ee\/et\/wp-json\/wp\/v2\/media?parent=3821"}],"wp:term":[{"taxonomy":"product_brand","embeddable":true,"href":"https:\/\/nina-ottosson.ee\/et\/wp-json\/wp\/v2\/product_brand?post=3821"},{"taxonomy":"product_cat","embeddable":true,"href":"https:\/\/nina-ottosson.ee\/et\/wp-json\/wp\/v2\/product_cat?post=3821"},{"taxonomy":"product_tag","embeddable":true,"href":"https:\/\/nina-ottosson.ee\/et\/wp-json\/wp\/v2\/product_tag?post=3821"}],"curies":[{"name":"wp","href":"https:\/\/api.w.org\/{rel}","templated":true}]}}