{"id":3829,"date":"2023-12-01T10:38:42","date_gmt":"2023-12-01T10:38:42","guid":{"rendered":"https:\/\/nina-ottosson.ee\/?post_type=product&#038;p=3829"},"modified":"2023-12-05T15:39:37","modified_gmt":"2023-12-05T15:39:37","slug":"repleacement-chipmunks","status":"publish","type":"product","link":"https:\/\/nina-ottosson.ee\/et\/tooted\/ninaottosson\/maiusepallid\/repleacement-chipmunks\/","title":{"rendered":"Snuffle N&#8217; Treat Dog Ball m\u00e4ngu asendusoravad &#8211; 3tk"},"content":{"rendered":"<p><\/p>\n<div>\n<article class=\"productView-description\">\n<div class=\"tabs-contents\">\n<div id=\"tab-description\" class=\"tab-content is-active\">\n<div class=\"parsed-description\">\n<article class=\"productView-description\">\n<div class=\"tabs-contents\">\n<div id=\"tab-description\" class=\"tab-content is-active\">\n<div class=\"parsed-description\">\n<div class=\"parsed-description\">\n<div class=\"parsed-description\">\n<div class=\"parsed-description\">\n<p>Kui m\u00e4ng on l\u00e4inud veidi hoogsaks ja oravad vajavad asendust, siis saad soetada Snuffle N&#8217; Treat Ball m\u00e4ngule asenduskomplekti kolme oravaga.<\/p>\n<p>Pehmed oravad on sobilikud ka eraldi m\u00e4nguasjaks, n\u00e4iteks p\u00fc\u00fcdmism\u00e4ngud v\u00f5i siis teistesse m\u00e4ngudesse kus on ruumi ka oravatele.\u00a0 Tehtud pehmest materjalist. Pehmed m\u00e4nguasjad ei sobi koertele kes n\u00e4rivad m\u00e4nguasju.<\/p>\n<p>\u00dckski m\u00e4nguasi ei ole purunematu, m\u00e4ngiga koeraga koos ja j\u00e4relvalve all.<\/p>\n<p>&nbsp;<\/p>\n<\/div>\n<div class=\"parsed-description\">\n<p>M\u00f5\u00f5dud: 5 x 13 x 6 cm<\/p>\n<p>&nbsp;<\/p>\n<\/div>\n<p>&nbsp;<\/p>\n<\/div>\n<\/div>\n<div class=\"parsed-description\">\n<p>&nbsp;<\/p>\n<\/div>\n<p>&nbsp;<\/p>\n<\/div>\n<\/div>\n<\/div>\n<\/article>\n<\/div>\n<div class=\"parsed-description\">\n<p>&nbsp;<\/p>\n<\/div>\n<\/div>\n<\/div>\n<\/article>\n<p>&nbsp;<\/p>\n<\/div>\n<div><\/div>\n<p>&nbsp;<\/p>","protected":false},"excerpt":{"rendered":"<p>https:\/\/youtu.be\/uehkH20qkdQ<\/p>\n","protected":false},"featured_media":3831,"comment_status":"open","ping_status":"closed","template":"","meta":[],"product_brand":[],"product_cat":[43,33,45],"product_tag":[],"class_list":{"0":"post-3829","1":"product","2":"type-product","3":"status-publish","4":"has-post-thumbnail","6":"product_cat-maiusepallid","7":"product_cat-ninaottosson","8":"product_cat-tase2mangud","10":"first","11":"instock","12":"taxable","13":"shipping-taxable","14":"purchasable","15":"product-type-simple"},"_links":{"self":[{"href":"https:\/\/nina-ottosson.ee\/et\/wp-json\/wp\/v2\/product\/3829","targetHints":{"allow":["GET"]}}],"collection":[{"href":"https:\/\/nina-ottosson.ee\/et\/wp-json\/wp\/v2\/product"}],"about":[{"href":"https:\/\/nina-ottosson.ee\/et\/wp-json\/wp\/v2\/types\/product"}],"replies":[{"embeddable":true,"href":"https:\/\/nina-ottosson.ee\/et\/wp-json\/wp\/v2\/comments?post=3829"}],"wp:featuredmedia":[{"embeddable":true,"href":"https:\/\/nina-ottosson.ee\/et\/wp-json\/wp\/v2\/media\/3831"}],"wp:attachment":[{"href":"https:\/\/nina-ottosson.ee\/et\/wp-json\/wp\/v2\/media?parent=3829"}],"wp:term":[{"taxonomy":"product_brand","embeddable":true,"href":"https:\/\/nina-ottosson.ee\/et\/wp-json\/wp\/v2\/product_brand?post=3829"},{"taxonomy":"product_cat","embeddable":true,"href":"https:\/\/nina-ottosson.ee\/et\/wp-json\/wp\/v2\/product_cat?post=3829"},{"taxonomy":"product_tag","embeddable":true,"href":"https:\/\/nina-ottosson.ee\/et\/wp-json\/wp\/v2\/product_tag?post=3829"}],"curies":[{"name":"wp","href":"https:\/\/api.w.org\/{rel}","templated":true}]}}