{"id":3833,"date":"2023-12-04T14:54:44","date_gmt":"2023-12-04T14:54:44","guid":{"rendered":"https:\/\/nina-ottosson.ee\/?post_type=product&#038;p=3833"},"modified":"2024-12-06T14:06:55","modified_gmt":"2024-12-06T14:06:55","slug":"hide-a-raccoon-plush-dog-toy","status":"publish","type":"product","link":"https:\/\/nina-ottosson.ee\/et\/tooted\/muud-tooted\/hide-a-raccoon-plush-dog-toy\/","title":{"rendered":"Pesukaru peiduka m\u00e4ng"},"content":{"rendered":"<p><\/p>\n<div>\n<article class=\"productView-description\">\n<div class=\"tabs-contents\">\n<div id=\"tab-description\" class=\"tab-content is-active\">\n<div class=\"parsed-description\">\n<article class=\"productView-description\">\n<div class=\"tabs-contents\">\n<div id=\"tab-description\" class=\"tab-content is-active\">\n<div class=\"parsed-description\">\n<div class=\"parsed-description\">\n<div class=\"parsed-description\">\n<div class=\"parsed-description\">\n<p class=\"descrip-intro\">Outward Hound peida ja otsi pehme koeram\u00e4ng on tehtud eesm\u00e4rgiga, et v\u00e4hendada koera igavust ja julgustada koera m\u00e4ngima otsimism\u00e4nge. M\u00e4ngu k\u00e4igus saab koer kasutada ka oma loomulikke jahiinstinkte. Pehme m\u00e4ng on m\u00f5nusalt suur ja mahutab kuus v\u00e4iksemat piiksuvat m\u00e4nguasja. V\u00e4iksed m\u00e4nguasjad on ka eraldi kasutatavad n\u00e4iteks viskamism\u00e4nguks, kui koer peab m\u00e4nguasja tagasi tooma.\u00a0 M\u00e4ngi koos koeraga j\u00e4relvalve all, n\u00e4ita talle kuidas m\u00e4ng k\u00e4ib. Suuna koera mis on lubatud ja mis mitte. Katkesta m\u00e4ng kui koer hakkab agressiivselt m\u00e4ngima. Ta \u00f5pib \u00fcsna ruttu mis on lubatud ja mis mitte, et saaks edasi m\u00e4ngida. Piiksu k\u00e4ttesaamine pesukaru k\u00f5hust ei ole otsimis\u00fclesande eesm\u00e4rk.<\/p>\n<ul class=\"descrip-list\">\n<li><strong>l\u00f5bus peida ja otsi m\u00e4ng piiksuvate m\u00e4nguasjadega: <\/strong>Pesukaru peitmine on lihtne moodus koera t\u00e4helepanu k\u00f6ita ja seda pikaks ajaks. T\u00e4ida &#8220;pr\u00fcgikast&#8221; 6 piiksuva m\u00e4nguasjaga , pigista pehmet pr\u00fcgikasti ja lase koeral m\u00e4nguasju otsida.<\/li>\n<li><strong>v\u00e4ljakutsuv ja vastupandamatu: <\/strong>milline v\u00f5imalus sorida pr\u00fcgikastis, leida seal piiksuvad pesukarud, ajaleht, kalakont ja \u00f5unas\u00fcda.<\/li>\n<li><strong>hammastele ja igemetele pehme: <\/strong>T\u00e4idetud pehmed m\u00e4nguasi on \u00f5rn hammastele ja igemetele, mist\u00f5ttu sobib igas eas koerale. M\u00e4ng ei ole n\u00e4rimiseks vaid tuleb julgustada otsima m\u00e4nguasju suurema seest ja kiita koera kui nad need teile k\u00e4tte annavad, et uuesti peita!<\/li>\n<li><strong>m\u00e4ngi turvaliselt:<\/strong>\u00dckski m\u00e4nguasi ei ole purunematu. \u00c4ra j\u00e4ta m\u00e4ngu j\u00e4relvalveta ja m\u00e4ngige koos.<\/li>\n<\/ul>\n<\/div>\n<div class=\"parsed-description\">\n<p>M\u00d5\u00d5DUD: 18 x 32 x 18 cm<\/p>\n<\/div>\n<\/div>\n<\/div>\n<p>&nbsp;<\/p>\n<\/div>\n<\/div>\n<\/div>\n<\/article>\n<\/div>\n<div class=\"parsed-description\">\n<p>&nbsp;<\/p>\n<\/div>\n<\/div>\n<\/div>\n<\/article>\n<p>&nbsp;<\/p>\n<\/div>\n<div><\/div>\n<p>&nbsp;<\/p>","protected":false},"excerpt":{"rendered":"<p>https:\/\/youtu.be\/uojP98b9StU<\/p>\n","protected":false},"featured_media":3834,"comment_status":"open","ping_status":"closed","template":"","meta":[],"product_brand":[],"product_cat":[35,33,39],"product_tag":[],"class_list":{"0":"post-3833","1":"product","2":"type-product","3":"status-publish","4":"has-post-thumbnail","6":"product_cat-muud-tooted","7":"product_cat-ninaottosson","8":"product_cat-sooduspakkumised","10":"first","11":"instock","12":"sale","13":"taxable","14":"shipping-taxable","15":"purchasable","16":"product-type-simple"},"_links":{"self":[{"href":"https:\/\/nina-ottosson.ee\/et\/wp-json\/wp\/v2\/product\/3833","targetHints":{"allow":["GET"]}}],"collection":[{"href":"https:\/\/nina-ottosson.ee\/et\/wp-json\/wp\/v2\/product"}],"about":[{"href":"https:\/\/nina-ottosson.ee\/et\/wp-json\/wp\/v2\/types\/product"}],"replies":[{"embeddable":true,"href":"https:\/\/nina-ottosson.ee\/et\/wp-json\/wp\/v2\/comments?post=3833"}],"wp:featuredmedia":[{"embeddable":true,"href":"https:\/\/nina-ottosson.ee\/et\/wp-json\/wp\/v2\/media\/3834"}],"wp:attachment":[{"href":"https:\/\/nina-ottosson.ee\/et\/wp-json\/wp\/v2\/media?parent=3833"}],"wp:term":[{"taxonomy":"product_brand","embeddable":true,"href":"https:\/\/nina-ottosson.ee\/et\/wp-json\/wp\/v2\/product_brand?post=3833"},{"taxonomy":"product_cat","embeddable":true,"href":"https:\/\/nina-ottosson.ee\/et\/wp-json\/wp\/v2\/product_cat?post=3833"},{"taxonomy":"product_tag","embeddable":true,"href":"https:\/\/nina-ottosson.ee\/et\/wp-json\/wp\/v2\/product_tag?post=3833"}],"curies":[{"name":"wp","href":"https:\/\/api.w.org\/{rel}","templated":true}]}}