{"id":3840,"date":"2023-12-05T10:11:51","date_gmt":"2023-12-05T10:11:51","guid":{"rendered":"https:\/\/nina-ottosson.ee\/?post_type=product&#038;p=3840"},"modified":"2023-12-10T16:36:13","modified_gmt":"2023-12-10T16:36:13","slug":"puppy-lickin-layers","status":"publish","type":"product","link":"https:\/\/nina-ottosson.ee\/et\/tooted\/ninaottosson\/tase2mangud\/puppy-lickin-layers\/","title":{"rendered":"Kutsikate Lickin&#8217; Layer &#8211; pusle ja aeglase s\u00f6\u00f6mise kauss \u00fches"},"content":{"rendered":"<p><\/p>\n<div>\n<p>Kutsikate Lickin&#8217; Layers on v\u00e4iksem versioon Nina Ottossoni m\u00e4ngust Lickin&#8217; Layers, ka v\u00e4rvitoonid on mahedamad. M\u00e4ng sobib nii kutsikatele kui v\u00e4iksemat kasvu koertele.\u00a0 Koer peab keerutama kolme kihti kus on omakorda v\u00e4ikesed lahtrid maiuste v\u00f5i toidu jaoks. Koerte m\u00f5tlemism\u00e4ngud aitavad koeral kasutada nende loomulikke instinkte ja toovad v\u00e4lja nende k\u00e4itumismustrid m\u00f5tlemism\u00e4ngude lahendamisel. M\u00f5tlemis\u00fclesanded aitavad kaasa ajutegevuse arendamisele. M\u00e4ngul on \u00fcle 60 maiuse\/toidu lahtri, hoides koera tegevuses ja h\u00f5ivatud. M\u00e4ngu v\u00f5ib kasutada ka aeglase s\u00f6\u00f6mise kausina, et pikendada s\u00f6\u00f6giaega ja aeglustada s\u00f6\u00f6mistempot. V\u00f5id kasutada ka m\u00e4rgtoiduga (ka k\u00fclmutatult) v\u00f5i isegi jogurtiga. M\u00e4ng on tehtud toidun\u00f5udele sobivast materjalist, BPA, PVC ja ftalaadi vaba. Puhasta sooja vee ja pesuainega peale m\u00e4ngimist.<\/p>\n<ul class=\"descrip-list\">\n<li><strong>3 p\u00f6\u00f6rlevat kihti<\/strong><\/li>\n<li><strong>aeglustab s\u00f6\u00f6mistempot\u00a0<\/strong><\/li>\n<li><strong>lihtne puhastada ja kokku panna\u00a0<\/strong><\/li>\n<li><b>toiduainetele sobivast materjalist<\/b><\/li>\n<li><strong>M\u00e4ngige koos:<\/strong> Nina Ottossoni koera pusled on m\u00f5eldud probleem\u00fclesannete lahendamiseks. M\u00e4ngige koos ja j\u00e4relvalve all. \u00c4ra lase koeral m\u00e4ngu n\u00e4rida. \u00d5peta koerale kuidas m\u00e4ngida ja kiida kui teeb \u00f5igesti ja katkesta m\u00e4ng kui hakkab j\u00f5uliselt m\u00e4ngima, lase rahuneda ning j\u00e4tka m\u00e4ngu. Kui olete l\u00f5petanud pane m\u00e4ng j\u00e4rgmise korrani \u00e4ra.<\/li>\n<\/ul>\n<\/div>\n<div>M\u00e4ngu k\u00e4igus \u00f5pite \u00fcksteist paremini tundma, tugevdate omavahelist sidet ning saate kinnistada esmaseid \u00f5pitud k\u00e4sklusi (istu, v\u00f5ta, oota, koht jne).<\/div>\n<p>M\u00f5\u00f5dud: 6 x 17 x 17 cm<\/p>\n<p>TASE &#8211; 2<\/p>\n<p>(videol suurem versioon m\u00e4ngust)<\/p>\n<p>&nbsp;<\/p>\n<p>&nbsp;<\/p>\n<div class=\"row\" data-test-property=\"Product Copy\">\n<div class=\"medium-8 columns\">\n<div class=\"product-property-value\">\n<div><\/div>\n<\/div>\n<\/div>\n<\/div>\n<div>\n<p>&nbsp;<\/p>\n<\/div>\n<p><\/p>","protected":false},"excerpt":{"rendered":"<p>https:\/\/youtu.be\/9MDX8NYKEsk<\/p>\n","protected":false},"featured_media":3841,"comment_status":"open","ping_status":"closed","template":"","meta":[],"product_brand":[],"product_cat":[33,45],"product_tag":[],"class_list":{"0":"post-3840","1":"product","2":"type-product","3":"status-publish","4":"has-post-thumbnail","6":"product_cat-ninaottosson","7":"product_cat-tase2mangud","9":"first","10":"instock","11":"taxable","12":"shipping-taxable","13":"purchasable","14":"product-type-simple"},"_links":{"self":[{"href":"https:\/\/nina-ottosson.ee\/et\/wp-json\/wp\/v2\/product\/3840","targetHints":{"allow":["GET"]}}],"collection":[{"href":"https:\/\/nina-ottosson.ee\/et\/wp-json\/wp\/v2\/product"}],"about":[{"href":"https:\/\/nina-ottosson.ee\/et\/wp-json\/wp\/v2\/types\/product"}],"replies":[{"embeddable":true,"href":"https:\/\/nina-ottosson.ee\/et\/wp-json\/wp\/v2\/comments?post=3840"}],"wp:featuredmedia":[{"embeddable":true,"href":"https:\/\/nina-ottosson.ee\/et\/wp-json\/wp\/v2\/media\/3841"}],"wp:attachment":[{"href":"https:\/\/nina-ottosson.ee\/et\/wp-json\/wp\/v2\/media?parent=3840"}],"wp:term":[{"taxonomy":"product_brand","embeddable":true,"href":"https:\/\/nina-ottosson.ee\/et\/wp-json\/wp\/v2\/product_brand?post=3840"},{"taxonomy":"product_cat","embeddable":true,"href":"https:\/\/nina-ottosson.ee\/et\/wp-json\/wp\/v2\/product_cat?post=3840"},{"taxonomy":"product_tag","embeddable":true,"href":"https:\/\/nina-ottosson.ee\/et\/wp-json\/wp\/v2\/product_tag?post=3840"}],"curies":[{"name":"wp","href":"https:\/\/api.w.org\/{rel}","templated":true}]}}