{"id":3847,"date":"2023-12-05T10:51:02","date_gmt":"2023-12-05T10:51:02","guid":{"rendered":"https:\/\/nina-ottosson.ee\/?post_type=product&#038;p=3847"},"modified":"2023-12-10T16:35:32","modified_gmt":"2023-12-10T16:35:32","slug":"kassi-lickin-layer-pusle-ja-aeglase-soomise-kauss-uhes","status":"publish","type":"product","link":"https:\/\/nina-ottosson.ee\/et\/tooted\/ninaottosson\/tase2mangud\/kassi-lickin-layer-pusle-ja-aeglase-soomise-kauss-uhes\/","title":{"rendered":"Kasside Lickin&#8217; Layer &#8211; pusle ja aeglase s\u00f6\u00f6mise kauss \u00fches"},"content":{"rendered":"<p><\/p>\n<div>\n<p>Kitty Lickin&#8217; Layers on v\u00e4iksem versioon Nina Ottossoni koerte m\u00e4ngust Lickin&#8217; Layers. Kitty Lickin&#8217; Layers sobib ka v\u00e4iksemat kasvu koerale.<\/p>\n<p><span class=\"_value-text_xztep4\" title=\"The Nina Ottosson by Outward Hound Puppy Lickin' Layers is a Level 2 dog puzzle game and slow feeder in one, designed to challenge your dog's mind while slowing down their eating pace. Dogs have to navigate the three layers of food compartments by spinning each one to reveal the treats. Dog puzzles help pups use their natural instincts and behaviors to help their brains develop through mental stimulation, and ones like Lickin' Layers provide the enrichment they crave! Our dog enrichment toys provide mental and physical exercise, help relieve stress, and reduce boredom for happier, healthier pups. With over 60 treat compartments, this dog puzzle toy will keep dogs busy and engaged. It even has enough space to be used as a slow feeder to lengthen mealtimes and encourage your dog to eat at a slower, healthier pace. Incresae the challenge by freezing peanut butter (xylitol-free), wet dog food, or plain Greek yogurt! Puppy Lickin' Layers is made with food-safe materials free from BPA, PVC, lead, and phthalates.\">M\u00e4ngul on \u00fcle 80 maiuse\/toidu lahtrit mis asuvad kolmel p\u00f6\u00f6rleval kihil. Kass peab keerutama m\u00e4ngu erinevaid kihte, et saada k\u00f5ik maitsvad palad k\u00e4tte.\u00a0<\/span><\/p>\n<p>Pane maiused, kuiv- v\u00f5i m\u00e4rgtoit lahtritesse k\u00f5igile kolmele kihile. N\u00e4ita kassile kuidas m\u00e4ng k\u00e4ib ja julgusta teda otsima. V\u00f5id alustada pealmisest kihist ja hiljem teha m\u00e4ngu keerukamaks. PEA MEELES! kass otsustab ise millal ta seda m\u00e4ngu alustab. N\u00e4ita talle \u00e4ra kuidas asjad k\u00e4ivad ja \u00fchel talle sobival hetkel ta l\u00e4heb ja tegeleb.<\/p>\n<p>Kassil on tugevad instinktid toidu otsimiseks. Nina ja k\u00e4pa kasutamine toidu otsimiseks annab kassile tegevust.<\/p>\n<ul class=\"descrip-list\">\n<li><strong>3 p\u00f6\u00f6rlevat kihti toidu ja maiuste paigutamiseks<\/strong><\/li>\n<li><strong>lihtne puhastada ja kokku panna\u00a0<\/strong>&#8211; keera m\u00e4ng tagurpidi ja v\u00f5ta kihid lahti. Pigista keskel olevaid plastikuid, et vabastada kihid. Sobib n\u00f5udepesumasina \u00fclemisse otsa ja madalal kuumusel.<\/li>\n<li><b>toiduainetele sobivast materjalist<\/b><\/li>\n<\/ul>\n<\/div>\n<p>M\u00f5\u00f5dud: 6 x 17 x 17 cm<\/p>\n<p>TASE &#8211; 2<\/p>\n<p>(videol suurem versioon koerte m\u00e4ngust Lickin&#8217; Layers)<\/p>\n<p>&nbsp;<\/p>\n<p>&nbsp;<\/p>\n<div class=\"row\" data-test-property=\"Product Copy\">\n<div class=\"medium-8 columns\">\n<div class=\"product-property-value\">\n<div><\/div>\n<\/div>\n<\/div>\n<\/div>\n<div>\n<p>&nbsp;<\/p>\n<\/div>\n<p><\/p>","protected":false},"excerpt":{"rendered":"<p>https:\/\/youtu.be\/9MDX8NYKEsk<\/p>\n","protected":false},"featured_media":3848,"comment_status":"open","ping_status":"closed","template":"","meta":[],"product_brand":[],"product_cat":[47,33,45],"product_tag":[],"class_list":{"0":"post-3847","1":"product","2":"type-product","3":"status-publish","4":"has-post-thumbnail","6":"product_cat-kassidele","7":"product_cat-ninaottosson","8":"product_cat-tase2mangud","10":"first","11":"instock","12":"taxable","13":"shipping-taxable","14":"purchasable","15":"product-type-simple"},"_links":{"self":[{"href":"https:\/\/nina-ottosson.ee\/et\/wp-json\/wp\/v2\/product\/3847","targetHints":{"allow":["GET"]}}],"collection":[{"href":"https:\/\/nina-ottosson.ee\/et\/wp-json\/wp\/v2\/product"}],"about":[{"href":"https:\/\/nina-ottosson.ee\/et\/wp-json\/wp\/v2\/types\/product"}],"replies":[{"embeddable":true,"href":"https:\/\/nina-ottosson.ee\/et\/wp-json\/wp\/v2\/comments?post=3847"}],"wp:featuredmedia":[{"embeddable":true,"href":"https:\/\/nina-ottosson.ee\/et\/wp-json\/wp\/v2\/media\/3848"}],"wp:attachment":[{"href":"https:\/\/nina-ottosson.ee\/et\/wp-json\/wp\/v2\/media?parent=3847"}],"wp:term":[{"taxonomy":"product_brand","embeddable":true,"href":"https:\/\/nina-ottosson.ee\/et\/wp-json\/wp\/v2\/product_brand?post=3847"},{"taxonomy":"product_cat","embeddable":true,"href":"https:\/\/nina-ottosson.ee\/et\/wp-json\/wp\/v2\/product_cat?post=3847"},{"taxonomy":"product_tag","embeddable":true,"href":"https:\/\/nina-ottosson.ee\/et\/wp-json\/wp\/v2\/product_tag?post=3847"}],"curies":[{"name":"wp","href":"https:\/\/api.w.org\/{rel}","templated":true}]}}