{"id":3856,"date":"2023-12-05T11:50:39","date_gmt":"2023-12-05T11:50:39","guid":{"rendered":"https:\/\/nina-ottosson.ee\/?post_type=product&#038;p=3856"},"modified":"2023-12-14T11:06:37","modified_gmt":"2023-12-14T11:06:37","slug":"fun-feeder-wobble-slo-bowl-eriti-kiiretele-soojatele","status":"publish","type":"product","link":"https:\/\/nina-ottosson.ee\/et\/tooted\/ninaottosson\/maiusepallid\/fun-feeder-wobble-slo-bowl-eriti-kiiretele-soojatele\/","title":{"rendered":"Fun Feeder Wobble Slo Bowl &#8211; eriti kiiretele s\u00f6\u00f6jatele"},"content":{"rendered":"<p><\/p>\n<div>\n<div class=\"row\" data-test-property=\"Product Copy\">\n<div class=\"medium-8 columns\">\n<div class=\"product-property-value\">\n<div>M\u00f5nele koerale on s\u00f6\u00f6mine nagu v\u00f5istlus. <span class=\"_value-text_xztep4\" title=\"Why do dogs feel like eating is a race? We're not sure, but we solved the problem anyway. The Outward Hound Wobble Slo Bowl combines a wobble bowl with a meal-lengthening slow feeder insert to keep pups engaged for up to 10x longer at chow time. By creating a fun, healthy eating pace, our slow feeders help reduce obesity and bloat and improve your dog's digestion for happier, healthier pups. Our slow feeder dog bowls hold an entire meal, are non-slip to prevent sliding and spillage, and are BPA, PVC, lead, and phthalate free. Go beyond the boring ol' dog bowl, challenge your dog, and make mealtime more fun!\">Outward Hound Wobble Slo Bowl kausi abil saab s\u00f6\u00f6misest natuke rahulikum ettev\u00f5tmine.<\/span><\/div>\n<div id=\"ember1387\" class=\"ember-view\"><span class=\"_value-text_xztep4\" title=\"Why do dogs feel like eating is a race? We're not sure, but we solved the problem anyway. The Outward Hound Wobble Slo Bowl combines a wobble bowl with a meal-lengthening slow feeder insert to keep pups engaged for up to 10x longer at chow time. By creating a fun, healthy eating pace, our slow feeders help reduce obesity and bloat and improve your dog's digestion for happier, healthier pups. Our slow feeder dog bowls hold an entire meal, are non-slip to prevent sliding and spillage, and are BPA, PVC, lead, and phthalate free. Go beyond the boring ol' dog bowl, challenge your dog, and make mealtime more fun!\">K\u00f5ikuv kauss on kombineeritud s\u00f6\u00f6mist aeglustava taldrikuga, mis pikendab s\u00f6\u00f6misaega kuni 10 korda.\u00a0<\/span><\/div>\n<div>Aeglustades s\u00f6\u00f6mistempot v\u00e4hendame toidu ahmimist ja sellega kaasnevaid seedeh\u00e4ireid. Meie koerad on \u00f5nnelikumad ja tervemad. Kaussi mahub terve toidukord ja kausil on mittelibisev p\u00f5hi. Kauss on valmistatud toidun\u00f5udele sobivast materjalist.<\/div>\n<div class=\"ember-view\"><\/div>\n<\/div>\n<\/div>\n<\/div>\n<div class=\"row\" data-test-property=\"Bullet Point 1\">\n<div class=\"medium-8 columns\">\n<div class=\"product-property-value\">\n<ul>\n<li id=\"ember1397\" class=\"ember-view\"><span class=\"_value-text_xztep4\" title=\"Slow feeder dog bowls help slow down eating up to 10X; this SLOWEST level slow feeder is best for very fast eaters\">Aeglase s\u00f6\u00f6mise kauss v\u00e4hendab s\u00f6\u00f6mise kiirust kuni 10 korda. See kauss v\u00f5imaldab v\u00e4ga aeglast s\u00f6\u00f6mist ja on m\u00f5eldud neile kellele s\u00f6\u00f6mine on justkui sprindiv\u00f5istlus.<\/span><\/li>\n<\/ul>\n<\/div>\n<\/div>\n<\/div>\n<div class=\"row\" data-test-property=\"Bullet Point 2\">\n<ul>\n<li class=\"medium-4 columns\">Kauss k\u00f5igub ja keerleb, mis aeglustab s\u00f6\u00f6mist veelgi.<\/li>\n<\/ul>\n<\/div>\n<div class=\"row\" data-test-property=\"Bullet Point 3\">\n<ul>\n<li class=\"medium-4 columns\">Aeglasem s\u00f6\u00f6mine aitab kaasa paremale seedeprotsessile ja aitab v\u00e4ltida \u00fcles\u00f6\u00f6mist mis on kiiresti s\u00f6\u00f6vatel koertel \u00fcsna tavaline probleem.<\/li>\n<\/ul>\n<\/div>\n<div class=\"row\" data-test-property=\"Bullet Point 4\">\n<ul>\n<li class=\"medium-4 columns\">Kaussi mahub kuni 2,5 topsi toitu. J\u00e4lgi enda koerale soovitatud toidu kogust ja kaalu. M\u00f5\u00f5tetopsid on tootjatel erineva suurusega.<\/li>\n<\/ul>\n<\/div>\n<div class=\"row\" data-test-property=\"Bullet Point 5\">\n<ul>\n<li class=\"medium-4 columns\">Mittelibisev p\u00f5hi hoiab kausi paigal.<\/li>\n<\/ul>\n<\/div>\n<div class=\"row\" data-test-property=\"Case Qty Multilingual\"><\/div>\n<div class=\"row\" data-test-property=\"No Packaging Item Dimensions (cm)\">\n<div class=\"medium-4 columns\"><span class=\"product-property-name\"> M\u00d5\u00d5DUD: <\/span>23 x 8 x 23 cm<\/div>\n<\/div>\n<\/div>\n<p>&nbsp;<\/p>","protected":false},"excerpt":{"rendered":"<p>https:\/\/youtu.be\/RoLhl8YoPww<\/p>\n","protected":false},"featured_media":3857,"comment_status":"open","ping_status":"closed","template":"","meta":[],"product_brand":[],"product_cat":[43,33,44],"product_tag":[],"class_list":{"0":"post-3856","1":"product","2":"type-product","3":"status-publish","4":"has-post-thumbnail","6":"product_cat-maiusepallid","7":"product_cat-ninaottosson","8":"product_cat-algajad","10":"first","11":"instock","12":"taxable","13":"shipping-taxable","14":"purchasable","15":"product-type-simple"},"_links":{"self":[{"href":"https:\/\/nina-ottosson.ee\/et\/wp-json\/wp\/v2\/product\/3856","targetHints":{"allow":["GET"]}}],"collection":[{"href":"https:\/\/nina-ottosson.ee\/et\/wp-json\/wp\/v2\/product"}],"about":[{"href":"https:\/\/nina-ottosson.ee\/et\/wp-json\/wp\/v2\/types\/product"}],"replies":[{"embeddable":true,"href":"https:\/\/nina-ottosson.ee\/et\/wp-json\/wp\/v2\/comments?post=3856"}],"wp:featuredmedia":[{"embeddable":true,"href":"https:\/\/nina-ottosson.ee\/et\/wp-json\/wp\/v2\/media\/3857"}],"wp:attachment":[{"href":"https:\/\/nina-ottosson.ee\/et\/wp-json\/wp\/v2\/media?parent=3856"}],"wp:term":[{"taxonomy":"product_brand","embeddable":true,"href":"https:\/\/nina-ottosson.ee\/et\/wp-json\/wp\/v2\/product_brand?post=3856"},{"taxonomy":"product_cat","embeddable":true,"href":"https:\/\/nina-ottosson.ee\/et\/wp-json\/wp\/v2\/product_cat?post=3856"},{"taxonomy":"product_tag","embeddable":true,"href":"https:\/\/nina-ottosson.ee\/et\/wp-json\/wp\/v2\/product_tag?post=3856"}],"curies":[{"name":"wp","href":"https:\/\/api.w.org\/{rel}","templated":true}]}}