{"id":548,"date":"2017-03-27T13:12:12","date_gmt":"2017-03-27T13:12:12","guid":{"rendered":"http:\/\/saunatrip.ee\/veeb\/koer\/?post_type=product&#038;p=548"},"modified":"2023-12-14T11:22:17","modified_gmt":"2023-12-14T11:22:17","slug":"dog-cat-treat-maze","status":"publish","type":"product","link":"https:\/\/nina-ottosson.ee\/et\/tooted\/ninaottosson\/maiusepallid\/dog-cat-treat-maze\/","title":{"rendered":"Dog treat MAZE"},"content":{"rendered":"<p>Dog Treat Maze v\u00f5beleb ja keerleb ringi nii, et maiused keerlevad sees ning seej\u00e4rel kukuvad v\u00e4lja. Ettearvamatu liikumine hoiab m\u00e4nguasja v\u00e4ljakutsuvana. Saab kasutada nii v\u00e4lis- kui sisetingimustes.<\/p>\n<p>Pane maiused ketta peal olevasse auku m\u00e4nguasja keskel m\u00f5lemal poole. Lemmikloom l\u00fckkab nina v\u00f5i k\u00e4paga m\u00e4ngu liikuma ja maiused l\u00e4bivad sisemise lab\u00fcrindi m\u00e4ngu m\u00f5lemal k\u00fcljel ja maiused kukuvad v\u00e4lja l\u00e4bi avauste. Lase lemmikul oma toidu nimel t\u00f6\u00f6d teha ja anna ta eined Treat Maze sees. Sobilik nii kiiretele kui aeglastele s\u00f6\u00f6jatele. Teil on koos l\u00f5bus!<br \/>\n<strong>Oluline<\/strong><br \/>\nOluline on mitte lasta lemmikul m\u00e4nguasja n\u00e4rida ega hammustada.<br \/>\nLase lemmikloomal m\u00e4nguasjaga m\u00e4ngida ainult sinu j\u00e4relevalve all.<br \/>\nPane m\u00e4nguasi p\u00e4rast m\u00e4ngu l\u00f5ppu \u00e4ra.<br \/>\nM\u00e4nguasi on disainitud ainult lemmikloomadele, see ei ole m\u00e4nguasi lastele.<\/p>\n<p>Diameeter 18cm, k\u00f5rgus 6cm, maiuste sisestamise ava 2cm<\/p>","protected":false},"excerpt":{"rendered":"<p>Serveeri koerale v\u00f5i kassile \u00f5htus\u00f6\u00f6k lapikust ja kavalast taldrikust<\/p>\n<p>https:\/\/youtu.be\/B3O0WDkufDU<\/p>\n","protected":false},"featured_media":2151,"comment_status":"open","ping_status":"closed","template":"","meta":[],"product_brand":[],"product_cat":[43,33,45],"product_tag":[],"class_list":{"0":"post-548","1":"product","2":"type-product","3":"status-publish","4":"has-post-thumbnail","6":"product_cat-maiusepallid","7":"product_cat-ninaottosson","8":"product_cat-tase2mangud","10":"first","11":"instock","12":"taxable","13":"shipping-taxable","14":"purchasable","15":"product-type-simple"},"_links":{"self":[{"href":"https:\/\/nina-ottosson.ee\/et\/wp-json\/wp\/v2\/product\/548","targetHints":{"allow":["GET"]}}],"collection":[{"href":"https:\/\/nina-ottosson.ee\/et\/wp-json\/wp\/v2\/product"}],"about":[{"href":"https:\/\/nina-ottosson.ee\/et\/wp-json\/wp\/v2\/types\/product"}],"replies":[{"embeddable":true,"href":"https:\/\/nina-ottosson.ee\/et\/wp-json\/wp\/v2\/comments?post=548"}],"wp:featuredmedia":[{"embeddable":true,"href":"https:\/\/nina-ottosson.ee\/et\/wp-json\/wp\/v2\/media\/2151"}],"wp:attachment":[{"href":"https:\/\/nina-ottosson.ee\/et\/wp-json\/wp\/v2\/media?parent=548"}],"wp:term":[{"taxonomy":"product_brand","embeddable":true,"href":"https:\/\/nina-ottosson.ee\/et\/wp-json\/wp\/v2\/product_brand?post=548"},{"taxonomy":"product_cat","embeddable":true,"href":"https:\/\/nina-ottosson.ee\/et\/wp-json\/wp\/v2\/product_cat?post=548"},{"taxonomy":"product_tag","embeddable":true,"href":"https:\/\/nina-ottosson.ee\/et\/wp-json\/wp\/v2\/product_tag?post=548"}],"curies":[{"name":"wp","href":"https:\/\/api.w.org\/{rel}","templated":true}]}}