{"id":757,"date":"2017-03-28T12:36:19","date_gmt":"2017-03-28T12:36:19","guid":{"rendered":"http:\/\/saunatrip.ee\/veeb\/koer\/?post_type=product&#038;p=757"},"modified":"2026-03-31T12:11:15","modified_gmt":"2026-03-31T12:11:15","slug":"kaelarihm-almond-blossoms-van-gogh","status":"publish","type":"product","link":"https:\/\/nina-ottosson.ee\/et\/tooted\/dutchdog\/kaelarihm-almond-blossoms-van-gogh\/","title":{"rendered":"Kaelarihm &#8211; Almond Blossoms Van Gogh L"},"content":{"rendered":"<p>Mandli\u00f5ied &#8211; kujuta ette uusi algusi, uusi v\u00f5imalusi \u00f5itsemas su ees koos van Gogh\u00b4st inspireeritud n\u00e4gemusega ilusast ja delikaatsest, kuid siiski tugevast mandli\u00f5ie puust.<\/p>\n<p>*taaskasutatud materjalist, m\u00fcrgivaba<\/p>\n<p>*pehme, samas nailoni tugevusega<\/p>\n<p>*ainulaadne disain DutchDog Amsterdam<\/p>\n<p>S &#8211; 25-38cm (laost otsas)<\/p>\n<p>M- pikkus 38-50cm, laius 2,5cm (laost otsas)<\/p>\n<p>L &#8211; pikkus 50-64cm, laius 2,5cm<\/p>","protected":false},"excerpt":{"rendered":"<p> [&hellip;]<\/p>\n","protected":false},"featured_media":759,"comment_status":"open","ping_status":"closed","template":"","meta":[],"product_brand":[],"product_cat":[34],"product_tag":[],"class_list":{"0":"post-757","1":"product","2":"type-product","3":"status-publish","4":"has-post-thumbnail","6":"product_cat-dutchdog","8":"first","9":"instock","10":"taxable","11":"shipping-taxable","12":"purchasable","13":"product-type-simple"},"_links":{"self":[{"href":"https:\/\/nina-ottosson.ee\/et\/wp-json\/wp\/v2\/product\/757","targetHints":{"allow":["GET"]}}],"collection":[{"href":"https:\/\/nina-ottosson.ee\/et\/wp-json\/wp\/v2\/product"}],"about":[{"href":"https:\/\/nina-ottosson.ee\/et\/wp-json\/wp\/v2\/types\/product"}],"replies":[{"embeddable":true,"href":"https:\/\/nina-ottosson.ee\/et\/wp-json\/wp\/v2\/comments?post=757"}],"wp:featuredmedia":[{"embeddable":true,"href":"https:\/\/nina-ottosson.ee\/et\/wp-json\/wp\/v2\/media\/759"}],"wp:attachment":[{"href":"https:\/\/nina-ottosson.ee\/et\/wp-json\/wp\/v2\/media?parent=757"}],"wp:term":[{"taxonomy":"product_brand","embeddable":true,"href":"https:\/\/nina-ottosson.ee\/et\/wp-json\/wp\/v2\/product_brand?post=757"},{"taxonomy":"product_cat","embeddable":true,"href":"https:\/\/nina-ottosson.ee\/et\/wp-json\/wp\/v2\/product_cat?post=757"},{"taxonomy":"product_tag","embeddable":true,"href":"https:\/\/nina-ottosson.ee\/et\/wp-json\/wp\/v2\/product_tag?post=757"}],"curies":[{"name":"wp","href":"https:\/\/api.w.org\/{rel}","templated":true}]}}