{"id":770,"date":"2017-03-28T12:36:19","date_gmt":"2017-03-28T12:36:19","guid":{"rendered":"http:\/\/saunatrip.ee\/veeb\/koer\/?post_type=product&#038;p=770"},"modified":"2021-03-24T11:47:06","modified_gmt":"2021-03-24T11:47:06","slug":"kaelarihm-starry-night-van-gogh","status":"publish","type":"product","link":"https:\/\/nina-ottosson.ee\/et\/tooted\/dutchdog\/kaelarihm-starry-night-van-gogh\/","title":{"rendered":"Kaelarihm &#8211; Starry Night Van Gogh"},"content":{"rendered":"<p>Van Gogh T\u00e4histaevas on loovuse akord, inspireerides kunstis\u00f5pru oma emotsiooni ja elu t\u00e4is eredate v\u00e4rvidega, samas oma austusavaldusega t\u00e4histaeva ilule.<\/p>\n<p>taaskasutatud materjalist, m\u00fcrgivaba<\/p>\n<p>pehme, samas nailoni tugevusega<\/p>\n<p>ainulaadne disain<\/p>\n<p>S &#8211; 25-38cm (otsas)<\/p>\n<p>M- pikkus 38-50cm, laius 2,5cm<\/p>\n<p>L &#8211; pikkus 50-64cm, laius 2,5cm<\/p>","protected":false},"excerpt":{"rendered":"<p> [&hellip;]<\/p>\n","protected":false},"featured_media":774,"comment_status":"open","ping_status":"closed","template":"","meta":[],"product_brand":[],"product_cat":[34],"product_tag":[],"class_list":{"0":"post-770","1":"product","2":"type-product","3":"status-publish","4":"has-post-thumbnail","6":"product_cat-dutchdog","8":"first","9":"instock","10":"taxable","11":"shipping-taxable","12":"purchasable","13":"product-type-variable"},"_links":{"self":[{"href":"https:\/\/nina-ottosson.ee\/et\/wp-json\/wp\/v2\/product\/770","targetHints":{"allow":["GET"]}}],"collection":[{"href":"https:\/\/nina-ottosson.ee\/et\/wp-json\/wp\/v2\/product"}],"about":[{"href":"https:\/\/nina-ottosson.ee\/et\/wp-json\/wp\/v2\/types\/product"}],"replies":[{"embeddable":true,"href":"https:\/\/nina-ottosson.ee\/et\/wp-json\/wp\/v2\/comments?post=770"}],"wp:featuredmedia":[{"embeddable":true,"href":"https:\/\/nina-ottosson.ee\/et\/wp-json\/wp\/v2\/media\/774"}],"wp:attachment":[{"href":"https:\/\/nina-ottosson.ee\/et\/wp-json\/wp\/v2\/media?parent=770"}],"wp:term":[{"taxonomy":"product_brand","embeddable":true,"href":"https:\/\/nina-ottosson.ee\/et\/wp-json\/wp\/v2\/product_brand?post=770"},{"taxonomy":"product_cat","embeddable":true,"href":"https:\/\/nina-ottosson.ee\/et\/wp-json\/wp\/v2\/product_cat?post=770"},{"taxonomy":"product_tag","embeddable":true,"href":"https:\/\/nina-ottosson.ee\/et\/wp-json\/wp\/v2\/product_tag?post=770"}],"curies":[{"name":"wp","href":"https:\/\/api.w.org\/{rel}","templated":true}]}}