{"id":780,"date":"2017-03-28T12:36:19","date_gmt":"2017-03-28T12:36:19","guid":{"rendered":"http:\/\/saunatrip.ee\/veeb\/koer\/?post_type=product&#038;p=780"},"modified":"2021-03-24T11:49:16","modified_gmt":"2021-03-24T11:49:16","slug":"kaelarihm-mondrian","status":"publish","type":"product","link":"https:\/\/nina-ottosson.ee\/et\/tooted\/dutchdog\/kaelarihm-mondrian\/","title":{"rendered":"Kaelarihm &#8211; Mondrian"},"content":{"rendered":"<p>Mondriani karget, puhast geomeetrilist kunsti v\u00f5ib n\u00e4ha kui vaba m\u00f5tlemist, inpireerides edasist kunsti- ja eneseavastamist, et leida puhtaid m\u00f5tteid elus ja kunstis.<\/p>\n<p>taaskasutatud materjalist, m\u00fcrgivaba<\/p>\n<p>pehme, samas nailoni tugevusega<\/p>\n<p>ainulaadne disain<\/p>\n<p>S &#8211; 25-38cm (ei ole enam saadaval)<\/p>\n<p>M- pikkus 38-50cm, laius 2,5cm<\/p>\n<p>L &#8211; pikkus 50-64cm, laius 2,5cm<\/p>","protected":false},"excerpt":{"rendered":"<p> [&hellip;]<\/p>\n","protected":false},"featured_media":784,"comment_status":"open","ping_status":"closed","template":"","meta":[],"product_brand":[],"product_cat":[34],"product_tag":[],"class_list":{"0":"post-780","1":"product","2":"type-product","3":"status-publish","4":"has-post-thumbnail","6":"product_cat-dutchdog","8":"first","9":"instock","10":"taxable","11":"shipping-taxable","12":"purchasable","13":"product-type-variable"},"_links":{"self":[{"href":"https:\/\/nina-ottosson.ee\/et\/wp-json\/wp\/v2\/product\/780","targetHints":{"allow":["GET"]}}],"collection":[{"href":"https:\/\/nina-ottosson.ee\/et\/wp-json\/wp\/v2\/product"}],"about":[{"href":"https:\/\/nina-ottosson.ee\/et\/wp-json\/wp\/v2\/types\/product"}],"replies":[{"embeddable":true,"href":"https:\/\/nina-ottosson.ee\/et\/wp-json\/wp\/v2\/comments?post=780"}],"wp:featuredmedia":[{"embeddable":true,"href":"https:\/\/nina-ottosson.ee\/et\/wp-json\/wp\/v2\/media\/784"}],"wp:attachment":[{"href":"https:\/\/nina-ottosson.ee\/et\/wp-json\/wp\/v2\/media?parent=780"}],"wp:term":[{"taxonomy":"product_brand","embeddable":true,"href":"https:\/\/nina-ottosson.ee\/et\/wp-json\/wp\/v2\/product_brand?post=780"},{"taxonomy":"product_cat","embeddable":true,"href":"https:\/\/nina-ottosson.ee\/et\/wp-json\/wp\/v2\/product_cat?post=780"},{"taxonomy":"product_tag","embeddable":true,"href":"https:\/\/nina-ottosson.ee\/et\/wp-json\/wp\/v2\/product_tag?post=780"}],"curies":[{"name":"wp","href":"https:\/\/api.w.org\/{rel}","templated":true}]}}