{"id":800,"date":"2017-03-28T12:36:19","date_gmt":"2017-03-28T12:36:19","guid":{"rendered":"http:\/\/saunatrip.ee\/veeb\/koer\/?post_type=product&#038;p=800"},"modified":"2021-04-15T07:11:20","modified_gmt":"2021-04-15T07:11:20","slug":"kaelarihm-irises-van-gogh","status":"publish","type":"product","link":"https:\/\/nina-ottosson.ee\/et\/tooted\/dutchdog\/kaelarihm-irises-van-gogh\/","title":{"rendered":"Kaelarihm &#8211; Irises Van Gogh"},"content":{"rendered":"<p>Kujuta ennast kohta kus \u00f5hk ja elu on t\u00e4is Van Gogh iiriseid \u00a0mis h\u00f5ljuvad tuules, lastes tuulehoogudel viia aromaatseid l\u00f5hnu k\u00f5igi \u00fcmbritsevate ninna.<\/p>\n<p>taaskasutatud materjalist, m\u00fcrgivaba<\/p>\n<p>pehme, samas nailoni tugevusega<\/p>\n<p>ainulaadne disain<\/p>\n<p>S &#8211; pikkus 25-38cm, laius 1,5cm<\/p>\n<p>M- pikkus 38-50cm, laius 2,5cm<\/p>\n<p>L &#8211; pikkus 50-64cm, laius 2,5cm LAOST OTSAS<\/p>","protected":false},"excerpt":{"rendered":"<p> [&hellip;]<\/p>\n","protected":false},"featured_media":804,"comment_status":"open","ping_status":"closed","template":"","meta":[],"product_brand":[],"product_cat":[34],"product_tag":[],"class_list":{"0":"post-800","1":"product","2":"type-product","3":"status-publish","4":"has-post-thumbnail","6":"product_cat-dutchdog","8":"first","9":"instock","10":"taxable","11":"shipping-taxable","12":"purchasable","13":"product-type-variable"},"_links":{"self":[{"href":"https:\/\/nina-ottosson.ee\/et\/wp-json\/wp\/v2\/product\/800","targetHints":{"allow":["GET"]}}],"collection":[{"href":"https:\/\/nina-ottosson.ee\/et\/wp-json\/wp\/v2\/product"}],"about":[{"href":"https:\/\/nina-ottosson.ee\/et\/wp-json\/wp\/v2\/types\/product"}],"replies":[{"embeddable":true,"href":"https:\/\/nina-ottosson.ee\/et\/wp-json\/wp\/v2\/comments?post=800"}],"wp:featuredmedia":[{"embeddable":true,"href":"https:\/\/nina-ottosson.ee\/et\/wp-json\/wp\/v2\/media\/804"}],"wp:attachment":[{"href":"https:\/\/nina-ottosson.ee\/et\/wp-json\/wp\/v2\/media?parent=800"}],"wp:term":[{"taxonomy":"product_brand","embeddable":true,"href":"https:\/\/nina-ottosson.ee\/et\/wp-json\/wp\/v2\/product_brand?post=800"},{"taxonomy":"product_cat","embeddable":true,"href":"https:\/\/nina-ottosson.ee\/et\/wp-json\/wp\/v2\/product_cat?post=800"},{"taxonomy":"product_tag","embeddable":true,"href":"https:\/\/nina-ottosson.ee\/et\/wp-json\/wp\/v2\/product_tag?post=800"}],"curies":[{"name":"wp","href":"https:\/\/api.w.org\/{rel}","templated":true}]}}